{"id":147259,"date":"2021-01-15T10:54:56","date_gmt":"2021-01-15T10:54:56","guid":{"rendered":"https:\/\/codengine3.ch\/?product=import-placeholder-for-206788"},"modified":"2021-01-15T14:52:00","modified_gmt":"2021-01-15T14:52:00","slug":"alpencross-west-suedalpen","status":"publish","type":"product","link":"https:\/\/pizbube.ch\/en\/shop\/alpencross-west-suedalpen\/","title":{"rendered":"Alpencross West-\/S\u00fcdalpen"},"content":{"rendered":"<p>Mit dem Mountainbike \u00fcber die Alpen  <\/p>\n<p>Alpen\u00fcberquerungen mit dem Mountainbike geh\u00f6ren f\u00fcr Achim Zahn zu den<br \/>\nsch\u00f6nsten Dingen im Leben. Seit Jahren bietet er gef\u00fchrte Touren an. F\u00fcr die<br \/>\nstetig wachsende Zahl seiner &#8218;Nach-Fahrer&#8216; hat Zahn nun die 16 besten Routen<br \/>\nin den West- und S\u00fcdalpen ganz neu mit dem GPS-Ger\u00e4t recherchiert.  <\/p>\n<p>Die Strecke vom Genfer See zum Mittelmeer gilt unter Mountainbikern als der<br \/>\nKlassiker. In den West- und S\u00fcdalpen gibt es aber viel mehr zu entdecken.<br \/>\nWundersch\u00f6ne Touren im Piemont etwa, im Wallis oder am Mont Blanc.  <\/p>\n<p>Mit dem bew\u00e4hrten Alpencross-Baukastensystem lassen sich beliebig viele<br \/>\nindividuelle Routen zusammenstellen. Dazu gibt Zahn die wichtigsten<br \/>\nTourendaten: Schwierigkeitsgrad, Charakteristik, Streckeninfo &#8211; ebenfalls auf<br \/>\nder beiliegenden CD downloadbar.  <\/p>","protected":false},"excerpt":{"rendered":"<ul>\n<li><b>INFO: Vergriffen, keine Neuauflage\/Nachdruck<b><\/li>\n<\/ul>","protected":false},"featured_media":36121,"template":"","meta":[],"product_brand":[],"product_cat":[21606],"product_tag":[],"class_list":{"0":"post-147259","1":"product","2":"type-product","3":"status-publish","4":"has-post-thumbnail","6":"product_cat-mountainbikefuehrer","7":"pa_autor-zahn","8":"pa_erscheinungsjahr-21621","9":"pa_region-italien","10":"pa_sprache-de","12":"first","13":"outofstock","14":"taxable","15":"shipping-taxable","16":"purchasable","17":"product-type-simple"},"_links":{"self":[{"href":"https:\/\/pizbube.ch\/en\/wp-json\/wp\/v2\/product\/147259","targetHints":{"allow":["GET"]}}],"collection":[{"href":"https:\/\/pizbube.ch\/en\/wp-json\/wp\/v2\/product"}],"about":[{"href":"https:\/\/pizbube.ch\/en\/wp-json\/wp\/v2\/types\/product"}],"wp:featuredmedia":[{"embeddable":true,"href":"https:\/\/pizbube.ch\/en\/wp-json\/wp\/v2\/media\/36121"}],"wp:attachment":[{"href":"https:\/\/pizbube.ch\/en\/wp-json\/wp\/v2\/media?parent=147259"}],"wp:term":[{"taxonomy":"product_brand","embeddable":true,"href":"https:\/\/pizbube.ch\/en\/wp-json\/wp\/v2\/product_brand?post=147259"},{"taxonomy":"product_cat","embeddable":true,"href":"https:\/\/pizbube.ch\/en\/wp-json\/wp\/v2\/product_cat?post=147259"},{"taxonomy":"product_tag","embeddable":true,"href":"https:\/\/pizbube.ch\/en\/wp-json\/wp\/v2\/product_tag?post=147259"}],"curies":[{"name":"wp","href":"https:\/\/api.w.org\/{rel}","templated":true}]}}