{"id":147260,"date":"2021-01-15T10:54:56","date_gmt":"2021-01-15T10:54:56","guid":{"rendered":"https:\/\/codengine3.ch\/?product=import-placeholder-for-200367"},"modified":"2021-01-15T10:56:56","modified_gmt":"2021-01-15T10:56:56","slug":"offizielle-e-bike-touren-im-vinschgau","status":"publish","type":"product","link":"https:\/\/pizbube.ch\/en\/shop\/offizielle-e-bike-touren-im-vinschgau\/","title":{"rendered":"Offizielle E-Bike-Touren im Vinschgau"},"content":{"rendered":"<p>\n30 einfache E-Bike-Touren mit Kultur- und Genusshighlights<\/p>\n<p>Die ersten offiziellen 30 E-Bike-Touren im Vinschgau! Einfache E-Bike-Touren<br \/>\nf\u00fcr jedermann mit Kultur- (Kirchen, Kl\u00f6ster, Ruinen, Schl\u00f6sser) und<br \/>\nGenusshighlights (Almen, Einkehren, Hotels)! Jede Tour ist mit einem<br \/>\ntopografischen Kartenausschnitt versehen sowie mit einem H\u00f6henprofil. In der<br \/>\ndetaillierten Beschreibung finden Sie die wichtigsten Wegpunkte f\u00fcr die<br \/>\nOrientierung.<\/p>\n<p>Selbstverst\u00e4ndlich d\u00fcrfen die technischen Details wie Start\/Ziel\/H\u00f6chster<br \/>\nPunkt\/Streckenl\u00e4nge, H\u00f6henmeter, Schwierigkeit, Akku-Bedarf und ben\u00f6tigte<br \/>\nKondition nicht fehlen. Zu jeder Tour gibt es Empfehlungen zu optionalen<br \/>\nKulturhighlights, wenn man noch etwas besichtigten m\u00f6chte. Tipps f\u00fcr das<br \/>\nleibliche Wohl runden die jeweilige Tour ab.<\/p>\n<p>Kartonierter Einband, 139 Seiten  <\/p>","protected":false},"excerpt":{"rendered":"<p>30 einfache E-Bike-Touren mit Kultur- und Genusshighlights Die ersten offiziellen 30 E-Bike-Touren im Vinschgau! Einfache E-Bike-Touren f\u00fcr jedermann mit Kultur- (Kirchen, Kl\u00f6ster, Ruinen, Schl\u00f6sser) und Genusshighlights (Almen, Einkehren, Hotels)! Jede Tour ist mit einem topografischen Kartenausschnitt versehen sowie mit einem H\u00f6henprofil. In der detaillierten Beschreibung finden Sie die wichtigsten Wegpunkte f\u00fcr die Orientierung. Selbstverst\u00e4ndlich d\u00fcrfen [&#8230;]\n","protected":false},"featured_media":26716,"template":"","meta":[],"product_brand":[],"product_cat":[21606],"product_tag":[],"class_list":{"0":"post-147260","1":"product","2":"type-product","3":"status-publish","4":"has-post-thumbnail","6":"product_cat-mountainbikefuehrer","7":"pa_autor-silbernagl-avi","8":"pa_erscheinungsjahr-21558","9":"pa_region-italien","10":"pa_sprache-de","12":"first","13":"instock","14":"taxable","15":"shipping-taxable","16":"purchasable","17":"product-type-simple"},"_links":{"self":[{"href":"https:\/\/pizbube.ch\/en\/wp-json\/wp\/v2\/product\/147260","targetHints":{"allow":["GET"]}}],"collection":[{"href":"https:\/\/pizbube.ch\/en\/wp-json\/wp\/v2\/product"}],"about":[{"href":"https:\/\/pizbube.ch\/en\/wp-json\/wp\/v2\/types\/product"}],"wp:featuredmedia":[{"embeddable":true,"href":"https:\/\/pizbube.ch\/en\/wp-json\/wp\/v2\/media\/26716"}],"wp:attachment":[{"href":"https:\/\/pizbube.ch\/en\/wp-json\/wp\/v2\/media?parent=147260"}],"wp:term":[{"taxonomy":"product_brand","embeddable":true,"href":"https:\/\/pizbube.ch\/en\/wp-json\/wp\/v2\/product_brand?post=147260"},{"taxonomy":"product_cat","embeddable":true,"href":"https:\/\/pizbube.ch\/en\/wp-json\/wp\/v2\/product_cat?post=147260"},{"taxonomy":"product_tag","embeddable":true,"href":"https:\/\/pizbube.ch\/en\/wp-json\/wp\/v2\/product_tag?post=147260"}],"curies":[{"name":"wp","href":"https:\/\/api.w.org\/{rel}","templated":true}]}}