{"id":147261,"date":"2021-01-15T10:55:02","date_gmt":"2021-01-15T10:55:02","guid":{"rendered":"https:\/\/codengine3.ch\/?product=import-placeholder-for-206088"},"modified":"2021-01-15T14:46:16","modified_gmt":"2021-01-15T14:46:16","slug":"escalades-en-ariege-pyrenees-autour-de-bedeilhac","status":"publish","type":"product","link":"https:\/\/pizbube.ch\/en\/shop\/escalades-en-ariege-pyrenees-autour-de-bedeilhac\/","title":{"rendered":"Escalades en Ari\u00e8ge-Pyr\u00e9n\u00e9es: Autour de B\u00e9deilhac"},"content":{"rendered":"<p>Escalade autour de B\u00e9deilhac: Calam\u00e8s &#8211; Roc \u00e0 Steph &#8211; Roche Ronde &#8211; Roc de<br \/>\nS\u00e9dour &#8211; 350 voies de 3c \u00e0 8 et de 10 \u00e0 250mc. Avec les plans, photos, astuces<br \/>\nsur l\u2019acc\u00e8s et les voies.  <\/p>\n<p>Le nouveau topo d&#8217;escalade de Bedeilhac (Calam\u00e9s et autres secteurs) en ari\u00e9ge<br \/>\ndans les pyr\u00e9n\u00e9es pr\u00e9sente quatre secteurs :<br \/>\n&#8211; Calam\u00e9s: 219 voies du 3c au 8b+ sur des hauteurs de 10 \u00e0 250 m\u00e9tres.<br \/>\n&#8211; Le roc \u00e0 Steph: 36 voies du 5a au 8a sur des hauteurs de 12 \u00e0 30 m\u00e9tres<br \/>\n&#8211; La roche ronde: 37 voies du 4 au 8b sur des hauteurs de 20 \u00e0 120 m\u00e9tres<br \/>\n&#8211; Le roc de sedour 64 voies du 5c+ au 8c sur des hauteurs de 10 \u00e0 2200 m\u00e9tres  <\/p>\n<p>B\u00e9deilhac est un petit village de l&#8217;arri\u00e9ge, entour\u00e9 de rochers, un lieu tr\u00e9s<br \/>\nagr\u00e9able dans un cadre de toute beaut\u00e9 dans les montagnes des pyr\u00e9n\u00e9es.<br \/>\nChacun trouvera son bonheur sur les diff\u00e9rents sites de B\u00e9deilhac. Des<br \/>\nsecteurs d&#8217;initiations aux grandes voies, en passant par la haute difficult\u00e9,<br \/>\ndu grimpeur (d\u00e9butant ou confirm\u00e9) \u00e0 l&#8217;alpiniste, chacun pourra y trouver son<br \/>\nbonheur.<\/p>","protected":false},"excerpt":{"rendered":"<p>Escalade autour de B\u00e9deilhac: Calam\u00e8s &#8211; Roc \u00e0 Steph &#8211; Roche Ronde &#8211; Roc de S\u00e9dour &#8211; 350 voies de 3c \u00e0 8 et de 10 \u00e0 250mc. Avec les plans, photos, astuces sur l\u2019acc\u00e8s et les voies. Le nouveau topo d&#8217;escalade de Bedeilhac (Calam\u00e9s et autres secteurs) en ari\u00e9ge dans les pyr\u00e9n\u00e9es pr\u00e9sente quatre [&#8230;]\n","protected":false},"featured_media":34997,"template":"","meta":[],"product_brand":[],"product_cat":[21539],"product_tag":[],"class_list":{"0":"post-147261","1":"product","2":"type-product","3":"status-publish","4":"has-post-thumbnail","6":"product_cat-fuehrerliteratur-sportklettern-bouldern","7":"pa_autor-achard","8":"pa_erscheinungsjahr-21591","9":"pa_region-frankreich","10":"pa_sprache-fr","12":"first","13":"instock","14":"taxable","15":"shipping-taxable","16":"purchasable","17":"product-type-simple"},"_links":{"self":[{"href":"https:\/\/pizbube.ch\/en\/wp-json\/wp\/v2\/product\/147261","targetHints":{"allow":["GET"]}}],"collection":[{"href":"https:\/\/pizbube.ch\/en\/wp-json\/wp\/v2\/product"}],"about":[{"href":"https:\/\/pizbube.ch\/en\/wp-json\/wp\/v2\/types\/product"}],"wp:featuredmedia":[{"embeddable":true,"href":"https:\/\/pizbube.ch\/en\/wp-json\/wp\/v2\/media\/34997"}],"wp:attachment":[{"href":"https:\/\/pizbube.ch\/en\/wp-json\/wp\/v2\/media?parent=147261"}],"wp:term":[{"taxonomy":"product_brand","embeddable":true,"href":"https:\/\/pizbube.ch\/en\/wp-json\/wp\/v2\/product_brand?post=147261"},{"taxonomy":"product_cat","embeddable":true,"href":"https:\/\/pizbube.ch\/en\/wp-json\/wp\/v2\/product_cat?post=147261"},{"taxonomy":"product_tag","embeddable":true,"href":"https:\/\/pizbube.ch\/en\/wp-json\/wp\/v2\/product_tag?post=147261"}],"curies":[{"name":"wp","href":"https:\/\/api.w.org\/{rel}","templated":true}]}}