{"id":147267,"date":"2021-01-15T10:55:02","date_gmt":"2021-01-15T10:55:02","guid":{"rendered":"https:\/\/codengine3.ch\/?product=import-placeholder-for-203975"},"modified":"2021-01-15T14:28:28","modified_gmt":"2021-01-15T14:28:28","slug":"nepal-langtang-gosainkund-helambu-tamang-heritage-trail","status":"publish","type":"product","link":"https:\/\/pizbube.ch\/en\/shop\/nepal-langtang-gosainkund-helambu-tamang-heritage-trail\/","title":{"rendered":"Nepal: Langtang, Gosainkund, Helambu &#038; Tamang Heritage Trail"},"content":{"rendered":"<p>Das Trekking in Helambu, Gosainkund und Langtang entf\u00fchrt Sie in eine<br \/>\nLandschaft, die zwar nicht am Fu\u00df eines Achttausenders liegt, aber dem<br \/>\nEverest- oder Annapurna-Gebiet in nichts nachsteht. Wanderstrecken im Schatten<br \/>\nvon Baumriesen wechseln sich ab mit atemberaubenden Ausblicken auf die<br \/>\nSchneegipfel und Hocht\u00e4ler gleich an der tibetischen Grenze, wo ein<br \/>\nSiebentausender, der Langtang Lirung, die Szenerie beherrscht. Im oberen<br \/>\nLangtang-Tal, bei schon recht d\u00fcnner Luft, werden Sie seine Gletscher<br \/>\nerreichen.<\/p>\n<p>Die N\u00e4he zu Tibet macht sich auch kulturell bemerkbar, geh\u00f6ren doch die<br \/>\nBewohner der Region dem Lamaismus, der tibetischen Form des Buddhismus an.<br \/>\nNeben den Tamang und Tibetern lebt hier auch das Volk der Sherpas, deren<br \/>\nAngeh\u00f6rige mit vielen legend\u00e4ren Gipfelexpeditionen in Zusammenhang gebracht<br \/>\nwerden. Die Wanderungen verlaufen auf den alten Verbindungswegen zwischen den<br \/>\nSiedlungen bzw. Hochalmen sowie auf alten Pilgerpfaden, und so haben Sie immer<br \/>\nwieder die M\u00f6glichkeit, einen Einblick in den nepalesischen Hochgebirgsalltag<br \/>\nzu bekommen. Ein H\u00f6hepunkt im besten Wortsinn ist die \u00dcberquerung des \u00fcber<br \/>\n4.600 m hohen Laurebina La.<\/p>\n<p>2. \u00fcberarbeit. Auflg. 2016: 192 Seiten, 24 Karten, 65 farbige Abbildungen, 37<br \/>\nfarbige H\u00f6henprofile<\/p>","protected":false},"excerpt":{"rendered":"<p>Das Trekking in Helambu, Gosainkund und Langtang entf\u00fchrt Sie in eine Landschaft, die zwar nicht am Fu\u00df eines Achttausenders liegt, aber dem Everest- oder Annapurna-Gebiet in nichts nachsteht. Wanderstrecken im Schatten von Baumriesen wechseln sich ab mit atemberaubenden Ausblicken auf die Schneegipfel und Hocht\u00e4ler gleich an der tibetischen Grenze, wo ein Siebentausender, der Langtang Lirung, [&#8230;]\n","protected":false},"featured_media":38909,"template":"","meta":[],"product_brand":[],"product_cat":[21605],"product_tag":[],"class_list":{"0":"post-147267","1":"product","2":"type-product","3":"status-publish","4":"has-post-thumbnail","6":"product_cat-wanderfuehrer-trekking","7":"pa_autor-tschersich-streck","8":"pa_erscheinungsjahr-21571","9":"pa_region-asien","10":"pa_sprache-de","12":"first","13":"instock","14":"taxable","15":"shipping-taxable","16":"purchasable","17":"product-type-simple"},"_links":{"self":[{"href":"https:\/\/pizbube.ch\/en\/wp-json\/wp\/v2\/product\/147267","targetHints":{"allow":["GET"]}}],"collection":[{"href":"https:\/\/pizbube.ch\/en\/wp-json\/wp\/v2\/product"}],"about":[{"href":"https:\/\/pizbube.ch\/en\/wp-json\/wp\/v2\/types\/product"}],"wp:featuredmedia":[{"embeddable":true,"href":"https:\/\/pizbube.ch\/en\/wp-json\/wp\/v2\/media\/38909"}],"wp:attachment":[{"href":"https:\/\/pizbube.ch\/en\/wp-json\/wp\/v2\/media?parent=147267"}],"wp:term":[{"taxonomy":"product_brand","embeddable":true,"href":"https:\/\/pizbube.ch\/en\/wp-json\/wp\/v2\/product_brand?post=147267"},{"taxonomy":"product_cat","embeddable":true,"href":"https:\/\/pizbube.ch\/en\/wp-json\/wp\/v2\/product_cat?post=147267"},{"taxonomy":"product_tag","embeddable":true,"href":"https:\/\/pizbube.ch\/en\/wp-json\/wp\/v2\/product_tag?post=147267"}],"curies":[{"name":"wp","href":"https:\/\/api.w.org\/{rel}","templated":true}]}}