{"id":147271,"date":"2021-01-15T10:55:02","date_gmt":"2021-01-15T10:55:02","guid":{"rendered":"https:\/\/codengine3.ch\/?product=import-placeholder-for-206270"},"modified":"2021-01-15T14:47:42","modified_gmt":"2021-01-15T14:47:42","slug":"voegel-der-alpen-der-bestimmungsfuehrer-fuer-alle-arten","status":"publish","type":"product","link":"https:\/\/pizbube.ch\/en\/shop\/voegel-der-alpen-der-bestimmungsfuehrer-fuer-alle-arten\/","title":{"rendered":"V\u00f6gel der Alpen &#8211; Der Bestimmungsf\u00fchrer f\u00fcr alle Arten"},"content":{"rendered":"<p>So vielf\u00e4ltig wie die alpinen Lebensr\u00e4ume, so einzigartig ist auch die<br \/>\nVogelwelt der Alpen mit ihrem Reichtum an Arten, Farben und Formen.  <\/p>\n<p>V\u00f6gel der Alpen portr\u00e4tiert mit sch\u00f6nen Fotos und informativen Texten die 130<br \/>\nVogelarten des Alpenbogens. Mehrere Fotos von jeder Art verdeutlichen die<br \/>\ncharakteristischen Merkmale, Landschaftsbilder und Grafiken vermitteln<br \/>\nInformationen zum typischen Lebensraum, zu Ern\u00e4hrung, Fortpflanzung,<br \/>\nZugverhalten und Verbreitung in den Alpen.  <\/p>\n<p>Damit ist das Buch ein umfassender und detaillierter Bestimmungsf\u00fchrer &#8211; nicht<br \/>\nnur f\u00fcr bereits erfahrene Vogelliebhaber, sondern auch f\u00fcr Wanderer und<br \/>\nBergsteiger, die sich mit den gefiederten Bewohnern des Lebensraums Alpen<br \/>\nvertraut machen wollen.  <\/p>","protected":false},"excerpt":{"rendered":"<p>So vielf\u00e4ltig wie die alpinen Lebensr\u00e4ume, so einzigartig ist auch die Vogelwelt der Alpen mit ihrem Reichtum an Arten, Farben und Formen. V\u00f6gel der Alpen portr\u00e4tiert mit sch\u00f6nen Fotos und informativen Texten die 130 Vogelarten des Alpenbogens. Mehrere Fotos von jeder Art verdeutlichen die charakteristischen Merkmale, Landschaftsbilder und Grafiken vermitteln Informationen zum typischen Lebensraum, zu [&#8230;]\n","protected":false},"featured_media":35254,"template":"","meta":[],"product_brand":[],"product_cat":[21538],"product_tag":[],"class_list":{"0":"post-147271","1":"product","2":"type-product","3":"status-publish","4":"has-post-thumbnail","6":"product_cat-lehrbuecher","7":"pa_autor-caula","8":"pa_erscheinungsjahr-21830","9":"pa_region-fauna-flora-geologie-glaziologie","10":"pa_sprache-de","12":"first","13":"instock","14":"taxable","15":"shipping-taxable","16":"purchasable","17":"product-type-simple"},"_links":{"self":[{"href":"https:\/\/pizbube.ch\/en\/wp-json\/wp\/v2\/product\/147271","targetHints":{"allow":["GET"]}}],"collection":[{"href":"https:\/\/pizbube.ch\/en\/wp-json\/wp\/v2\/product"}],"about":[{"href":"https:\/\/pizbube.ch\/en\/wp-json\/wp\/v2\/types\/product"}],"wp:featuredmedia":[{"embeddable":true,"href":"https:\/\/pizbube.ch\/en\/wp-json\/wp\/v2\/media\/35254"}],"wp:attachment":[{"href":"https:\/\/pizbube.ch\/en\/wp-json\/wp\/v2\/media?parent=147271"}],"wp:term":[{"taxonomy":"product_brand","embeddable":true,"href":"https:\/\/pizbube.ch\/en\/wp-json\/wp\/v2\/product_brand?post=147271"},{"taxonomy":"product_cat","embeddable":true,"href":"https:\/\/pizbube.ch\/en\/wp-json\/wp\/v2\/product_cat?post=147271"},{"taxonomy":"product_tag","embeddable":true,"href":"https:\/\/pizbube.ch\/en\/wp-json\/wp\/v2\/product_tag?post=147271"}],"curies":[{"name":"wp","href":"https:\/\/api.w.org\/{rel}","templated":true}]}}