{"id":147272,"date":"2021-01-15T10:55:02","date_gmt":"2021-01-15T10:55:02","guid":{"rendered":"https:\/\/codengine3.ch\/?product=import-placeholder-for-208424"},"modified":"2021-01-15T17:53:53","modified_gmt":"2021-01-15T17:53:53","slug":"nepal-menschen-und-landschaften-am-great-himalaya-trail","status":"publish","type":"product","link":"https:\/\/pizbube.ch\/en\/shop\/nepal-menschen-und-landschaften-am-great-himalaya-trail\/","title":{"rendered":"Nepal &#8211; Menschen und Landschaften am Great Himalaya Trail"},"content":{"rendered":"<p>Nepal in seiner ganzen Faszination erleben: ein Bildband zum Schauen, Staunen<br \/>\nund Verwirklichen von Reisetr\u00e4umen<\/p>\n<p>Das Projekt Great Himalaya Trail (GHT) wurde vor etwa 15 Jahren ins Leben<br \/>\ngerufen, um die bekannten Hauptwanderrouten Nepals miteinander zu verbinden<br \/>\nund so auch entlegenere, bisher wenig besuchte Regionen an einer bescheidenen<br \/>\nwirtschaftlichen Entwicklung teilhaben zu lassen. Insgesamt ist dieses<br \/>\nWegenetz etwa 1600 Kilometer lang und f\u00fchrt entlang der h\u00f6chsten Berge des<br \/>\nHimalaya. Dabei gibt es jedoch keinen festgeschriebenen Wegverlauf, sondern<br \/>\nvielerlei M\u00f6glichkeiten, bestehende Routen und \u00dcberg\u00e4nge individuell zu<br \/>\nkombinieren. Fest steht, dass der Great Himalaya Trail die gro\u00dfartigste<br \/>\nM\u00f6glichkeit ist, Nepal in seiner ganzen Sch\u00f6nheit und Vielfalt zu erleben.<\/p>\n<p>Fest steht auch, dass es au\u00dfer einem sehr pers\u00f6nlich gehaltenen Reisebericht<br \/>\nim Eigenverlag und englischsprachigen Guidebooks derzeit keine<br \/>\ndeutschsprachige Publikation gibt, die sich dem GHT widmet.  <\/p>\n<p>Diese L\u00fccke schlie\u00dft der vorliegende Bildband. Er gliedert sich &#8211; entsprechend<br \/>\nden Regionen, die der Weg durchwandert &#8211; in zw\u00f6lf gro\u00dfe Kapitel, in denen die<br \/>\nunterschiedlichen Natur- und Kulturr\u00e4ume Nepals vorgestellt werden. Ein<br \/>\nInfoblock mit Original-Kartenausschnitten zum GHT rundet jedes Kapitel ab und<br \/>\nbietet dem Leser Basis-Infos zur individuellen Reiseplanung.<\/p>\n<p>Im Mittelpunkt aber steht im wahrsten Wortsinn die Betrachtung dieses<br \/>\nfaszinierenden Landes und seiner ungew\u00f6hnlichen landschaftlichen und<br \/>\nethnischen Vielfalt: gro\u00dfformatige Landschaftsbilder, ausdrucksstarke<br \/>\nPortr\u00e4ts, Momentaufnahmen von religi\u00f6sen Zeremonien und Alltagsszenen aus<br \/>\neiner Welt, die in ihrer archaischen Sch\u00f6nheit wie aus der Zeit gefallen<br \/>\nscheint.<\/p>\n<p>Hardcover; 248 Seiten; 245 farb. Abb., 10 ganzseitige Originalkarten zum GHT;<br \/>\n295 mm x 247 mm<\/p>","protected":false},"excerpt":{"rendered":"<p>Nepal in seiner ganzen Faszination erleben: ein Bildband zum Schauen, Staunen und Verwirklichen von Reisetr\u00e4umen Das Projekt Great Himalaya Trail (GHT) wurde vor etwa 15 Jahren ins Leben gerufen, um die bekannten Hauptwanderrouten Nepals miteinander zu verbinden und so auch entlegenere, bisher wenig besuchte Regionen an einer bescheidenen wirtschaftlichen Entwicklung teilhaben zu lassen. Insgesamt ist [&#8230;]\n","protected":false},"featured_media":40164,"template":"","meta":[],"product_brand":[],"product_cat":[21542],"product_tag":[],"class_list":{"0":"post-147272","1":"product","2":"type-product","3":"status-publish","4":"has-post-thumbnail","6":"product_cat-sachbuecher-dokumentationen","7":"pa_autor-hoess","8":"pa_erscheinungsjahr-21574","9":"pa_region-asien","10":"pa_sprache-de","12":"first","13":"instock","14":"taxable","15":"shipping-taxable","16":"purchasable","17":"product-type-simple"},"_links":{"self":[{"href":"https:\/\/pizbube.ch\/en\/wp-json\/wp\/v2\/product\/147272","targetHints":{"allow":["GET"]}}],"collection":[{"href":"https:\/\/pizbube.ch\/en\/wp-json\/wp\/v2\/product"}],"about":[{"href":"https:\/\/pizbube.ch\/en\/wp-json\/wp\/v2\/types\/product"}],"wp:featuredmedia":[{"embeddable":true,"href":"https:\/\/pizbube.ch\/en\/wp-json\/wp\/v2\/media\/40164"}],"wp:attachment":[{"href":"https:\/\/pizbube.ch\/en\/wp-json\/wp\/v2\/media?parent=147272"}],"wp:term":[{"taxonomy":"product_brand","embeddable":true,"href":"https:\/\/pizbube.ch\/en\/wp-json\/wp\/v2\/product_brand?post=147272"},{"taxonomy":"product_cat","embeddable":true,"href":"https:\/\/pizbube.ch\/en\/wp-json\/wp\/v2\/product_cat?post=147272"},{"taxonomy":"product_tag","embeddable":true,"href":"https:\/\/pizbube.ch\/en\/wp-json\/wp\/v2\/product_tag?post=147272"}],"curies":[{"name":"wp","href":"https:\/\/api.w.org\/{rel}","templated":true}]}}