{"id":147274,"date":"2021-01-15T10:55:02","date_gmt":"2021-01-15T10:55:02","guid":{"rendered":"https:\/\/codengine3.ch\/?product=import-placeholder-for-205479"},"modified":"2021-01-15T14:41:33","modified_gmt":"2021-01-15T14:41:33","slug":"bayerns-berge","status":"publish","type":"product","link":"https:\/\/pizbube.ch\/en\/shop\/bayerns-berge\/","title":{"rendered":"Bayerns Berge"},"content":{"rendered":"<p>40 Traumtouren zwischen Allg\u00e4u und Berchtesgaden<br \/>\nmit Luftbildern von J\u00f6rg Bodenbender  <\/p>\n<p>Der bayerische Alpenbogen zwischen Allg\u00e4u und Berchtesgaden &#8211; die Allg\u00e4uer<br \/>\nAlpen, die Ammergauer Alpen, das Wettersteingebirge, die Bayerischen Voralpen<br \/>\nmit Estergebirge, Walchenseebergen, Benediktenwandgruppe und Mangfallgebirge,<br \/>\ndas Karwendel, die Chiemgauer Alpen und die Berchtesgadener Alpen &#8211; bietet ein<br \/>\nvielseitiges Repertoire an traumhaften Tourenm\u00f6glichkeiten der Extraklasse.<br \/>\nKlassische Gipfelziele wie M\u00e4delegabel und Hochvogel, Alpspitze und Zugspitze,<br \/>\nWatzmann und Hoher G\u00f6ll, aber auch weniger bekannte Berge wie Rauhhorn,<br \/>\nSchellschlicht, Sonnenspitze oder Gro\u00dfes Teufelshorn werden zu herausragenden<br \/>\nRundtouren und lohnenden \u00dcberschreitungen verkn\u00fcpft.  <\/p>\n<p>Die 40 vorgestellten Toptouren gen\u00fcgen allen bergsportlichen Anspr\u00fcchen<br \/>\nroutinierter Bergwanderer wie Bergsteiger, und auch ambitionierte Bergl\u00e4ufer<br \/>\nfinden ein reiches Bet\u00e4tigungsfeld.<br \/>\nDie vorliegende Sammlung pr\u00e4sentiert ausgedehnte Tagestouren und umfasst<br \/>\neinfache bis anspruchsvolle Bergwandertouren, alle wichtigen bayerischen<br \/>\nKlettersteige sowie konditionell herausfordernde Bike&#038;Hike-Touren.;<br \/>\nFantastische Luftbilder von J\u00f6rg Bodenbender mit eingezeichneter Wegf\u00fchrung<br \/>\nlassen den Betrachter jede Tour schon im Vorfeld erleben; zahlreiche<br \/>\nDetailfotos bieten Einblicke in die H\u00f6hepunkte des Tourenverlaufs und machen<br \/>\nLust darauf, Bayerns Touren-Highlights selbst anzugehen.<\/p>","protected":false},"excerpt":{"rendered":"<p>40 Traumtouren zwischen Allg\u00e4u und Berchtesgaden mit Luftbildern von J\u00f6rg Bodenbender Der bayerische Alpenbogen zwischen Allg\u00e4u und Berchtesgaden &#8211; die Allg\u00e4uer Alpen, die Ammergauer Alpen, das Wettersteingebirge, die Bayerischen Voralpen mit Estergebirge, Walchenseebergen, Benediktenwandgruppe und Mangfallgebirge, das Karwendel, die Chiemgauer Alpen und die Berchtesgadener Alpen &#8211; bietet ein vielseitiges Repertoire an traumhaften Tourenm\u00f6glichkeiten der Extraklasse. [&#8230;]\n","protected":false},"featured_media":34202,"template":"","meta":[],"product_brand":[],"product_cat":[21544],"product_tag":[],"class_list":{"0":"post-147274","1":"product","2":"type-product","3":"status-publish","4":"has-post-thumbnail","6":"product_cat-fuehrerliteratur-alpin-sommer","7":"pa_autor-hohenester-winter","8":"pa_erscheinungsjahr-21693","9":"pa_region-deutschland","10":"pa_sprache-de","12":"first","13":"instock","14":"taxable","15":"shipping-taxable","16":"purchasable","17":"product-type-simple"},"_links":{"self":[{"href":"https:\/\/pizbube.ch\/en\/wp-json\/wp\/v2\/product\/147274","targetHints":{"allow":["GET"]}}],"collection":[{"href":"https:\/\/pizbube.ch\/en\/wp-json\/wp\/v2\/product"}],"about":[{"href":"https:\/\/pizbube.ch\/en\/wp-json\/wp\/v2\/types\/product"}],"wp:featuredmedia":[{"embeddable":true,"href":"https:\/\/pizbube.ch\/en\/wp-json\/wp\/v2\/media\/34202"}],"wp:attachment":[{"href":"https:\/\/pizbube.ch\/en\/wp-json\/wp\/v2\/media?parent=147274"}],"wp:term":[{"taxonomy":"product_brand","embeddable":true,"href":"https:\/\/pizbube.ch\/en\/wp-json\/wp\/v2\/product_brand?post=147274"},{"taxonomy":"product_cat","embeddable":true,"href":"https:\/\/pizbube.ch\/en\/wp-json\/wp\/v2\/product_cat?post=147274"},{"taxonomy":"product_tag","embeddable":true,"href":"https:\/\/pizbube.ch\/en\/wp-json\/wp\/v2\/product_tag?post=147274"}],"curies":[{"name":"wp","href":"https:\/\/api.w.org\/{rel}","templated":true}]}}