{"id":147275,"date":"2021-01-15T10:55:02","date_gmt":"2021-01-15T10:55:02","guid":{"rendered":"https:\/\/codengine3.ch\/?product=import-placeholder-for-203453"},"modified":"2025-11-11T09:17:51","modified_gmt":"2025-11-11T08:17:51","slug":"allgaeuer-alpen-hoehenwege-und-klettersteige","status":"publish","type":"product","link":"https:\/\/pizbube.ch\/en\/shop\/allgaeuer-alpen-hoehenwege-und-klettersteige\/","title":{"rendered":"Allg\u00e4uer Alpen &#8211; H\u00f6henwege. Heilbronner Weg, Mindelheimer und Hindelanger Klettersteig"},"content":{"rendered":"<p><span class=\"value\">H\u00fcttenwandern auf aussichtsreichen H\u00f6henwegen und Klettersteigen &#8211; in den Allg\u00e4uer Alpen finden sich daf\u00fcr herrliche M\u00f6glichkeiten. <\/span><\/p>\n<p><span class=\"value\">Ber\u00fchmt sind Heilbronner Weg, Hindelanger oder Mindelheimer Klettersteig und Gipfel wie Hochvogel, M\u00e4delegabel oder Trettachspitze geh\u00f6ren zu den ganz Gro\u00dfen im Allg\u00e4u. Es gibt aber noch viel mehr, was sich zu entdecken lohnt! Der Rother Wanderf\u00fchrer &#8218;Allg\u00e4uer Alpen &#8211; H\u00f6henwege&#8216; pr\u00e4sentiert sechs ausgew\u00e4hlte Durchquerungen, die auf alpinen Pfaden und Klettersteigen durch die urspr\u00fcngliche Allg\u00e4uer Bergwelt f\u00fchren. Mit diesem Wanderf\u00fchrer lassen sich auf aussichtsreichen H\u00f6henwegen die Allg\u00e4uer Alpen, die Tannheimer Berge, das Lechtal und das Kleinwalsertal durchqueren. Gen\u00e4chtigt wird in urigen Bergh\u00fctten wie der Fiderepassh\u00fctte, dem Prinz-Luitpold-Haus oder der Schwarzwasserh\u00fctte &#8211; das macht das Bergerlebnis perfekt. <\/span><\/p>\n<p><span class=\"value\">Doch auch, wer nicht so viel Zeit hat, kann sich auf den Weg machen: Die jeweiligen Tourenl\u00e4ngen k\u00f6nnen individuell zusammengestellt werden bzw. sogar Tagestouren sind m\u00f6glich, da bei allen Etappen eine Abstiegsm\u00f6glichkeit angegeben wird.Alle Etappen in diesem Rother Wanderf\u00fchrer sind zuverl\u00e4ssig beschrieben und werden von Wander-karten mit Routenverlauf und aussagekr\u00e4ftigen H\u00f6henprofile erg\u00e4nzt. GPS-Tracks stehen zum Download von der Internetseite des Rother Bergverlags bereit. Anforderungen und Infos zu \u00dcbernachtungsm\u00f6glichkeiten werden detailliert vorgestellt. Nicht zuletzt die Bilder steigern die Vorfreude auf die Allg\u00e4uer Alpenwelt. <\/span><\/p>\n<p>176 Seiten,<br \/>\n40 H\u00f6henprofile, 40 Wanderk\u00e4rtchen im Ma\u00dfstab 1:75.000, zwei \u00dcbersichtskarten, GPS-Tracks zum Download<br \/>\n<span class=\"value\">17., aktualisierte Auflage 202<\/span>1<\/p>","protected":false},"excerpt":{"rendered":"<p>H\u00fcttenwandern auf aussichtsreichen H\u00f6henwegen und Klettersteigen &#8211; in den Allg\u00e4uer Alpen finden sich daf\u00fcr herrliche M\u00f6glichkeiten. Ber\u00fchmt sind Heilbronner Weg, Hindelanger oder Mindelheimer Klettersteig und Gipfel wie Hochvogel, M\u00e4delegabel oder Trettachspitze geh\u00f6ren zu den ganz Gro\u00dfen im Allg\u00e4u. Es gibt aber noch viel mehr, was sich zu entdecken lohnt! Der Rother Wanderf\u00fchrer &#8218;Allg\u00e4uer Alpen &#8211; [&#8230;]\n","protected":false},"featured_media":182094,"template":"","meta":[],"product_brand":[],"product_cat":[21605],"product_tag":[],"class_list":{"0":"post-147275","1":"product","2":"type-product","3":"status-publish","4":"has-post-thumbnail","6":"product_cat-wanderfuehrer-trekking","7":"pa_autor-seibert","8":"pa_erscheinungsjahr-25440","9":"pa_region-deutschland","10":"pa_sprache-de","12":"first","13":"instock","14":"taxable","15":"shipping-taxable","16":"purchasable","17":"product-type-simple"},"_links":{"self":[{"href":"https:\/\/pizbube.ch\/en\/wp-json\/wp\/v2\/product\/147275","targetHints":{"allow":["GET"]}}],"collection":[{"href":"https:\/\/pizbube.ch\/en\/wp-json\/wp\/v2\/product"}],"about":[{"href":"https:\/\/pizbube.ch\/en\/wp-json\/wp\/v2\/types\/product"}],"wp:featuredmedia":[{"embeddable":true,"href":"https:\/\/pizbube.ch\/en\/wp-json\/wp\/v2\/media\/182094"}],"wp:attachment":[{"href":"https:\/\/pizbube.ch\/en\/wp-json\/wp\/v2\/media?parent=147275"}],"wp:term":[{"taxonomy":"product_brand","embeddable":true,"href":"https:\/\/pizbube.ch\/en\/wp-json\/wp\/v2\/product_brand?post=147275"},{"taxonomy":"product_cat","embeddable":true,"href":"https:\/\/pizbube.ch\/en\/wp-json\/wp\/v2\/product_cat?post=147275"},{"taxonomy":"product_tag","embeddable":true,"href":"https:\/\/pizbube.ch\/en\/wp-json\/wp\/v2\/product_tag?post=147275"}],"curies":[{"name":"wp","href":"https:\/\/api.w.org\/{rel}","templated":true}]}}