{"id":147276,"date":"2021-01-15T10:55:02","date_gmt":"2021-01-15T10:55:02","guid":{"rendered":"https:\/\/codengine3.ch\/?product=import-placeholder-for-200727"},"modified":"2021-01-15T11:00:24","modified_gmt":"2021-01-15T11:00:24","slug":"by3-allgaeuer-voralpen-ost-gruenten-wertacher-hoernle-125000","status":"publish","type":"product","link":"https:\/\/pizbube.ch\/en\/shop\/by3-allgaeuer-voralpen-ost-gruenten-wertacher-hoernle-125000\/","title":{"rendered":"BY3 Allg\u00e4uer Voralpen Ost, Gr\u00fcnten, Wertacher H\u00f6rnle 1:25`000"},"content":{"rendered":"<p>Blatt BY 3; Alpenvereinskarten Bayerische Alpen<br \/>\nAllg\u00e4uer Voralpen Ost &#8211; Gr\u00fcnten &#8211; Wertacher H\u00f6rnle  <\/p>\n<p>Das neue Kartenwerk im Ma\u00dfstab 1:25.000 unterst\u00fctzt Wanderer und<br \/>\nSkibergsteiger bei der Tourenplanung und bei der Orientierung im Gel\u00e4nde und<br \/>\nleistet damit gleichzeitig einen Beitrag zur alpinen Sicherheit. Die<br \/>\nhochaktuellen Karten verf\u00fcgen \u00fcber das von der deutschen Landesvermessung<br \/>\nbeschlossene einheitliche neue Kartenbild; das UTM-Gitter erleichtert die<br \/>\nStandortbestimmung und Navigation mit GPS-Empf\u00e4ngern.<\/p>\n<p>  * Kombiausgaben mit Wegmarkierung und Skirouten (blaues Rasterband)<br \/>\n  * Wald-Wild-Schongebiete, Wildschutzgebiete<br \/>\n  * Skipiste sind fl\u00e4chenhaft darsgestellt<br \/>\n  * Basiskarte: Topographische Karte 1:25.000 vom Landesamt f\u00fcr Vermessung und Geoinformation, M\u00fcnchen (LVG).<br \/>\n  * Schummerung<br \/>\n  * H\u00f6henlinienabstand: 20m<br \/>\n  * Anzahl der Druckfarben: 8<br \/>\n  * Format des Karteninhalts: 86 cm x 69 cm<\/p>","protected":false},"excerpt":{"rendered":"<p>Blatt BY 3; Alpenvereinskarten Bayerische Alpen Allg\u00e4uer Voralpen Ost &#8211; Gr\u00fcnten &#8211; Wertacher H\u00f6rnle Das neue Kartenwerk im Ma\u00dfstab 1:25.000 unterst\u00fctzt Wanderer und Skibergsteiger bei der Tourenplanung und bei der Orientierung im Gel\u00e4nde und leistet damit gleichzeitig einen Beitrag zur alpinen Sicherheit. Die hochaktuellen Karten verf\u00fcgen \u00fcber das von der deutschen Landesvermessung beschlossene einheitliche neue [&#8230;]\n","protected":false},"featured_media":28371,"template":"","meta":[],"product_brand":[],"product_cat":[21543],"product_tag":[],"class_list":{"0":"post-147276","1":"product","2":"type-product","3":"status-publish","4":"has-post-thumbnail","6":"product_cat-landkarten","7":"pa_autor-dav","8":"pa_erscheinungsjahr-21621","9":"pa_region-deutschland","10":"pa_sprache-de","12":"first","13":"instock","14":"taxable","15":"shipping-taxable","16":"purchasable","17":"product-type-simple"},"_links":{"self":[{"href":"https:\/\/pizbube.ch\/en\/wp-json\/wp\/v2\/product\/147276","targetHints":{"allow":["GET"]}}],"collection":[{"href":"https:\/\/pizbube.ch\/en\/wp-json\/wp\/v2\/product"}],"about":[{"href":"https:\/\/pizbube.ch\/en\/wp-json\/wp\/v2\/types\/product"}],"wp:featuredmedia":[{"embeddable":true,"href":"https:\/\/pizbube.ch\/en\/wp-json\/wp\/v2\/media\/28371"}],"wp:attachment":[{"href":"https:\/\/pizbube.ch\/en\/wp-json\/wp\/v2\/media?parent=147276"}],"wp:term":[{"taxonomy":"product_brand","embeddable":true,"href":"https:\/\/pizbube.ch\/en\/wp-json\/wp\/v2\/product_brand?post=147276"},{"taxonomy":"product_cat","embeddable":true,"href":"https:\/\/pizbube.ch\/en\/wp-json\/wp\/v2\/product_cat?post=147276"},{"taxonomy":"product_tag","embeddable":true,"href":"https:\/\/pizbube.ch\/en\/wp-json\/wp\/v2\/product_tag?post=147276"}],"curies":[{"name":"wp","href":"https:\/\/api.w.org\/{rel}","templated":true}]}}