{"id":147278,"date":"2021-01-15T10:55:02","date_gmt":"2021-01-15T10:55:02","guid":{"rendered":"https:\/\/codengine3.ch\/?product=import-placeholder-for-200184"},"modified":"2021-01-15T10:55:07","modified_gmt":"2021-01-15T10:55:07","slug":"relief-korsika-corse-carte-en-relief-1180000","status":"publish","type":"product","link":"https:\/\/pizbube.ch\/en\/shop\/relief-korsika-corse-carte-en-relief-1180000\/","title":{"rendered":"Relief Korsika \/ Corse &#8211; Carte en Relief 1:180&#8217;000"},"content":{"rendered":"<p>Das ideale Geschenk f\u00fcr alle Korsika-Liebhaber:<br \/>\nRelief der ganzen Insel im Massstab 1:180&#8217;000  <\/p>\n<p>Les cartes en relief sont une autre mani\u00e8re d\u2019appr\u00e9hender la repr\u00e9sentation<br \/>\nd\u2019une r\u00e9gion, d\u2019un massif montagneux, ou encore de la France, gr\u00e2ce \u00e0 la 3D.<\/p>\n<p>Une gamme de cartes en relief, qui vous permet de d\u00e9couvrir et de comprendre<br \/>\nle paysage de la France m\u00e9tropolitaine. Du relief g\u00e9n\u00e9ral de la France jusqu\u2019\u00e0<br \/>\nceux, plus d\u00e9taill\u00e9s du massif du Mont-Blanc, des Alpes ou des Pyr\u00e9n\u00e9es, c\u2019est<br \/>\nune vision en trois dimensions de vos r\u00e9gions pr\u00e9f\u00e9r\u00e9es qui vous est ici<br \/>\npropos\u00e9e.<\/p>\n<p>Dimensions 113 cm x 80 cm<\/p>\n<p>**Porto Relief: CHF 29.00 (&#171;Sperrgut&#187;)<br \/>\nPlease note: Postage CHF 29.00**<\/p>","protected":false},"excerpt":{"rendered":"<p>Das ideale Geschenk f\u00fcr alle Korsika-Liebhaber: Relief der ganzen Insel im Massstab 1:180&#8217;000 Les cartes en relief sont une autre mani\u00e8re d\u2019appr\u00e9hender la repr\u00e9sentation d\u2019une r\u00e9gion, d\u2019un massif montagneux, ou encore de la France, gr\u00e2ce \u00e0 la 3D. Une gamme de cartes en relief, qui vous permet de d\u00e9couvrir et de comprendre le paysage de [&#8230;]\n","protected":false},"featured_media":26153,"template":"","meta":[],"product_brand":[],"product_cat":[21543],"product_tag":[],"class_list":{"0":"post-147278","1":"product","2":"type-product","3":"status-publish","4":"has-post-thumbnail","6":"product_cat-landkarten","7":"pa_autor-ign","8":"pa_erscheinungsjahr-21571","9":"pa_region-frankreich","10":"pa_sprache-fr","12":"first","13":"instock","14":"taxable","15":"shipping-taxable","16":"purchasable","17":"product-type-simple"},"_links":{"self":[{"href":"https:\/\/pizbube.ch\/en\/wp-json\/wp\/v2\/product\/147278","targetHints":{"allow":["GET"]}}],"collection":[{"href":"https:\/\/pizbube.ch\/en\/wp-json\/wp\/v2\/product"}],"about":[{"href":"https:\/\/pizbube.ch\/en\/wp-json\/wp\/v2\/types\/product"}],"wp:featuredmedia":[{"embeddable":true,"href":"https:\/\/pizbube.ch\/en\/wp-json\/wp\/v2\/media\/26153"}],"wp:attachment":[{"href":"https:\/\/pizbube.ch\/en\/wp-json\/wp\/v2\/media?parent=147278"}],"wp:term":[{"taxonomy":"product_brand","embeddable":true,"href":"https:\/\/pizbube.ch\/en\/wp-json\/wp\/v2\/product_brand?post=147278"},{"taxonomy":"product_cat","embeddable":true,"href":"https:\/\/pizbube.ch\/en\/wp-json\/wp\/v2\/product_cat?post=147278"},{"taxonomy":"product_tag","embeddable":true,"href":"https:\/\/pizbube.ch\/en\/wp-json\/wp\/v2\/product_tag?post=147278"}],"curies":[{"name":"wp","href":"https:\/\/api.w.org\/{rel}","templated":true}]}}