{"id":147279,"date":"2021-01-15T10:55:02","date_gmt":"2021-01-15T10:55:02","guid":{"rendered":"https:\/\/codengine3.ch\/?product=import-placeholder-for-205223"},"modified":"2025-10-14T09:15:13","modified_gmt":"2025-10-14T07:15:13","slug":"relief-schweiz-1-500-000","status":"publish","type":"product","link":"https:\/\/pizbube.ch\/en\/shop\/relief-schweiz-1-500-000\/","title":{"rendered":"Relief Schweiz 1 : 500.000"},"content":{"rendered":"<p>Bedruck: hochaufgel\u00f6stes farbiges Luftbild<\/p>\n<p>Inhalte:<br \/>\nGitternetz, Verkehrsnetz, Bergbahnen,<br \/>\nWanderwege, touristische<br \/>\nSehensw\u00fcrdigkeiten, Landesnamen,<br \/>\nKantonsnamen, Ortschaften,<br \/>\nGew\u00e4ssernamen, Berge, Gletscher<\/p>\n<p>Ma\u00dfstab: 1 : 500.000<br \/>\nMa\u00dfe: 750 x 490 x 20 mm.<br \/>\n\u00dcberh\u00f6hungsfaktor: 1,5<\/p>\n<p>(Preis mit Rahmen: 125.00)<\/p>\n<p>Versandkosten: CHF 9.00<\/p>","protected":false},"excerpt":{"rendered":"<p>Bedruck: hochaufgel\u00f6stes farbiges Luftbild Inhalte: Gitternetz, Verkehrsnetz, Bergbahnen, Wanderwege, touristische Sehensw\u00fcrdigkeiten, Landesnamen, Kantonsnamen, Ortschaften, Gew\u00e4ssernamen, Berge, Gletscher Ma\u00dfstab: 1 : 500.000 Ma\u00dfe: 750 x 490 x 20 mm. \u00dcberh\u00f6hungsfaktor: 1,5 (Preis mit Rahmen: 125.00) Versandkosten: CHF 9.00<\/p>","protected":false},"featured_media":33863,"template":"","meta":[],"product_brand":[],"product_cat":[21543],"product_tag":[],"class_list":{"0":"post-147279","1":"product","2":"type-product","3":"status-publish","4":"has-post-thumbnail","6":"product_cat-landkarten","7":"pa_autor-georelief","8":"pa_erscheinungsjahr-21763","9":"pa_region-schweiz","10":"pa_sprache-de","12":"first","13":"onbackorder","14":"taxable","15":"shipping-taxable","16":"purchasable","17":"product-type-simple"},"_links":{"self":[{"href":"https:\/\/pizbube.ch\/en\/wp-json\/wp\/v2\/product\/147279","targetHints":{"allow":["GET"]}}],"collection":[{"href":"https:\/\/pizbube.ch\/en\/wp-json\/wp\/v2\/product"}],"about":[{"href":"https:\/\/pizbube.ch\/en\/wp-json\/wp\/v2\/types\/product"}],"wp:featuredmedia":[{"embeddable":true,"href":"https:\/\/pizbube.ch\/en\/wp-json\/wp\/v2\/media\/33863"}],"wp:attachment":[{"href":"https:\/\/pizbube.ch\/en\/wp-json\/wp\/v2\/media?parent=147279"}],"wp:term":[{"taxonomy":"product_brand","embeddable":true,"href":"https:\/\/pizbube.ch\/en\/wp-json\/wp\/v2\/product_brand?post=147279"},{"taxonomy":"product_cat","embeddable":true,"href":"https:\/\/pizbube.ch\/en\/wp-json\/wp\/v2\/product_cat?post=147279"},{"taxonomy":"product_tag","embeddable":true,"href":"https:\/\/pizbube.ch\/en\/wp-json\/wp\/v2\/product_tag?post=147279"}],"curies":[{"name":"wp","href":"https:\/\/api.w.org\/{rel}","templated":true}]}}