{"id":147280,"date":"2021-01-15T10:55:02","date_gmt":"2021-01-15T10:55:02","guid":{"rendered":"https:\/\/codengine3.ch\/?product=import-placeholder-for-205224"},"modified":"2021-01-15T14:39:36","modified_gmt":"2021-01-15T14:39:36","slug":"relief-matterhornregion-1-100-000","status":"publish","type":"product","link":"https:\/\/pizbube.ch\/en\/shop\/relief-matterhornregion-1-100-000\/","title":{"rendered":"Relief Matterhornregion 1 : 100.000"},"content":{"rendered":"<p>Bedruck:<br \/>\nhochaufgel\u00f6stes farbiges Luftbild  <\/p>\n<p>Inhalte:<br \/>\nVerkehrsnetz, Bergbahnen,<br \/>\nWanderwege, touristische<br \/>\nSehensw\u00fcrdigkeiten,<br \/>\nBerge, Gletscher, Ortschaften  <\/p>\n<p>Ma\u00dfstab: 1 : 100.000<br \/>\nMa\u00dfe: 500 x 350 x 55<br \/>\n\u00dcberh\u00f6hungsfaktor: 1; mit Holz-Rahmen<\/p>","protected":false},"excerpt":{"rendered":"<p>Bedruck: hochaufgel\u00f6stes farbiges Luftbild Inhalte: Verkehrsnetz, Bergbahnen, Wanderwege, touristische Sehensw\u00fcrdigkeiten, Berge, Gletscher, Ortschaften Ma\u00dfstab: 1 : 100.000 Ma\u00dfe: 500 x 350 x 55 \u00dcberh\u00f6hungsfaktor: 1; mit Holz-Rahmen<\/p>","protected":false},"featured_media":33865,"template":"","meta":[],"product_brand":[],"product_cat":[21543],"product_tag":[],"class_list":{"0":"post-147280","1":"product","2":"type-product","3":"status-publish","4":"has-post-thumbnail","6":"product_cat-landkarten","7":"pa_autor-georelief","8":"pa_erscheinungsjahr-21776","9":"pa_region-schweiz","10":"pa_sprache-de","12":"first","13":"instock","14":"taxable","15":"shipping-taxable","16":"purchasable","17":"product-type-simple"},"_links":{"self":[{"href":"https:\/\/pizbube.ch\/en\/wp-json\/wp\/v2\/product\/147280","targetHints":{"allow":["GET"]}}],"collection":[{"href":"https:\/\/pizbube.ch\/en\/wp-json\/wp\/v2\/product"}],"about":[{"href":"https:\/\/pizbube.ch\/en\/wp-json\/wp\/v2\/types\/product"}],"wp:featuredmedia":[{"embeddable":true,"href":"https:\/\/pizbube.ch\/en\/wp-json\/wp\/v2\/media\/33865"}],"wp:attachment":[{"href":"https:\/\/pizbube.ch\/en\/wp-json\/wp\/v2\/media?parent=147280"}],"wp:term":[{"taxonomy":"product_brand","embeddable":true,"href":"https:\/\/pizbube.ch\/en\/wp-json\/wp\/v2\/product_brand?post=147280"},{"taxonomy":"product_cat","embeddable":true,"href":"https:\/\/pizbube.ch\/en\/wp-json\/wp\/v2\/product_cat?post=147280"},{"taxonomy":"product_tag","embeddable":true,"href":"https:\/\/pizbube.ch\/en\/wp-json\/wp\/v2\/product_tag?post=147280"}],"curies":[{"name":"wp","href":"https:\/\/api.w.org\/{rel}","templated":true}]}}