{"id":147281,"date":"2021-01-15T10:55:02","date_gmt":"2021-01-15T10:55:02","guid":{"rendered":"https:\/\/codengine3.ch\/?product=import-placeholder-for-203756"},"modified":"2023-11-08T09:20:28","modified_gmt":"2023-11-08T08:20:28","slug":"schweiz-kunststoffrelief-1-500-000","status":"publish","type":"product","link":"https:\/\/pizbube.ch\/en\/shop\/schweiz-kunststoffrelief-1-500-000\/","title":{"rendered":"Schweiz Kunststoffrelief 1: 500 000"},"content":{"rendered":"<p>Die Schweiz, dreidimensional!<br \/>\nDen tiefsten (Lago Maggiore, 195 m) und den h\u00f6chsten (Dufourspitze, 4634 m)<br \/>\nPunkt trennen Welten. Diese Tatsache wird einem so richtig bewusst, wenn die<br \/>\nH\u00f6henunterschiede plastisch dargestellt werden. Das Kunststoffrelief Schweiz<br \/>\nvon K\u00fcmmerly+Frey zeigt auf eindr\u00fcckliche Weise unser Land mit seinen Bergen,<br \/>\nSeen und T\u00e4lern.<br \/>\nMasse: H82.5 cm x B67.4 cm x D8.5 cm 1&#8217;780 g<\/p>\n<p><strong>**Auch mit Holzrahmen erh\u00e4ltlich: CHF 118.00 (bitte angeben!)**<\/strong><\/p>\n<p>Bitte beachten Sie \/ please note:<br \/>\nVersandkosten Poster\/ Kalender\/ Relief: CHF 6.00<br \/>\nPostage for posters \/calendars\/ relief: CHF 6.00<\/p>","protected":false},"excerpt":{"rendered":"<p>Die Schweiz, dreidimensional! Den tiefsten (Lago Maggiore, 195 m) und den h\u00f6chsten (Dufourspitze, 4634 m) Punkt trennen Welten. Diese Tatsache wird einem so richtig bewusst, wenn die H\u00f6henunterschiede plastisch dargestellt werden. Das Kunststoffrelief Schweiz von K\u00fcmmerly+Frey zeigt auf eindr\u00fcckliche Weise unser Land mit seinen Bergen, Seen und T\u00e4lern. Masse: H82.5 cm x B67.4 cm x [&#8230;]\n","protected":false},"featured_media":31431,"template":"","meta":[],"product_brand":[],"product_cat":[21543],"product_tag":[],"class_list":{"0":"post-147281","1":"product","2":"type-product","3":"status-publish","4":"has-post-thumbnail","6":"product_cat-landkarten","7":"pa_autor-kf","8":"pa_erscheinungsjahr-22292","9":"pa_region-schweiz","10":"pa_sprache-de","12":"first","13":"instock","14":"taxable","15":"shipping-taxable","16":"purchasable","17":"product-type-simple"},"_links":{"self":[{"href":"https:\/\/pizbube.ch\/en\/wp-json\/wp\/v2\/product\/147281","targetHints":{"allow":["GET"]}}],"collection":[{"href":"https:\/\/pizbube.ch\/en\/wp-json\/wp\/v2\/product"}],"about":[{"href":"https:\/\/pizbube.ch\/en\/wp-json\/wp\/v2\/types\/product"}],"wp:featuredmedia":[{"embeddable":true,"href":"https:\/\/pizbube.ch\/en\/wp-json\/wp\/v2\/media\/31431"}],"wp:attachment":[{"href":"https:\/\/pizbube.ch\/en\/wp-json\/wp\/v2\/media?parent=147281"}],"wp:term":[{"taxonomy":"product_brand","embeddable":true,"href":"https:\/\/pizbube.ch\/en\/wp-json\/wp\/v2\/product_brand?post=147281"},{"taxonomy":"product_cat","embeddable":true,"href":"https:\/\/pizbube.ch\/en\/wp-json\/wp\/v2\/product_cat?post=147281"},{"taxonomy":"product_tag","embeddable":true,"href":"https:\/\/pizbube.ch\/en\/wp-json\/wp\/v2\/product_tag?post=147281"}],"curies":[{"name":"wp","href":"https:\/\/api.w.org\/{rel}","templated":true}]}}