{"id":147282,"date":"2021-01-15T10:55:03","date_gmt":"2021-01-15T10:55:03","guid":{"rendered":"https:\/\/codengine3.ch\/?product=import-placeholder-for-203330"},"modified":"2026-04-14T09:20:58","modified_gmt":"2026-04-14T07:20:58","slug":"korsika-1-135000","status":"publish","type":"product","link":"https:\/\/pizbube.ch\/en\/shop\/korsika-1-135000\/","title":{"rendered":"Korsika Corsica 1:135&#8217;000"},"content":{"rendered":"<p>Neueste Kartografie, detaillierte Darstellung des Terrains, aktuellstes<br \/>\nStra\u00dfenbild, Gradgitter und ein ausf\u00fchrliches Ortsregister, mit dem man die<br \/>\nOrte, die man sucht, auf der Karte auch findet. gefaltet 10x25cm (aufgefaltet<br \/>\n60x92cm), ein- oder beidseitig bedruckt, kein st\u00f6render Pappumschlag.<\/p>\n<p>Ausstattung: &#8211; H\u00f6henlinien mit H\u00f6henangaben; &#8211; Farbige H\u00f6henschichten; &#8211;<br \/>\nKlassifiziertes Stra\u00dfennetz mit Entfernungsangaben; &#8211; Sehensw\u00fcrdigkeiten; &#8211;<br \/>\nAusf\u00fchrlicher Ortsindex; &#8211; GPS-genau; &#8211; L\u00e4ngen- und Breitengrade; &#8211; UTM-<br \/>\nGitter; &#8211; F\u00fcnfsprachige Legende (deutsch, englisch, franz\u00f6sisch, spanisch,<br \/>\nrussisch). Handliches Format: 70&#215;100 cm, 2-seitig bedruckt.<\/p>\n<div class=\"ph-product-edition-statement\">Auflage: 7. aktualisierte Auflage 2026<\/div>\n<div class=\"ph-product-mapscale\">Ma\u00dfstab: 1:135000<\/div>\n<div class=\"ph-product-unfolded-height\">H\u00f6he ungefalzt: 70cm<\/div>\n<div class=\"ph-product-unfolded-width\">Breite ungefalzt: 100cm<\/div>\n<div class=\"ph-product-misc\">Ausstattung: Format: ca. 70 x 100 cm, 2-seitig, Material: PolyArt (rei\u00df- und wasserfest, beschreibbar), Umschlag aus Pappe (Karte kann herausgenommen und ohne Umschlag benutzt werden)<\/div>","protected":false},"excerpt":{"rendered":"<p>Neueste Kartografie, detaillierte Darstellung des Terrains, aktuellstes Stra\u00dfenbild, Gradgitter und ein ausf\u00fchrliches Ortsregister, mit dem man die Orte, die man sucht, auf der Karte auch findet. gefaltet 10x25cm (aufgefaltet 60x92cm), ein- oder beidseitig bedruckt, kein st\u00f6render Pappumschlag. Ausstattung: &#8211; H\u00f6henlinien mit H\u00f6henangaben; &#8211; Farbige H\u00f6henschichten; &#8211; Klassifiziertes Stra\u00dfennetz mit Entfernungsangaben; &#8211; Sehensw\u00fcrdigkeiten; &#8211; Ausf\u00fchrlicher Ortsindex; [&#8230;]\n","protected":false},"featured_media":183855,"template":"","meta":[],"product_brand":[],"product_cat":[21543],"product_tag":[27618],"class_list":{"0":"post-147282","1":"product","2":"type-product","3":"status-publish","4":"has-post-thumbnail","6":"product_cat-landkarten","7":"product_tag-corse","8":"pa_autor-rump","9":"pa_erscheinungsjahr-27654","10":"pa_region-frankreich","11":"pa_sprache-de","13":"first","14":"instock","15":"taxable","16":"shipping-taxable","17":"purchasable","18":"product-type-simple"},"_links":{"self":[{"href":"https:\/\/pizbube.ch\/en\/wp-json\/wp\/v2\/product\/147282","targetHints":{"allow":["GET"]}}],"collection":[{"href":"https:\/\/pizbube.ch\/en\/wp-json\/wp\/v2\/product"}],"about":[{"href":"https:\/\/pizbube.ch\/en\/wp-json\/wp\/v2\/types\/product"}],"wp:featuredmedia":[{"embeddable":true,"href":"https:\/\/pizbube.ch\/en\/wp-json\/wp\/v2\/media\/183855"}],"wp:attachment":[{"href":"https:\/\/pizbube.ch\/en\/wp-json\/wp\/v2\/media?parent=147282"}],"wp:term":[{"taxonomy":"product_brand","embeddable":true,"href":"https:\/\/pizbube.ch\/en\/wp-json\/wp\/v2\/product_brand?post=147282"},{"taxonomy":"product_cat","embeddable":true,"href":"https:\/\/pizbube.ch\/en\/wp-json\/wp\/v2\/product_cat?post=147282"},{"taxonomy":"product_tag","embeddable":true,"href":"https:\/\/pizbube.ch\/en\/wp-json\/wp\/v2\/product_tag?post=147282"}],"curies":[{"name":"wp","href":"https:\/\/api.w.org\/{rel}","templated":true}]}}