{"id":147283,"date":"2021-01-15T10:55:03","date_gmt":"2021-01-15T10:55:03","guid":{"rendered":"https:\/\/codengine3.ch\/?product=import-placeholder-for-205270"},"modified":"2024-07-12T09:03:36","modified_gmt":"2024-07-12T07:03:36","slug":"haute-corse-1-60000","status":"publish","type":"product","link":"https:\/\/pizbube.ch\/en\/shop\/haute-corse-1-60000\/","title":{"rendered":"Haute Corse 1: 60&#8217;000"},"content":{"rendered":"<p>Blatt 08 Haute Corse<br \/>\nBalagne &#8211; monte Cinto &#8211; Restonica &#8211; Castagniccia &#8211; Fium`Orbo<\/p>\n<p>Libris\/ Didier Richard &#8211; Karten sind sehr zuverl\u00e4ssig, genau und detailgetreu<br \/>\n(IGN- Basis)und enthalten Angaben zu \u00dcbernachtungs- und Einkehrm\u00f6glichkeiten.<br \/>\nDie Wanderrouten sind farblich gekennzeichnet, und durch die Bildsymbole<br \/>\nwissen Sie sofort, wo die Sehensw\u00fcrdigkeiten liegen.<\/p>\n<p>Legende in Franz\u00f6sisch, Englisch, Deutsch und Italienisch.<\/p>","protected":false},"excerpt":{"rendered":"<p>Blatt 08 Haute Corse Balagne &#8211; monte Cinto &#8211; Restonica &#8211; Castagniccia &#8211; Fium`Orbo Libris\/ Didier Richard &#8211; Karten sind sehr zuverl\u00e4ssig, genau und detailgetreu (IGN- Basis)und enthalten Angaben zu \u00dcbernachtungs- und Einkehrm\u00f6glichkeiten. Die Wanderrouten sind farblich gekennzeichnet, und durch die Bildsymbole wissen Sie sofort, wo die Sehensw\u00fcrdigkeiten liegen. Legende in Franz\u00f6sisch, Englisch, Deutsch und [&#8230;]\n","protected":false},"featured_media":173901,"template":"","meta":[],"product_brand":[],"product_cat":[21543],"product_tag":[],"class_list":{"0":"post-147283","1":"product","2":"type-product","3":"status-publish","4":"has-post-thumbnail","6":"product_cat-landkarten","7":"pa_autor-didier-richard","8":"pa_erscheinungsjahr-21571","9":"pa_region-frankreich","10":"pa_sprache-d","11":"pa_sprache-e","12":"pa_sprache-f","13":"pa_sprache-i","15":"first","16":"instock","17":"taxable","18":"shipping-taxable","19":"purchasable","20":"product-type-simple"},"_links":{"self":[{"href":"https:\/\/pizbube.ch\/en\/wp-json\/wp\/v2\/product\/147283","targetHints":{"allow":["GET"]}}],"collection":[{"href":"https:\/\/pizbube.ch\/en\/wp-json\/wp\/v2\/product"}],"about":[{"href":"https:\/\/pizbube.ch\/en\/wp-json\/wp\/v2\/types\/product"}],"wp:featuredmedia":[{"embeddable":true,"href":"https:\/\/pizbube.ch\/en\/wp-json\/wp\/v2\/media\/173901"}],"wp:attachment":[{"href":"https:\/\/pizbube.ch\/en\/wp-json\/wp\/v2\/media?parent=147283"}],"wp:term":[{"taxonomy":"product_brand","embeddable":true,"href":"https:\/\/pizbube.ch\/en\/wp-json\/wp\/v2\/product_brand?post=147283"},{"taxonomy":"product_cat","embeddable":true,"href":"https:\/\/pizbube.ch\/en\/wp-json\/wp\/v2\/product_cat?post=147283"},{"taxonomy":"product_tag","embeddable":true,"href":"https:\/\/pizbube.ch\/en\/wp-json\/wp\/v2\/product_tag?post=147283"}],"curies":[{"name":"wp","href":"https:\/\/api.w.org\/{rel}","templated":true}]}}