{"id":147285,"date":"2021-01-15T10:55:03","date_gmt":"2021-01-15T10:55:03","guid":{"rendered":"https:\/\/codengine3.ch\/?product=import-placeholder-for-208435"},"modified":"2021-01-15T17:53:58","modified_gmt":"2021-01-15T17:53:58","slug":"3d-reliefkarte-nepal-11150000-mit-gruenem-holzrahmen","status":"publish","type":"product","link":"https:\/\/pizbube.ch\/en\/shop\/3d-reliefkarte-nepal-11150000-mit-gruenem-holzrahmen\/","title":{"rendered":"3D Reliefkarte Nepal 1:1&#8217;150&#8217;000 (mit gr\u00fcnem Holzrahmen)"},"content":{"rendered":"<p>Die Karte stellt in den Punkten Genauigkeit, Inhaltsdichte, Aktualit\u00e4t und<br \/>\nnicht zu letzt optischer Attraktivit\u00e4t ein herausragendes Produkt dar.<br \/>\nErw\u00e4hnenswert ist zudem, dass auf der Karte auch eine Vielzahl von<br \/>\nTrekkingrouten nachvollziehbar dargestellt sind.<\/p>\n<p>Bedruck:<br \/>\nEcht 3D Reliefkarte von Nepal (Himalaya) mit einer Reliefschummerung und<br \/>\nfarbigen H\u00f6henschichten welche aus hochaufgel\u00f6sten Gel\u00e4ndemodellen abgeleitet<br \/>\nwurden.<\/p>\n<p>Inhalte:<br \/>\nLandschaftsrelief mit Gew\u00e4ssernetz, Ortschaften, Bahnstreckennetz,<br \/>\nStrassennetz (Autobahnen, Schnell- und Fernstrassen), Bergnamen, H\u00f6henangaben,<br \/>\nInt. Flugh\u00e4fen<\/p>\n<p>Ma\u00dfstab 1 : 1.150.000<br \/>\nMa\u00dfe: 770x 570 x 25 mm<br \/>\n\u00dcberh\u00f6hungsfaktor: 1:3<\/p>\n<p>mit gr\u00fcnem Holzrahmen<\/p>","protected":false},"excerpt":{"rendered":"<p>Die Karte stellt in den Punkten Genauigkeit, Inhaltsdichte, Aktualit\u00e4t und nicht zu letzt optischer Attraktivit\u00e4t ein herausragendes Produkt dar. Erw\u00e4hnenswert ist zudem, dass auf der Karte auch eine Vielzahl von Trekkingrouten nachvollziehbar dargestellt sind. Bedruck: Echt 3D Reliefkarte von Nepal (Himalaya) mit einer Reliefschummerung und farbigen H\u00f6henschichten welche aus hochaufgel\u00f6sten Gel\u00e4ndemodellen abgeleitet wurden. Inhalte: Landschaftsrelief [&#8230;]\n","protected":false},"featured_media":40194,"template":"","meta":[],"product_brand":[],"product_cat":[21543],"product_tag":[],"class_list":{"0":"post-147285","1":"product","2":"type-product","3":"status-publish","4":"has-post-thumbnail","6":"product_cat-landkarten","7":"pa_autor-georelief","8":"pa_erscheinungsjahr-21574","9":"pa_region-asien","10":"pa_sprache-de","12":"first","13":"instock","14":"taxable","15":"shipping-taxable","16":"purchasable","17":"product-type-simple"},"_links":{"self":[{"href":"https:\/\/pizbube.ch\/en\/wp-json\/wp\/v2\/product\/147285","targetHints":{"allow":["GET"]}}],"collection":[{"href":"https:\/\/pizbube.ch\/en\/wp-json\/wp\/v2\/product"}],"about":[{"href":"https:\/\/pizbube.ch\/en\/wp-json\/wp\/v2\/types\/product"}],"wp:featuredmedia":[{"embeddable":true,"href":"https:\/\/pizbube.ch\/en\/wp-json\/wp\/v2\/media\/40194"}],"wp:attachment":[{"href":"https:\/\/pizbube.ch\/en\/wp-json\/wp\/v2\/media?parent=147285"}],"wp:term":[{"taxonomy":"product_brand","embeddable":true,"href":"https:\/\/pizbube.ch\/en\/wp-json\/wp\/v2\/product_brand?post=147285"},{"taxonomy":"product_cat","embeddable":true,"href":"https:\/\/pizbube.ch\/en\/wp-json\/wp\/v2\/product_cat?post=147285"},{"taxonomy":"product_tag","embeddable":true,"href":"https:\/\/pizbube.ch\/en\/wp-json\/wp\/v2\/product_tag?post=147285"}],"curies":[{"name":"wp","href":"https:\/\/api.w.org\/{rel}","templated":true}]}}