{"id":147294,"date":"2021-01-15T10:55:03","date_gmt":"2021-01-15T10:55:03","guid":{"rendered":"https:\/\/codengine3.ch\/?product=import-placeholder-for-201897"},"modified":"2025-03-22T10:49:17","modified_gmt":"2025-03-22T09:49:17","slug":"eiger-die-wand-die-faszination-die-chronik","status":"publish","type":"product","link":"https:\/\/pizbube.ch\/en\/shop\/eiger-die-wand-die-faszination-die-chronik\/","title":{"rendered":"Eiger; Die Wand, die Faszination, die Chronik"},"content":{"rendered":"<p>Zu den ber\u00fchmtesten Bergen der Schweiz z\u00e4hlt zweifellos der Eiger mit seiner<br \/>\nm\u00e4chtigen Nordwand. Die Revue SCHWEIZ widmet ihm im Uno-Jahre der Berge die<br \/>\nn\u00e4chste Ausgabe. Fotografiert vom zurzeit wohl bekanntesten Schweizer<br \/>\nBergfotografen Robert B\u00f6sch und kommentiert vom Buchautor und Eiger-Biografen<br \/>\nDaniel Anker. Dazu Beitr\u00e4ge zum neu proklamierten Unesco Weltnaturerbe<br \/>\nAletschgebiet, zur 125-j\u00e4hrigen Konkordia-H\u00fctte und aus dem Berner Oberland.<\/p>","protected":false},"excerpt":{"rendered":"<p>Zu den ber\u00fchmtesten Bergen der Schweiz z\u00e4hlt zweifellos der Eiger mit seiner m\u00e4chtigen Nordwand. Die Revue SCHWEIZ widmet ihm im Uno-Jahre der Berge die n\u00e4chste Ausgabe. Fotografiert vom zurzeit wohl bekanntesten Schweizer Bergfotografen Robert B\u00f6sch und kommentiert vom Buchautor und Eiger-Biografen Daniel Anker. Dazu Beitr\u00e4ge zum neu proklamierten Unesco Weltnaturerbe Aletschgebiet, zur 125-j\u00e4hrigen Konkordia-H\u00fctte und [&#8230;]\n","protected":false},"featured_media":29288,"template":"","meta":[],"product_brand":[],"product_cat":[21541],"product_tag":[],"class_list":{"0":"post-147294","1":"product","2":"type-product","3":"status-publish","4":"has-post-thumbnail","6":"product_cat-zeitschriften","7":"pa_autor-anker","8":"pa_erscheinungsjahr-22144","9":"pa_region-schweiz","10":"pa_sprache-de","12":"first","13":"outofstock","14":"taxable","15":"shipping-taxable","16":"purchasable","17":"product-type-simple"},"_links":{"self":[{"href":"https:\/\/pizbube.ch\/en\/wp-json\/wp\/v2\/product\/147294","targetHints":{"allow":["GET"]}}],"collection":[{"href":"https:\/\/pizbube.ch\/en\/wp-json\/wp\/v2\/product"}],"about":[{"href":"https:\/\/pizbube.ch\/en\/wp-json\/wp\/v2\/types\/product"}],"wp:featuredmedia":[{"embeddable":true,"href":"https:\/\/pizbube.ch\/en\/wp-json\/wp\/v2\/media\/29288"}],"wp:attachment":[{"href":"https:\/\/pizbube.ch\/en\/wp-json\/wp\/v2\/media?parent=147294"}],"wp:term":[{"taxonomy":"product_brand","embeddable":true,"href":"https:\/\/pizbube.ch\/en\/wp-json\/wp\/v2\/product_brand?post=147294"},{"taxonomy":"product_cat","embeddable":true,"href":"https:\/\/pizbube.ch\/en\/wp-json\/wp\/v2\/product_cat?post=147294"},{"taxonomy":"product_tag","embeddable":true,"href":"https:\/\/pizbube.ch\/en\/wp-json\/wp\/v2\/product_tag?post=147294"}],"curies":[{"name":"wp","href":"https:\/\/api.w.org\/{rel}","templated":true}]}}