{"id":147303,"date":"2021-01-15T10:55:03","date_gmt":"2021-01-15T10:55:03","guid":{"rendered":"https:\/\/codengine3.ch\/?product=import-placeholder-for-200187"},"modified":"2023-07-07T08:39:45","modified_gmt":"2023-07-07T06:39:45","slug":"berg-2020-alpenvereinsjahrbuch-dav","status":"publish","type":"product","link":"https:\/\/pizbube.ch\/en\/shop\/berg-2020-alpenvereinsjahrbuch-dav\/","title":{"rendered":"Berg 2020 &#8211; Alpenvereinsjahrbuch DAV"},"content":{"rendered":"<p>BergWelten: Arlberg, BergFokus: Eis<\/p>\n<p>Alpine Themen, die zur Sache gehen: die aktuelle Ausgabe des BERG-Bestsellers<br \/>\nDas Alpenvereinsjahrbuch BERG bildet mit \u00fcberzeugender Themenvielfalt,<br \/>\nherausragender inhaltlicher und optischer Qualit\u00e4t sowie ausgezeichnetem<br \/>\nPreis-Leistungs-Verh\u00e4ltnis seit Jahren ein Must-have im Bergbuchbereich.<\/p>\n<p>Die aktuelle Ausgabe stellt die Arlberg-Region mit den Lechtaler Alpen in den<br \/>\nMittelpunkt der Rubrik BergWelten. Kein Geringerer als der bekannte<br \/>\n&#171;Wetterfl\u00fcsterer&#187; Karl Gabl aus St. Anton am Arlberg stellt gemeinsam mit<br \/>\nseiner Frau, BERG-Autorin Stephanie Geiger, die Bergwelt seiner Heimat vor.<br \/>\nDar\u00fcber hinaus wird den kulturellen Spuren der im oberen Lechtal ans\u00e4ssigen<br \/>\nWalser nachgegangen und der Lebensraum Lech portr\u00e4tiert, im Oberlauf eine der<br \/>\nletzten Wildflusslandschaften der Alpen. Der Arlberg, heute das gr\u00f6\u00dfte<br \/>\nzusammenh\u00e4ngende Skigebiet \u00d6sterreichs, ist untrennbar mit der Geschichte des<br \/>\nSkifahrens verkn\u00fcpft. BERG 2020 zeichnet nach, wie dieses &#171;Wunder des<br \/>\nSchneeschuhs&#187; geschah, das eine v\u00f6llig neue Freizeit- und K\u00f6rperkultur mit<br \/>\nsich brachte, die bis heute die wirtschaftliche Entwicklung der Region<br \/>\nbestimmt. Die enge Verzahnung von Natur und Technik bestimmt heute am Arlberg<br \/>\ndas Bild. Das zeigt eine Bildreportage des Fotografen Gerhard Heidorn. Zur<br \/>\nSchnee-Infrastruktur geh\u00f6ren auch die zahlreichen Lawinenschutzvorrichtungen.<br \/>\nAm Arlberg musste man seit jeher mit den Lawinen leben. Ende November 2018<br \/>\nwurde das Wissen im Umgang mit Lawinengefahr in die UNESCO-Liste des<br \/>\nImmateriellen Kulturerbes aufgenommen.<\/p>\n<p>Was das bedeutet und wie dieses Wissen tagt\u00e4glich in einer der f\u00fchrenden<br \/>\nWintersportdestinationen der Alpen gelebt wird, hat BERG-Autorin Stephanie<br \/>\nGeiger unter die Lupe genommen. Die Rubrik BergFokus widmet sich dem hei\u00dfen<br \/>\nThema Eis im Gebirge. Auch wenn die einst legend\u00e4ren Nordw\u00e4nde der Alpen<br \/>\nl\u00e4ngst abgeschmolzen sind, hat das Klettern im Steileis nichts von seiner<br \/>\nAnziehungskraft verloren. Das wei\u00df Eis-Aficionado Andi Dick aus eigener<br \/>\nErfahrung und beschreibt die Faszination des Eiskletterns im Wandel der Zeit.<\/p>\n<p>Tats\u00e4chlich ist Eisklettern heute beliebter denn je. Wenn die Bedingungen<br \/>\npassen, kann das durchaus bedeuten, an den Einstiegen der angesagten Eisf\u00e4lle<br \/>\nund Mixed-Couloirs in der Warteschlange zu stehen. Aber wie erkennt man<br \/>\neigentlich, dass die Bedingungen passen? Und wann das lockende Eiskerzenwunder<br \/>\ntats\u00e4chlich stabil ist und Kletterer ertr\u00e4gt? Bergf\u00fchrer und Geograph Paul<br \/>\nMair sucht nach soliden Antworten in einem fragilen Terrain. Dar\u00fcber hinaus<br \/>\nberichten namhafte Wissenschaftler vom Werden und Vergehen der Gletscher, vom<br \/>\nLeben im und unter dem Eis und \u00fcber die Frage, was &#8211; \u00f6kologisch betrachtet &#8211;<br \/>\nkommt, wenn das Eis geht. Robert Renzler spricht mit dem international<br \/>\nrenommierten Glaziologen und Klimaforscher Georg Kaser \u00fcber die Dynamik des<br \/>\nAbschmelzprozesses und der Klimaerw\u00e4rmung &#8211; und das durchaus pers\u00f6nlich: Warum<br \/>\nhat unsere Generation, die den Klimawandel als Erste erkannte, bislang so<br \/>\ngr\u00fcndlich versagt, wenn es darum geht, die notwendigen Ma\u00dfnahmen zu setzen?<br \/>\nUnd wie schaut es dabei eigentlich vor der eigenen Haust\u00fcr, bei uns<br \/>\nBergsteigern aus?<\/p>\n<p>Die Rubrik BergMenschen holt au\u00dfergew\u00f6hnliche Pers\u00f6nlichkeiten vor den<br \/>\nVorhang, wie zum Beispiel Laura Dahlmeier, das junge bayerische Biathlon-<br \/>\nMedaillenwunder und Energieb\u00fcndel, das auch als passionierte Bergsteigerin und<br \/>\nengagierte Bergretterin ambitioniert anpackt. Oder den Landwirt und Neo-<br \/>\nBergbauern Kaspar Nickles, der in ein kleines Bergdorf im Friaul gezogen ist,<br \/>\num dort mit seiner Familie ein nachhaltiges Leben in zeitgem\u00e4\u00df interpretierter<br \/>\nTradition zu f\u00fchren. Ob er damit dem vom Aussterben bedrohten Ort<br \/>\nZukunftsperspektiven geben kann, ist eine der Fragen, die BERG-Autor Georg<br \/>\nHohenester beim Lokalaugenschein besch\u00e4ftigt.<\/p>\n<p>In BergWissen zeigt Patagonien-Spezialistin D\u00f6rte Pietron anhand<br \/>\nwissenschaftlicher Daten und eigener Erfahrungen, wie grundlegend die globale<br \/>\nErw\u00e4rmung das Klima und damit auch das Bergsteigen in Patagonien ver\u00e4ndert<br \/>\nhat. Weiters geht es um die entscheidende Rolle der Intuition in schwierigen<br \/>\nSituationen oder um die zw\u00f6lf wichtigsten Alpenv\u00f6gel und wie man sie erkennen<br \/>\nkann.<\/p>\n<p>BergKultur setzt mit drei Erz\u00e4hlungen von Robert Renzler, Nicholas Mail\u00e4nder<br \/>\nund Rudolf Alexander Mayr einen au\u00dfergew\u00f6hnlichen literarischen Schwerpunkt<br \/>\nund schaut sich um, wie Bergfilme das Bild der Berge und vom Bergsteigen<br \/>\npr\u00e4gen und welches Narrativ sie heute bevorzugt erz\u00e4hlen. Eine nahezu<br \/>\nunglaubliche, aber wahre Geschichte aus den Zeiten des Eisernen Vorhangs von<br \/>\nPit Schubert setzt den Schlusspunkt: ein packendes Beispiel von Zivilcourage<br \/>\nund Chuzpe &#8211; 30 Jahre nach dem Fall der Berliner Mauer und der deutschen<br \/>\nWiedervereinigung.Mit diesen und vielen weiteren Themen bringt BERG ein<br \/>\nunvergleichbares Portfolio aus der Welt der Berge und des Bergsports &#8211;<br \/>\nPflichtlekt\u00fcre und Lesevergn\u00fcgen f\u00fcr alle, denen die Berge ein Anliegen sind.<\/p>","protected":false},"excerpt":{"rendered":"<p>BergWelten: Arlberg, BergFokus: Eis Alpine Themen, die zur Sache gehen: die aktuelle Ausgabe des BERG-Bestsellers Das Alpenvereinsjahrbuch BERG bildet mit \u00fcberzeugender Themenvielfalt, herausragender inhaltlicher und optischer Qualit\u00e4t sowie ausgezeichnetem Preis-Leistungs-Verh\u00e4ltnis seit Jahren ein Must-have im Bergbuchbereich. Die aktuelle Ausgabe stellt die Arlberg-Region mit den Lechtaler Alpen in den Mittelpunkt der Rubrik BergWelten. Kein Geringerer als [&#8230;]\n","protected":false},"featured_media":26157,"template":"","meta":[],"product_brand":[],"product_cat":[21542],"product_tag":[],"class_list":{"0":"post-147303","1":"product","2":"type-product","3":"status-publish","4":"has-post-thumbnail","6":"product_cat-sachbuecher-dokumentationen","7":"pa_autor-deutscher-alpenverein-hrsg","8":"pa_erscheinungsjahr-21586","9":"pa_region-deutschland","10":"pa_sprache-de","12":"first","13":"outofstock","14":"taxable","15":"shipping-taxable","16":"purchasable","17":"product-type-simple"},"_links":{"self":[{"href":"https:\/\/pizbube.ch\/en\/wp-json\/wp\/v2\/product\/147303","targetHints":{"allow":["GET"]}}],"collection":[{"href":"https:\/\/pizbube.ch\/en\/wp-json\/wp\/v2\/product"}],"about":[{"href":"https:\/\/pizbube.ch\/en\/wp-json\/wp\/v2\/types\/product"}],"wp:featuredmedia":[{"embeddable":true,"href":"https:\/\/pizbube.ch\/en\/wp-json\/wp\/v2\/media\/26157"}],"wp:attachment":[{"href":"https:\/\/pizbube.ch\/en\/wp-json\/wp\/v2\/media?parent=147303"}],"wp:term":[{"taxonomy":"product_brand","embeddable":true,"href":"https:\/\/pizbube.ch\/en\/wp-json\/wp\/v2\/product_brand?post=147303"},{"taxonomy":"product_cat","embeddable":true,"href":"https:\/\/pizbube.ch\/en\/wp-json\/wp\/v2\/product_cat?post=147303"},{"taxonomy":"product_tag","embeddable":true,"href":"https:\/\/pizbube.ch\/en\/wp-json\/wp\/v2\/product_tag?post=147303"}],"curies":[{"name":"wp","href":"https:\/\/api.w.org\/{rel}","templated":true}]}}