{"id":147304,"date":"2021-01-15T10:55:03","date_gmt":"2021-01-15T10:55:03","guid":{"rendered":"https:\/\/codengine3.ch\/?product=import-placeholder-for-208479"},"modified":"2021-01-15T17:54:28","modified_gmt":"2021-01-15T17:54:28","slug":"alpenvereinsjahrbuch-berg-2019","status":"publish","type":"product","link":"https:\/\/pizbube.ch\/en\/shop\/alpenvereinsjahrbuch-berg-2019\/","title":{"rendered":"Alpenvereinsjahrbuch BERG 2019"},"content":{"rendered":"<p>Alpenvereinsjahrbuch BERG 2019<br \/>\nBergWelten: Ankogel und Hochalmspitze \/ BergFokus: Motivation \u2013 Was treibt uns<br \/>\nan?<\/p>\n<p>Das Jahrbuch BERG 2019 bietet mit erstklassigen Beitr\u00e4gen namhafter Autoren<br \/>\nund Fotografen einen einzigartigen \u00dcberblick \u00fcber die wichtigsten Themen und<br \/>\nTrends aus der Welt der Berge und des Bergsports.<\/p>\n<p>Was treibt uns an? Was motiviert uns, sich f\u00fcr eine Sache einzusetzen? Diesen<br \/>\nFragen wird im BergFokus nachgegangen. Aus welchen Motiven haben sich vor bald<br \/>\n150 Jahren eine Handvoll M\u00e4nner zusammengetan, um den Deutschen Alpenverein zu<br \/>\ngr\u00fcnden? Welche Idee, welche Werte steckten dahinter? Wie ist es mit dem<br \/>\n&#171;Ehrenamt&#187; in unserer Gesellschaft heute bestellt? Und was treibt uns<br \/>\neigentlich &#8211; heute zahlreicher denn je &#8211; in die Berge? Der Blick auf den<br \/>\nAlpinismus als Projekt der Moderne f\u00f6rdert erstaunliche gesellschaftliche und<br \/>\nkulturelle Zusammenh\u00e4nge zu Tage. In diesem Kontext stellen wir f\u00fcnf<br \/>\nau\u00dfergew\u00f6hnlich engagierte und inspirierende BergMenschen vor &#8211; vom<br \/>\n&#171;jugendbewegten&#187; Ernst Enzensperger, der vor etwa hundert Jahren die JDAV<br \/>\ngr\u00fcndete bis hin zu Energieb\u00fcndel Andrea Szabadi, die sich aus dem Rollstuhl<br \/>\nheraus f\u00fcr inklusive Bergsportprojekte stark macht.<\/p>\n<p>BergWissen schaut hinter die Kulissen des &#171;Frau-Holle-Business&#187; und bringt<br \/>\nein Kaleidoskop von Schaupl\u00e4tzen und Aspekten zum Thema Schnee als<br \/>\nGesch\u00e4ftsmodell. Wetten, dass Sie den Schnee von morgen mit anderen Augen<br \/>\nbetrachten!?<\/p>\n<p>Spannend und aktuell auch das Thema Bergrettung: Ein Insider und aktiver<br \/>\nRettungsmann schaut sich die Entwicklungen und Trends der letzten Jahre an.<\/p>\n<p>Dazu z\u00e4hlt auch das ver\u00e4nderte Kommunikations- und Medienverhalten. Deswegen<br \/>\nnehmen wir das Thema Bergsport und Social Media unter die Lupe. Welche<br \/>\nInteressensgruppen spiegeln sich in Facebook &#038; Co. wider und wie wirkt das<br \/>\nwiederum auf den Sport selbst zur\u00fcck?<\/p>\n<p>BergKultur erz\u00e4hlt von erstaunlich ausgereifter Alpinausr\u00fcstung aus \u00d6tzis<br \/>\nZeiten und von einem Bergsportger\u00e4t, das erst in den sp\u00e4ten 1940er-Jahren<br \/>\nerfunden wurde, nicht zuletzt der Gaudi wegen: den Firngleitern oder Figln.<br \/>\nDar\u00fcber hinaus bringt es eine Fotoreportage zum Projekt &#171;Koexistenzen&#187; des<br \/>\nS\u00fcdtiroler K\u00fcnstlers Walter Niedermayr, der sich darin mit der Allmende-Praxis<br \/>\nim Fleimstal besch\u00e4ftigt &#8211; ein ebenso \u00e4sthetischer wie hochaktueller Beitrag<br \/>\nzum zeitgen\u00f6ssischen Commons-Diskurs.<\/p>\n<p>Kurzum: Das Jahrbuch BERG bietet einmal mehr \u00fcberzeugende Themenvielfalt bei<br \/>\nkonstant hoher inhaltlicher und optischer Qualit\u00e4t und ausgezeichneten Preis-<br \/>\nLeistungs-Verh\u00e4ltnis.<\/p>","protected":false},"excerpt":{"rendered":"<ul>\n<li><a href=\"https:\/\/pizbube.ch\/wp-content\/uploads\/attachments\/a_030\/E1CAE1F70BBDDC630DE89ADBB304D1CF.pdf\" target=\"_blank\" rel=\"noopener\">PDF: Inhaltsverzeichnis Berg2019.pdf<\/a><\/li>\n<\/ul>","protected":false},"featured_media":40321,"template":"","meta":[],"product_brand":[],"product_cat":[21542],"product_tag":[],"class_list":{"0":"post-147304","1":"product","2":"type-product","3":"status-publish","4":"has-post-thumbnail","6":"product_cat-sachbuecher-dokumentationen","7":"pa_autor-kohler","8":"pa_erscheinungsjahr-21546","9":"pa_region-deutschland","10":"pa_sprache-de","12":"first","13":"instock","14":"taxable","15":"shipping-taxable","16":"purchasable","17":"product-type-simple"},"_links":{"self":[{"href":"https:\/\/pizbube.ch\/en\/wp-json\/wp\/v2\/product\/147304","targetHints":{"allow":["GET"]}}],"collection":[{"href":"https:\/\/pizbube.ch\/en\/wp-json\/wp\/v2\/product"}],"about":[{"href":"https:\/\/pizbube.ch\/en\/wp-json\/wp\/v2\/types\/product"}],"wp:featuredmedia":[{"embeddable":true,"href":"https:\/\/pizbube.ch\/en\/wp-json\/wp\/v2\/media\/40321"}],"wp:attachment":[{"href":"https:\/\/pizbube.ch\/en\/wp-json\/wp\/v2\/media?parent=147304"}],"wp:term":[{"taxonomy":"product_brand","embeddable":true,"href":"https:\/\/pizbube.ch\/en\/wp-json\/wp\/v2\/product_brand?post=147304"},{"taxonomy":"product_cat","embeddable":true,"href":"https:\/\/pizbube.ch\/en\/wp-json\/wp\/v2\/product_cat?post=147304"},{"taxonomy":"product_tag","embeddable":true,"href":"https:\/\/pizbube.ch\/en\/wp-json\/wp\/v2\/product_tag?post=147304"}],"curies":[{"name":"wp","href":"https:\/\/api.w.org\/{rel}","templated":true}]}}