{"id":147312,"date":"2021-01-15T10:55:04","date_gmt":"2021-01-15T10:55:04","guid":{"rendered":"https:\/\/codengine3.ch\/?product=import-placeholder-for-200328"},"modified":"2021-01-15T10:56:30","modified_gmt":"2021-01-15T10:56:30","slug":"tenzing","status":"publish","type":"product","link":"https:\/\/pizbube.ch\/en\/shop\/tenzing\/","title":{"rendered":"Tenzing"},"content":{"rendered":"<p>Sur le toit du monde avec Edmund Hillary<\/p>\n<p>Lorsque les Anglais proposent au sherpa Tenzing d&#8217;\u00eatre le sirdar (chef des<br \/>\nporteurs) de leur exp\u00e9dition \u00e0 l&#8217;Everest de 1953, il n&#8217;accepte qu&#8217;\u00e0 une<br \/>\ncondition : \u00eatre consid\u00e9r\u00e9 comme un grimpeur \u00e0 part enti\u00e8re et avoir sa chance<br \/>\npour le sommet. Une demande incroyable ! Mais l&#8217;exp\u00e9rience de Tenzing est<br \/>\nindispensable et les Anglais acceptent, persuad\u00e9s de pouvoir le laisser de<br \/>\nc\u00f4t\u00e9 lors de l&#8217;ascension finale. Apr\u00e8s sept \u00e9checs, conqu\u00e9rir l&#8217;Everest est<br \/>\nune obligation strat\u00e9gique pour l&#8217;Angleterre et son prestige international.<br \/>\nFace \u00e0 ces enjeux \u00e9normes, Tenzing avec son r\u00eave d&#8217;enfant de gravir le toit du<br \/>\nmonde aupr\u00e8s duquel il est n\u00e9, est esseul\u00e9.<\/p>\n<p>Pourtant, sa force de caract\u00e8re et ses qualit\u00e9s de grimpeur lui gagnent la<br \/>\nconfiance du colonel Hunt, le chef d&#8217;exp\u00e9dition, et l&#8217;amiti\u00e9 d&#8217;Edmond Hillary.<br \/>\n\u00c0 l&#8217;heure du choix, Hunt choisit Hillary et Tenzing qui deviendront les deux<br \/>\npremiers hommes au sommet de l&#8217;Everest. Mais l&#8217;Angleterre peut-elle accepter<br \/>\nqu&#8217;un N\u00e9palais et un N\u00e9o-Z\u00e9landais soient les deux premiers \u00ab Anglais \u00bb au<br \/>\nsommet du monde ?<\/p>","protected":false},"excerpt":{"rendered":"<p>Sur le toit du monde avec Edmund Hillary Lorsque les Anglais proposent au sherpa Tenzing d&#8217;\u00eatre le sirdar (chef des porteurs) de leur exp\u00e9dition \u00e0 l&#8217;Everest de 1953, il n&#8217;accepte qu&#8217;\u00e0 une condition : \u00eatre consid\u00e9r\u00e9 comme un grimpeur \u00e0 part enti\u00e8re et avoir sa chance pour le sommet. Une demande incroyable ! Mais l&#8217;exp\u00e9rience [&#8230;]\n","protected":false},"featured_media":26573,"template":"","meta":[],"product_brand":[],"product_cat":[21881],"product_tag":[],"class_list":{"0":"post-147312","1":"product","2":"type-product","3":"status-publish","4":"has-post-thumbnail","6":"product_cat-comics","7":"pa_autor-clot-hostache","8":"pa_erscheinungsjahr-21568","9":"pa_region-asien","10":"pa_sprache-fr","12":"first","13":"instock","14":"taxable","15":"shipping-taxable","16":"purchasable","17":"product-type-simple"},"_links":{"self":[{"href":"https:\/\/pizbube.ch\/en\/wp-json\/wp\/v2\/product\/147312","targetHints":{"allow":["GET"]}}],"collection":[{"href":"https:\/\/pizbube.ch\/en\/wp-json\/wp\/v2\/product"}],"about":[{"href":"https:\/\/pizbube.ch\/en\/wp-json\/wp\/v2\/types\/product"}],"wp:featuredmedia":[{"embeddable":true,"href":"https:\/\/pizbube.ch\/en\/wp-json\/wp\/v2\/media\/26573"}],"wp:attachment":[{"href":"https:\/\/pizbube.ch\/en\/wp-json\/wp\/v2\/media?parent=147312"}],"wp:term":[{"taxonomy":"product_brand","embeddable":true,"href":"https:\/\/pizbube.ch\/en\/wp-json\/wp\/v2\/product_brand?post=147312"},{"taxonomy":"product_cat","embeddable":true,"href":"https:\/\/pizbube.ch\/en\/wp-json\/wp\/v2\/product_cat?post=147312"},{"taxonomy":"product_tag","embeddable":true,"href":"https:\/\/pizbube.ch\/en\/wp-json\/wp\/v2\/product_tag?post=147312"}],"curies":[{"name":"wp","href":"https:\/\/api.w.org\/{rel}","templated":true}]}}