{"id":147320,"date":"2021-01-15T10:55:04","date_gmt":"2021-01-15T10:55:04","guid":{"rendered":"https:\/\/codengine3.ch\/?product=import-placeholder-for-207273"},"modified":"2025-11-28T14:26:20","modified_gmt":"2025-11-28T13:26:20","slug":"lyngenhalvoya-nord-turkart-150000-blatt-2780","status":"publish","type":"product","link":"https:\/\/pizbube.ch\/en\/shop\/lyngenhalvoya-nord-turkart-150000-blatt-2780\/","title":{"rendered":"Lyngenhalv\u00f8ya Nord Turkart 1:25&#8217;000"},"content":{"rendered":"<p class=\"product-title\">H\u00f8yfjellskart Lyngenhalv\u00f8ya nord 1:25 000<\/p>\n<p>Calazo H\u00f8yfjellskart is a series of topographic maps specially developed for mountain activities in Norway\u2019s most popular hiking and skiing regions. The maps are based on high-resolution LIDAR data, which provides exceptionally detailed and accurate terrain information \u2013 ideal for navigation in demanding alpine environments.<\/p>\n<p>Trail information is carefully updated using aerial imagery and local knowledge to ensure reliability. All maps are printed on durable Tyvek\u00ae material, making them completely waterproof and highly tear-resistant \u2013 perfect for use in all weather conditions, year-round.<\/p>\n<p>&nbsp;<\/p>\n<p>Beidseitig bedruckte Bergwanderkarte f\u00fcr die Bergwelt im Norden der Lyngenhalbinsel, die \u00f6stlich von Troms\u00f8 in Nordnorwegen liegt, herausgegeben. Die Karte basiert auf topographischen Kartendaten und ist auf synthetischem Papier (Tyvek) gedruckt, so dass eine hohe Rei\u00df- und Wasserfestigkeit gew\u00e4hrleistet ist.<\/p>\n<p>Weitere geographische Hinweise: Storgalten, Tverrbakktinden, Vaggashytta, Isskardtindane, Tafeltinden, J\u00e6gervasshytta, Varduhytta, Lyngseidet.<\/p>\n<p>Karteninhalt: topographische Karte mit Stra\u00dfen, Wegen, F\u00e4hrlinien, Eisenbahnlinien, Orten, Wohnpl\u00e4tzen, Gew\u00e4ssern, Landschaftsnamen, Grenzen, Landschaftsformen (Wald, offenes Gel\u00e4nde, bebaute Gebiete, landwirtschaftliche Nutzfl\u00e4chen, Felsgebiete, Feuchtgebiete, Gletscher), H\u00f6henlinien, \u00c4quidistanz: 10 m, H\u00f6henpunkten etc.; touristische Informationen: Wanderwege, pr\u00e4parierte Skiloipen, Schneemobil-Routen, H\u00fctten, Unterst\u00e4nde, Fu\u00dfg\u00e4ngerbr\u00fccken, Campingpl\u00e4tze, Serviceeinrichtungen; geographische und geod\u00e4tische Koordinaten nach EUREF89 (entspricht WGS 84), Legende: norwegisch, englisch<\/p>\n<p>&nbsp;<\/p>\n<p>&nbsp;<\/p>","protected":false},"excerpt":{"rendered":"<p>H\u00f8yfjellskart Lyngenhalv\u00f8ya nord 1:25 000 Calazo H\u00f8yfjellskart is a series of topographic maps specially developed for mountain activities in Norway\u2019s most popular hiking and skiing regions. The maps are based on high-resolution LIDAR data, which provides exceptionally detailed and accurate terrain information \u2013 ideal for navigation in demanding alpine environments. Trail information is carefully updated [&#8230;]\n","protected":false},"featured_media":180506,"template":"","meta":[],"product_brand":[],"product_cat":[21543],"product_tag":[],"class_list":{"0":"post-147320","1":"product","2":"type-product","3":"status-publish","4":"has-post-thumbnail","6":"product_cat-landkarten","7":"pa_autor-calazo","8":"pa_erscheinungsjahr-27129","9":"pa_region-skandinavien-norwegen-schweden-finnland","10":"pa_sprache-norweg-en-2","12":"first","13":"instock","14":"taxable","15":"shipping-taxable","16":"purchasable","17":"product-type-simple"},"_links":{"self":[{"href":"https:\/\/pizbube.ch\/en\/wp-json\/wp\/v2\/product\/147320","targetHints":{"allow":["GET"]}}],"collection":[{"href":"https:\/\/pizbube.ch\/en\/wp-json\/wp\/v2\/product"}],"about":[{"href":"https:\/\/pizbube.ch\/en\/wp-json\/wp\/v2\/types\/product"}],"wp:featuredmedia":[{"embeddable":true,"href":"https:\/\/pizbube.ch\/en\/wp-json\/wp\/v2\/media\/180506"}],"wp:attachment":[{"href":"https:\/\/pizbube.ch\/en\/wp-json\/wp\/v2\/media?parent=147320"}],"wp:term":[{"taxonomy":"product_brand","embeddable":true,"href":"https:\/\/pizbube.ch\/en\/wp-json\/wp\/v2\/product_brand?post=147320"},{"taxonomy":"product_cat","embeddable":true,"href":"https:\/\/pizbube.ch\/en\/wp-json\/wp\/v2\/product_cat?post=147320"},{"taxonomy":"product_tag","embeddable":true,"href":"https:\/\/pizbube.ch\/en\/wp-json\/wp\/v2\/product_tag?post=147320"}],"curies":[{"name":"wp","href":"https:\/\/api.w.org\/{rel}","templated":true}]}}