{"id":147324,"date":"2021-01-15T10:55:04","date_gmt":"2021-01-15T10:55:04","guid":{"rendered":"https:\/\/codengine3.ch\/?product=import-placeholder-for-200192"},"modified":"2024-07-03T10:05:21","modified_gmt":"2024-07-03T08:05:21","slug":"voies-normales-et-classiques-des-ecrins","status":"publish","type":"product","link":"https:\/\/pizbube.ch\/en\/shop\/voies-normales-et-classiques-des-ecrins\/","title":{"rendered":"VOIES NORMALES et CLASSIQUES des ECRINS"},"content":{"rendered":"<p>Un nouveau topo d&#8217;alpinisme estival qui couvre les \u00c9crins, l&#8217;Oisans, le<br \/>\nValgaudemar, le Valjouffrey. Il vous accompagnera dans vos aventures alpines,<br \/>\navec une s\u00e9lection d&#8217;itin\u00e9raires vari\u00e9s qui se veut \u00eatre la plus ouverte<br \/>\npossible.<\/p>\n<p>Ce topo pr\u00e9sente les voies normales et les grandes classiques abordables des<br \/>\nsommets les plus embl\u00e9matiques, avec de nombreuses variantes d\u00e9crites, des<br \/>\nastuces, des travers\u00e9es et des id\u00e9es de circuits alpins sur plusieurs jours.<br \/>\nCe topo-guide tient compte de l&#8217;\u00e9volution des conditions de la montagne.<\/p>\n<p>Complet, ce topo-guide tient compte de l&#8217;\u00e9volution des conditions de la<br \/>\nmontagne. Chaque itin\u00e9raire est d\u00e9crit dans son int\u00e9gralit\u00e9 avec l&#8217;approche,<br \/>\nla mont\u00e9e, la descente et des conseils sur la strat\u00e9gie sont pr\u00e9sent\u00e9s pour<br \/>\nchaque sommet.<\/p>\n<p>\u2022 80 itin\u00e9raires d\u00e9crits (de F \u00e0 D)<br \/>\n\u2022 20 variantes<br \/>\n\u2022 10 circuits alpins<br \/>\n\u2022 27 cartes pr\u00e9cises<br \/>\n\u2022 153 trac\u00e9s sur photos ou croquis<br \/>\n\u2022 145 photos d\u2019illustration<\/p>","protected":false},"excerpt":{"rendered":"<p>Un nouveau topo d&#8217;alpinisme estival qui couvre les \u00c9crins, l&#8217;Oisans, le Valgaudemar, le Valjouffrey. Il vous accompagnera dans vos aventures alpines, avec une s\u00e9lection d&#8217;itin\u00e9raires vari\u00e9s qui se veut \u00eatre la plus ouverte possible. Ce topo pr\u00e9sente les voies normales et les grandes classiques abordables des sommets les plus embl\u00e9matiques, avec de nombreuses variantes d\u00e9crites, [&#8230;]\n","protected":false},"featured_media":168778,"template":"","meta":[],"product_brand":[],"product_cat":[21544],"product_tag":[],"class_list":{"0":"post-147324","1":"product","2":"type-product","3":"status-publish","4":"has-post-thumbnail","6":"product_cat-fuehrerliteratur-alpin-sommer","7":"pa_autor-constant","8":"pa_erscheinungsjahr-21586","9":"pa_region-frankreich","10":"pa_sprache-fr","12":"first","13":"instock","14":"taxable","15":"shipping-taxable","16":"purchasable","17":"product-type-simple"},"_links":{"self":[{"href":"https:\/\/pizbube.ch\/en\/wp-json\/wp\/v2\/product\/147324","targetHints":{"allow":["GET"]}}],"collection":[{"href":"https:\/\/pizbube.ch\/en\/wp-json\/wp\/v2\/product"}],"about":[{"href":"https:\/\/pizbube.ch\/en\/wp-json\/wp\/v2\/types\/product"}],"wp:featuredmedia":[{"embeddable":true,"href":"https:\/\/pizbube.ch\/en\/wp-json\/wp\/v2\/media\/168778"}],"wp:attachment":[{"href":"https:\/\/pizbube.ch\/en\/wp-json\/wp\/v2\/media?parent=147324"}],"wp:term":[{"taxonomy":"product_brand","embeddable":true,"href":"https:\/\/pizbube.ch\/en\/wp-json\/wp\/v2\/product_brand?post=147324"},{"taxonomy":"product_cat","embeddable":true,"href":"https:\/\/pizbube.ch\/en\/wp-json\/wp\/v2\/product_cat?post=147324"},{"taxonomy":"product_tag","embeddable":true,"href":"https:\/\/pizbube.ch\/en\/wp-json\/wp\/v2\/product_tag?post=147324"}],"curies":[{"name":"wp","href":"https:\/\/api.w.org\/{rel}","templated":true}]}}