{"id":147325,"date":"2021-01-15T10:55:04","date_gmt":"2021-01-15T10:55:04","guid":{"rendered":"https:\/\/codengine3.ch\/?product=import-placeholder-for-206011"},"modified":"2021-01-15T14:45:40","modified_gmt":"2021-01-15T14:45:40","slug":"ascensions-en-neige-et-mixte-ecrins-est-cerces-queyras","status":"publish","type":"product","link":"https:\/\/pizbube.ch\/en\/shop\/ascensions-en-neige-et-mixte-ecrins-est-cerces-queyras\/","title":{"rendered":"ASCENSIONS EN NEIGE ET MIXTE Ecrins Est, Cerces, Queyras"},"content":{"rendered":"<p>344 itin\u00e9raires d&#8217;alpinisme et de ski de montagne<br \/>\nTome 1, Ecrins Est, Cerces, Queyras<br \/>\nTopo d\u2019alpinisme et de ski de montagne  <\/p>\n<p>Ce premier tome propose 344 itin\u00e9raires d&#8217;alpinisme et de ski de montagne.<br \/>\nChaque itin\u00e9raire est d\u00e9crit dans son int\u00e9gralit\u00e9 avec l&#8217;approche, la mont\u00e9e,<br \/>\nla descente.  <\/p>\n<p>\u2022 48 nouveaux itin\u00e9raires<br \/>\n\u2022 189 trac\u00e9s sur photos<br \/>\n\u2022 32 cartes pr\u00e9cises<br \/>\n\u2022 188 photos d\u2019illustration<br \/>\n\u2022 60 topos in\u00e9dits<br \/>\n\u2022 3 Index : par sommet, par difficult\u00e9, par nom<br \/>\n\u2022 Des tribunes libres d&#8217;alpinistes et de skieurs  <\/p>","protected":false},"excerpt":{"rendered":"<p>344 itin\u00e9raires d&#8217;alpinisme et de ski de montagne Tome 1, Ecrins Est, Cerces, Queyras Topo d\u2019alpinisme et de ski de montagne Ce premier tome propose 344 itin\u00e9raires d&#8217;alpinisme et de ski de montagne. Chaque itin\u00e9raire est d\u00e9crit dans son int\u00e9gralit\u00e9 avec l&#8217;approche, la mont\u00e9e, la descente. \u2022 48 nouveaux itin\u00e9raires \u2022 189 trac\u00e9s sur photos [&#8230;]\n","protected":false},"featured_media":34895,"template":"","meta":[],"product_brand":[],"product_cat":[21544],"product_tag":[],"class_list":{"0":"post-147325","1":"product","2":"type-product","3":"status-publish","4":"has-post-thumbnail","6":"product_cat-fuehrerliteratur-alpin-sommer","7":"pa_autor-constant","8":"pa_erscheinungsjahr-21693","9":"pa_region-frankreich","10":"pa_sprache-fr","12":"first","13":"instock","14":"taxable","15":"shipping-taxable","16":"purchasable","17":"product-type-simple"},"_links":{"self":[{"href":"https:\/\/pizbube.ch\/en\/wp-json\/wp\/v2\/product\/147325","targetHints":{"allow":["GET"]}}],"collection":[{"href":"https:\/\/pizbube.ch\/en\/wp-json\/wp\/v2\/product"}],"about":[{"href":"https:\/\/pizbube.ch\/en\/wp-json\/wp\/v2\/types\/product"}],"wp:featuredmedia":[{"embeddable":true,"href":"https:\/\/pizbube.ch\/en\/wp-json\/wp\/v2\/media\/34895"}],"wp:attachment":[{"href":"https:\/\/pizbube.ch\/en\/wp-json\/wp\/v2\/media?parent=147325"}],"wp:term":[{"taxonomy":"product_brand","embeddable":true,"href":"https:\/\/pizbube.ch\/en\/wp-json\/wp\/v2\/product_brand?post=147325"},{"taxonomy":"product_cat","embeddable":true,"href":"https:\/\/pizbube.ch\/en\/wp-json\/wp\/v2\/product_cat?post=147325"},{"taxonomy":"product_tag","embeddable":true,"href":"https:\/\/pizbube.ch\/en\/wp-json\/wp\/v2\/product_tag?post=147325"}],"curies":[{"name":"wp","href":"https:\/\/api.w.org\/{rel}","templated":true}]}}