{"id":147327,"date":"2021-01-15T10:55:04","date_gmt":"2021-01-15T10:55:04","guid":{"rendered":"https:\/\/codengine3.ch\/?product=import-placeholder-for-204045"},"modified":"2022-04-07T12:30:55","modified_gmt":"2022-04-07T10:30:55","slug":"alpinisme-facile-dans-le-massif-des-ecrins","status":"publish","type":"product","link":"https:\/\/pizbube.ch\/en\/shop\/alpinisme-facile-dans-le-massif-des-ecrins\/","title":{"rendered":"Alpinisme facile dans le massif des Ecrins"},"content":{"rendered":"<p>La liste des courses les plus pris\u00e9es du massif, celles qu`il `faut avoir<br \/>\nfaites`, n\u00e9cessite donc des r\u00e9actualisations p\u00e9riodiques. C`est ce que font<br \/>\ndans cet ouvrage deux guides de haute montagne et un photographe<br \/>\nprofessionnel, tous grands sp\u00e9cialistes du massif des Ecrins et apportant un<br \/>\nsoin particulier \u00e0 la pr\u00e9cision des informations. Les itin\u00e9raires d\u00e9crits<br \/>\nrestent volontairement peu difficiles et ce guide s`adresse au plus grand<br \/>\nnombre.<br \/>\n25 courses sont d\u00e9crites.<\/p>\n<p>Dans le petit monde de l`alpinisme, une longue tradition a \u00e9tabli une liste<br \/>\ndes courses classiques, selon des crit\u00e8res d`esth\u00e9tique, d`altitude ou de<br \/>\nsimple commodit\u00e9 d`acc\u00e8s. L`\u00e9volution r\u00e9cente des mentalit\u00e9s et des<br \/>\ntechniques, l`accroissement de la fr\u00e9quentation, la d\u00e9couverte de nouveaux<br \/>\nitin\u00e9raires et, derni\u00e8rement, la disparition de certains glaciers ou de<br \/>\ncouloirs ont parfois modifi\u00e9 ces r\u00e9f\u00e9rences.<\/p>\n<p>La liste des courses les plus<br \/>\npris\u00e9es du massif, celles qu`il &#171;faut avoir faites&#187;, n\u00e9cessite donc des<br \/>\nr\u00e9actualisations p\u00e9riodiques. C`est ce qu`ont fait deux guides de haute<br \/>\nmontagne et un photographe professionnel, tous trois parfaits connaisseurs du<br \/>\nmassif des \u00c9crins. Les itin\u00e9raires d\u00e9crits restent volontairement peu<br \/>\ndifficiles et ce guide s`adresse au plus grand nombre.<\/p>","protected":false},"excerpt":{"rendered":"<p><strong>NEUAUFLAGE LAUT VERLAG GEPLANT, TEMIN UNBESTIMMT&#8230;<\/strong><\/p>","protected":false},"featured_media":31781,"template":"","meta":[],"product_brand":[],"product_cat":[21544],"product_tag":[],"class_list":{"0":"post-147327","1":"product","2":"type-product","3":"status-publish","4":"has-post-thumbnail","6":"product_cat-fuehrerliteratur-alpin-sommer","7":"pa_autor-chevaillot-grobel","8":"pa_erscheinungsjahr-21550","9":"pa_region-frankreich","10":"pa_sprache-fr","12":"first","13":"outofstock","14":"taxable","15":"shipping-taxable","16":"purchasable","17":"product-type-simple"},"_links":{"self":[{"href":"https:\/\/pizbube.ch\/en\/wp-json\/wp\/v2\/product\/147327","targetHints":{"allow":["GET"]}}],"collection":[{"href":"https:\/\/pizbube.ch\/en\/wp-json\/wp\/v2\/product"}],"about":[{"href":"https:\/\/pizbube.ch\/en\/wp-json\/wp\/v2\/types\/product"}],"wp:featuredmedia":[{"embeddable":true,"href":"https:\/\/pizbube.ch\/en\/wp-json\/wp\/v2\/media\/31781"}],"wp:attachment":[{"href":"https:\/\/pizbube.ch\/en\/wp-json\/wp\/v2\/media?parent=147327"}],"wp:term":[{"taxonomy":"product_brand","embeddable":true,"href":"https:\/\/pizbube.ch\/en\/wp-json\/wp\/v2\/product_brand?post=147327"},{"taxonomy":"product_cat","embeddable":true,"href":"https:\/\/pizbube.ch\/en\/wp-json\/wp\/v2\/product_cat?post=147327"},{"taxonomy":"product_tag","embeddable":true,"href":"https:\/\/pizbube.ch\/en\/wp-json\/wp\/v2\/product_tag?post=147327"}],"curies":[{"name":"wp","href":"https:\/\/api.w.org\/{rel}","templated":true}]}}