{"id":147328,"date":"2021-01-15T10:55:04","date_gmt":"2021-01-15T10:55:04","guid":{"rendered":"https:\/\/codengine3.ch\/?product=import-placeholder-for-207624"},"modified":"2021-01-15T16:05:16","modified_gmt":"2021-01-15T16:05:16","slug":"ecrins-4102m-7-routes-to-the-dome-and-the-barre","status":"publish","type":"product","link":"https:\/\/pizbube.ch\/en\/shop\/ecrins-4102m-7-routes-to-the-dome-and-the-barre\/","title":{"rendered":"Ecrins 4102m &#8211; 7 routes to the Dome and the Barre"},"content":{"rendered":"<p>In this book, mountain guide Jean-Rene Minelli provides the keys to seven<br \/>\nselected routes, some classics, others overlooked, providing detailed<br \/>\ndescriptions and photodiagrams.<br \/>\nThe Vallouise face, formed by the scintillating slopes of the famous Glacier<br \/>\nBlanc, is home to the ordinary route and its variants &#8211; magnificent climbs for<br \/>\nthose looking to do their first `4000er` or a high-altitude traverse: Dome de<br \/>\nNeige des Ecrins, Barre des Ecrins, Barre Noire Couloir.<\/p>\n<p>The Veneon face, criss-crossed by a harmonious array of rocky ridges and snowy<br \/>\ncouloirs, provides more secluded routes that will delight mountaineers looking<br \/>\nto get away from the crowds: Grand Traverse of the Barre, Gaspard Route, Young<br \/>\nCouloir, Col des Ecrins.<br \/>\nWith its expert tips on preparation, strategy and gear, its practical<br \/>\ninformation and historical overview, the introduction stresses the alpine<br \/>\nnature of the climbs on the Dome and Barre des Ecrins. Each route is described<br \/>\nin detail with times, an outline map and numerous photo diagrams.<\/p>\n<p>Minelli, guide de haute montagne, livre dans cetopo les clefs de 7 itin\u00e9raires<br \/>\nchoisis \u2014 classiquesou oubli\u00e9s \u2014 minutieusement d\u00e9crits et trac\u00e9s surphotos.<br \/>\nVersant Vallouise, s\u2019\u00e9coule la face glaciaire \u00e9tincelante du c\u00e9l\u00e8bre glacier<br \/>\nBlanc surlequel s\u2019insinue la voie normale et ses variantes, magnifiques<br \/>\nparcours pour lespr\u00e9tendants \u00e0 un \u00ab premier 4000 \u00bb ou les amateurs de<br \/>\ntravers\u00e9es a\u00e9riennes : D\u00f4mede Neige des \u00c9crins, Barre des \u00c9crins, couloir de<br \/>\nBarre Noire.  <\/p>\n<p>Versant V\u00e9n\u00e9on, faces sculpt\u00e9es et couloirs de neige se m\u00ealent<br \/>\nharmonieusementpour offrir des itin\u00e9raires secrets qui ne manqueront pas de<br \/>\ncombler l\u2019amateurd\u2019alpinisme sauvage : Grande Travers\u00e9e de la Barre, voie<br \/>\nGaspard, couloir Young,col des \u00c9crins.<\/p>\n<p>In English and French languages.<\/p>","protected":false},"excerpt":{"rendered":"<p>In this book, mountain guide Jean-Rene Minelli provides the keys to seven selected routes, some classics, others overlooked, providing detailed descriptions and photodiagrams. The Vallouise face, formed by the scintillating slopes of the famous Glacier Blanc, is home to the ordinary route and its variants &#8211; magnificent climbs for those looking to do their first [&#8230;]\n","protected":false},"featured_media":37984,"template":"","meta":[],"product_brand":[],"product_cat":[21544],"product_tag":[],"class_list":{"0":"post-147328","1":"product","2":"type-product","3":"status-publish","4":"has-post-thumbnail","6":"product_cat-fuehrerliteratur-alpin-sommer","7":"pa_autor-minelli","8":"pa_erscheinungsjahr-21568","9":"pa_region-frankreich","10":"pa_sprache-en-fr","12":"first","13":"instock","14":"taxable","15":"shipping-taxable","16":"purchasable","17":"product-type-simple"},"_links":{"self":[{"href":"https:\/\/pizbube.ch\/en\/wp-json\/wp\/v2\/product\/147328","targetHints":{"allow":["GET"]}}],"collection":[{"href":"https:\/\/pizbube.ch\/en\/wp-json\/wp\/v2\/product"}],"about":[{"href":"https:\/\/pizbube.ch\/en\/wp-json\/wp\/v2\/types\/product"}],"wp:featuredmedia":[{"embeddable":true,"href":"https:\/\/pizbube.ch\/en\/wp-json\/wp\/v2\/media\/37984"}],"wp:attachment":[{"href":"https:\/\/pizbube.ch\/en\/wp-json\/wp\/v2\/media?parent=147328"}],"wp:term":[{"taxonomy":"product_brand","embeddable":true,"href":"https:\/\/pizbube.ch\/en\/wp-json\/wp\/v2\/product_brand?post=147328"},{"taxonomy":"product_cat","embeddable":true,"href":"https:\/\/pizbube.ch\/en\/wp-json\/wp\/v2\/product_cat?post=147328"},{"taxonomy":"product_tag","embeddable":true,"href":"https:\/\/pizbube.ch\/en\/wp-json\/wp\/v2\/product_tag?post=147328"}],"curies":[{"name":"wp","href":"https:\/\/api.w.org\/{rel}","templated":true}]}}