{"id":147329,"date":"2021-01-15T10:55:04","date_gmt":"2021-01-15T10:55:04","guid":{"rendered":"https:\/\/codengine3.ch\/?product=import-placeholder-for-202869"},"modified":"2021-01-15T12:40:04","modified_gmt":"2021-01-15T12:40:04","slug":"ecrins-ascensions-choisies","status":"publish","type":"product","link":"https:\/\/pizbube.ch\/en\/shop\/ecrins-ascensions-choisies\/","title":{"rendered":"Ecrins Ascensions choisies"},"content":{"rendered":"<p>Cet ouvrage pr\u00e9sente la plupart des versants et des montagnes du plus grand et<br \/>\ndu plus sauvage massif des Alpes fran\u00e7aises, perle du Haut Dauphin\u00e9, p\u00f4le<br \/>\nmajeur de l`alpinisme avec des sommit\u00e9s comme la Meije, la Barre des Ecrins ou<br \/>\nle Pelvoux.<br \/>\nLes sommets sont localis\u00e9s avec pr\u00e9cision et, le texte et l`image permettent<br \/>\nd`en comprendre l`importance physique et historique. C`est avant tout un tr\u00e8s<br \/>\nbeau livre, et les images soign\u00e9es de Fr\u00e9d\u00e9ric Chevaillot feront r\u00eaver les<br \/>\nnombreux passionn\u00e9s du massif comme les n\u00e9ophytes. Mais c`est aussi un outil<br \/>\nqui permet de visualiser les principales courses et de faire des projets.  <\/p>\n<p>Roche Paillon Le R\u00e2teau &#8211; face Sud-Est Tour Carr\u00e9e de Roche M\u00e9ane &#8211; face Sud<br \/>\nLes Rouies, pointe 3 527 &#8211; couloir en S Col Claire &#8211; face Nord Mont Gioberney<br \/>\n&#8211; mur de glace Pointe Brevoort &#8211; ar\u00eate Sud Pic Coolidge &#8211; couloir Nord Bans,<br \/>\nsommet NW &#8211; couloir Macho Site Sud du Replat &#8211; pilier Ch\u00ebze Tour Choisy &#8211; face<br \/>\nEst Cornes de Pi\u00e8 B\u00e9rarde &#8211; \u00c9peron NNE Aiguille Dibona &#8211; Berthet-Boell-7 d`un<br \/>\ncoup-Stofer Aiguille de Sialouze &#8211; travers\u00e9e Col de la Roche Faurio &#8211; face<br \/>\nNord Pic Jocelme &#8211; couloir Nord-Est Pic de Chamoissi\u00e8re &#8211; goulotte Cret Col<br \/>\nOccidental du Soreiller &#8211; couloir Dalloz Sirac &#8211; ar\u00eate Nord Aiguille de l`Olan<br \/>\n&#8211; \u00c9peron Central Pyramide Duhamel &#8211; ar\u00eate de la Convention Pointes de Burlan &#8211;<br \/>\nRemise Flo Roche de la Muzelle &#8211; couloir Durdan Pointe des Aigles &#8211; ar\u00eate<br \/>\nOuest D\u00f9me du Monitier &#8211; Fantomas Pic Gaspard &#8211; voie Piaget Contreforts des<br \/>\nBans &#8211; Isabelle aux Bans Site de Lauranoure &#8211; voie Jonot Pointe d`Amont &#8211;<br \/>\nar\u00eate Nord Pointe Thorant &#8211; pilier ENE Site des F\u00e9toules &#8211; ar\u00eate Ouest Les<br \/>\nBans &#8211; pilier Nord-Est Barre des \u00c9crins &#8211; face Sud et travers\u00e9e Ailefroide<br \/>\nOrientale\/Ailefroide Centrale travers\u00e9e Pointe Claire &#8211; ar\u00eate Sud Grande<br \/>\nAiguille de La B\u00e9rarde &#8211; Granitude Vaccivier, pic Central &#8211; Saxifrage Pourpre<br \/>\nSite du Rouget &#8211; Tarin Rouge La Meije &#8211; travers\u00e9e La Meije &#8211; couloir<br \/>\nGravelotte Pic Sans Nom, \u00e9paule Ouest &#8211; voie Kelle Les Rouies &#8211; la Rampe<\/p>","protected":false},"excerpt":{"rendered":"<ul>\n<li><b>INFO: R\u00e9impression annonc\u00e9e&#8230;<b><\/li>\n<\/ul>","protected":false},"featured_media":30335,"template":"","meta":[],"product_brand":[],"product_cat":[21544],"product_tag":[],"class_list":{"0":"post-147329","1":"product","2":"type-product","3":"status-publish","4":"has-post-thumbnail","6":"product_cat-fuehrerliteratur-alpin-sommer","7":"pa_autor-chevaillot","8":"pa_erscheinungsjahr-22242","9":"pa_region-frankreich","10":"pa_sprache-fr","12":"first","13":"outofstock","14":"taxable","15":"shipping-taxable","16":"purchasable","17":"product-type-simple"},"_links":{"self":[{"href":"https:\/\/pizbube.ch\/en\/wp-json\/wp\/v2\/product\/147329","targetHints":{"allow":["GET"]}}],"collection":[{"href":"https:\/\/pizbube.ch\/en\/wp-json\/wp\/v2\/product"}],"about":[{"href":"https:\/\/pizbube.ch\/en\/wp-json\/wp\/v2\/types\/product"}],"wp:featuredmedia":[{"embeddable":true,"href":"https:\/\/pizbube.ch\/en\/wp-json\/wp\/v2\/media\/30335"}],"wp:attachment":[{"href":"https:\/\/pizbube.ch\/en\/wp-json\/wp\/v2\/media?parent=147329"}],"wp:term":[{"taxonomy":"product_brand","embeddable":true,"href":"https:\/\/pizbube.ch\/en\/wp-json\/wp\/v2\/product_brand?post=147329"},{"taxonomy":"product_cat","embeddable":true,"href":"https:\/\/pizbube.ch\/en\/wp-json\/wp\/v2\/product_cat?post=147329"},{"taxonomy":"product_tag","embeddable":true,"href":"https:\/\/pizbube.ch\/en\/wp-json\/wp\/v2\/product_tag?post=147329"}],"curies":[{"name":"wp","href":"https:\/\/api.w.org\/{rel}","templated":true}]}}