{"id":147330,"date":"2021-01-15T10:55:04","date_gmt":"2021-01-15T10:55:04","guid":{"rendered":"https:\/\/codengine3.ch\/?product=import-placeholder-for-206031"},"modified":"2024-08-02T09:32:55","modified_gmt":"2024-08-02T07:32:55","slug":"alpinisme-en-vanoise","status":"publish","type":"product","link":"https:\/\/pizbube.ch\/en\/shop\/alpinisme-en-vanoise\/","title":{"rendered":"Alpinisme en Vanoise"},"content":{"rendered":"<p>Voies classiques et modernes<\/p>\n<p>Cet ouvrage pr\u00e9sente une s\u00e9lection de voies d&#8217;alpinisme et d&#8217;escalade un peu plus soutenues (de AD \u00e0 TD) et correspondant aux canons de la pratique actuelle. Les auteurs ont choisi de m\u00ealer les classiques aux voies plus &#8217;secr\u00e8tes&#8216; ou nouvelles, dans le souci d&#8217;aborder tous les domaines de l&#8217;alpinisme (neige, glace, rocher, mixte) et d&#8217;en repr\u00e9senter toutes les facettes, en toutes saisons et dans tous les recoins du massif et de sa p\u00e9riph\u00e9rie. Toutes les courses sont accessibles depuis la Tarentaise ou la Maurienne, soit \u00e0 la journ\u00e9e, soit en ayant recours aux nombreux refuges.<\/p>\n<p>Apr\u00e8s <i>Sommets de Vanoise<\/i> o\u00f9 Bernard Vion et Patrick Col d\u00e9crivaient les plus belles courses faciles du massif, cet ouvrage pr\u00e9sente une s\u00e9lection de voies d&#8217;alpinisme et d&#8217;escalade un peu plus soutenues (de AD \u00e0 TD) et correspondant aux canons de la pratique actuelle. Les auteurs ont choisi de m\u00ealer les classiques aux voies plus &#171;secr\u00e8tes&#187; ou nouvelles, dans le souci d&#8217;aborder tous les domaines de l&#8217;alpinisme (neige, glace, rocher, mixte) et d&#8217;en repr\u00e9senter toutes les facettes, en toutes saisons et dans tous les recoins du massif et de sa p\u00e9riph\u00e9rie. Toutes les courses sont accessibles depuis la Tarentaise ou la Maurienne, soit \u00e0 la journ\u00e9e, soit en ayant recours aux nombreux refuges.<\/p>","protected":false},"excerpt":{"rendered":"<p>Voies classiques et modernes Cet ouvrage pr\u00e9sente une s\u00e9lection de voies d&#8217;alpinisme et d&#8217;escalade un peu plus soutenues (de AD \u00e0 TD) et correspondant aux canons de la pratique actuelle. Les auteurs ont choisi de m\u00ealer les classiques aux voies plus &#8217;secr\u00e8tes&#8216; ou nouvelles, dans le souci d&#8217;aborder tous les domaines de l&#8217;alpinisme (neige, glace, [&#8230;]\n","protected":false},"featured_media":172731,"template":"","meta":[],"product_brand":[],"product_cat":[21544],"product_tag":[],"class_list":{"0":"post-147330","1":"product","2":"type-product","3":"status-publish","4":"has-post-thumbnail","6":"product_cat-fuehrerliteratur-alpin-sommer","7":"pa_autor-prebay-mouchene","8":"pa_erscheinungsjahr-21830","9":"pa_region-frankreich","10":"pa_sprache-fr","12":"first","13":"outofstock","14":"taxable","15":"shipping-taxable","16":"purchasable","17":"product-type-simple"},"_links":{"self":[{"href":"https:\/\/pizbube.ch\/en\/wp-json\/wp\/v2\/product\/147330","targetHints":{"allow":["GET"]}}],"collection":[{"href":"https:\/\/pizbube.ch\/en\/wp-json\/wp\/v2\/product"}],"about":[{"href":"https:\/\/pizbube.ch\/en\/wp-json\/wp\/v2\/types\/product"}],"wp:featuredmedia":[{"embeddable":true,"href":"https:\/\/pizbube.ch\/en\/wp-json\/wp\/v2\/media\/172731"}],"wp:attachment":[{"href":"https:\/\/pizbube.ch\/en\/wp-json\/wp\/v2\/media?parent=147330"}],"wp:term":[{"taxonomy":"product_brand","embeddable":true,"href":"https:\/\/pizbube.ch\/en\/wp-json\/wp\/v2\/product_brand?post=147330"},{"taxonomy":"product_cat","embeddable":true,"href":"https:\/\/pizbube.ch\/en\/wp-json\/wp\/v2\/product_cat?post=147330"},{"taxonomy":"product_tag","embeddable":true,"href":"https:\/\/pizbube.ch\/en\/wp-json\/wp\/v2\/product_tag?post=147330"}],"curies":[{"name":"wp","href":"https:\/\/api.w.org\/{rel}","templated":true}]}}