{"id":147331,"date":"2021-01-15T10:55:04","date_gmt":"2021-01-15T10:55:04","guid":{"rendered":"https:\/\/codengine3.ch\/?product=import-placeholder-for-207814"},"modified":"2026-03-28T09:07:44","modified_gmt":"2026-03-28T08:07:44","slug":"massif-des-ecrins-alpinisme-plaisir-courses-de-f-a-td","status":"publish","type":"product","link":"https:\/\/pizbube.ch\/en\/shop\/massif-des-ecrins-alpinisme-plaisir-courses-de-f-a-td\/","title":{"rendered":"Massif des \u00c9crins &#8211; Alpinisme plaisir, Courses de F \u00e0 TD"},"content":{"rendered":"<p>Massif sauvage et authentique car \u00e9pargn\u00e9 par les \u00e9quipements m\u00e9caniques et pr\u00e9serv\u00e9 par un parc national, les \u00c9crins sont un haut lieu des activit\u00e9s de montagne \u00e0 toutes les saisons et surtout celui de l\u2019alpinisme.<\/p>\n<p>Avec ses hauts sommets prestigieux \u2013 certains d\u00e9passant les 4 000 m d\u2019altitude (Barre des \u00c9crins), d\u2019autres les effleurant (la Meije, Ailefroide, Pelvoux&#8230;) \u2013, ses belles faces rocheuses et ses glaciers, le massif des \u00c9crins est une destination pris\u00e9e pour l\u2019alpinisme. Le massif b\u00e9n\u00e9ficie d&#8217;une m\u00e9t\u00e9o plus cl\u00e9mente que dans le nord des Alpes et propose une grande vari\u00e9t\u00e9 de courses et une bonne qualit\u00e9 de rocher.<\/p>\n<p>Fr\u00e9d\u00e9ric Jullien, guide de haute montagne, propose une s\u00e9lection de quarante courses, de niveau facile \u00e0 tr\u00e8s difficile, repr\u00e9sentatives des conditions actuelles de la montagne : des itin\u00e9raires glaciaires, int\u00e9gralement rocheux ou mixtes, qu\u2019ils soient incontournables, r\u00e9cents, mais aussi classiques. Un ouvrage qui s\u2019adresse au plus grand nombre de pratiquants qui trouveront toutes les informations d\u00e9taill\u00e9es et indispensables, ainsi que les images pour faire leur choix en fonction de leur niveau et de leur envie.<\/p>\n<div class=\"field field-name-hw-livre-themes field-type-taxonomy-term-reference field-label-inline clearfix clearfix\">Fiches techniques t\u00e9l\u00e9charchables\u00e0 partir de votre Smartphone.<\/div>\n<div class=\"form-item form-type-item\">\n<div class=\"field field-name-hw-livre-format clearfix\">\n<div class=\"field-label\"><\/div>\n<div class=\"field-items\">\n<div class=\"field-item even\">177 x 250 mm<\/div>\n<\/div>\n<\/div>\n<\/div>\n<div class=\"field field-name-hw-livre-nb-pages field-type-number-integer field-label-inline clearfix clearfix\">\n<div class=\"field-item even\">Pages : 192<\/div>\n<\/div>","protected":false},"excerpt":{"rendered":"<p>Massif sauvage et authentique car \u00e9pargn\u00e9 par les \u00e9quipements m\u00e9caniques et pr\u00e9serv\u00e9 par un parc national, les \u00c9crins sont un haut lieu des activit\u00e9s de montagne \u00e0 toutes les saisons et surtout celui de l\u2019alpinisme. Avec ses hauts sommets prestigieux \u2013 certains d\u00e9passant les 4 000 m d\u2019altitude (Barre des \u00c9crins), d\u2019autres les effleurant (la [&#8230;]\n","protected":false},"featured_media":158790,"template":"","meta":[],"product_brand":[],"product_cat":[21544],"product_tag":[],"class_list":{"0":"post-147331","1":"product","2":"type-product","3":"status-publish","4":"has-post-thumbnail","6":"product_cat-fuehrerliteratur-alpin-sommer","7":"pa_autor-jullien","8":"pa_erscheinungsjahr-21586","9":"pa_region-frankreich","10":"pa_sprache-fr","12":"first","13":"instock","14":"taxable","15":"shipping-taxable","16":"purchasable","17":"product-type-simple"},"_links":{"self":[{"href":"https:\/\/pizbube.ch\/en\/wp-json\/wp\/v2\/product\/147331","targetHints":{"allow":["GET"]}}],"collection":[{"href":"https:\/\/pizbube.ch\/en\/wp-json\/wp\/v2\/product"}],"about":[{"href":"https:\/\/pizbube.ch\/en\/wp-json\/wp\/v2\/types\/product"}],"wp:featuredmedia":[{"embeddable":true,"href":"https:\/\/pizbube.ch\/en\/wp-json\/wp\/v2\/media\/158790"}],"wp:attachment":[{"href":"https:\/\/pizbube.ch\/en\/wp-json\/wp\/v2\/media?parent=147331"}],"wp:term":[{"taxonomy":"product_brand","embeddable":true,"href":"https:\/\/pizbube.ch\/en\/wp-json\/wp\/v2\/product_brand?post=147331"},{"taxonomy":"product_cat","embeddable":true,"href":"https:\/\/pizbube.ch\/en\/wp-json\/wp\/v2\/product_cat?post=147331"},{"taxonomy":"product_tag","embeddable":true,"href":"https:\/\/pizbube.ch\/en\/wp-json\/wp\/v2\/product_tag?post=147331"}],"curies":[{"name":"wp","href":"https:\/\/api.w.org\/{rel}","templated":true}]}}