{"id":147333,"date":"2021-01-15T10:55:04","date_gmt":"2021-01-15T10:55:04","guid":{"rendered":"https:\/\/codengine3.ch\/?product=import-placeholder-for-208713"},"modified":"2025-09-24T11:41:05","modified_gmt":"2025-09-24T09:41:05","slug":"hochtouren-westalpen-102-fels-und-eistouren-zwischen-monviso-und-mont-blanc-band-2","status":"publish","type":"product","link":"https:\/\/pizbube.ch\/en\/shop\/hochtouren-westalpen-102-fels-und-eistouren-zwischen-monviso-und-mont-blanc-band-2\/","title":{"rendered":"Hochtouren Westalpen &#8211; 102 Fels- und Eistouren zwischen Monviso und Mont Blanc (Band 2)"},"content":{"rendered":"<p>102 Traumtouren in den franz\u00f6sischen und italienischen Westalpen<\/p>\n<p>Nach den zu beliebten Klassikern gewordenen \u00bbHochtouren Ostalpen\u00ab und \u00bbHochtouren Westalpen 1\u00ab schlie\u00dft der Band \u00bbHochtouren Westalpen 2\u00ab nun mit den franz\u00f6sischen und italienischen Westalpen die verbliebene L\u00fccke.<\/p>\n<p>Die Auswahl der 102 Fels- und Eistouren beginnt westlich des Wallis mit der Mont-Blanc-Gruppe und reicht \u00fcber die Gran-Paradiso-Gruppe, die Vanoise und die Dauphin\u00e9 bis zum Monviso. Neben Klassikern werden auch sch\u00f6ne Varianten sowie weniger bekannte, aber umso spannendere Ziele beschrieben. Darunter finden sich relativ leichte Hochtouren bis zu extreme Felstouren sowie einige Skihochtouren.<\/p>\n<p><span class=\"value\">Die im Buch vorgestellte Auswahl der Fels- und Eistouren beginnt im S\u00fcden mit dem Monviso, umfasst die wichtigsten Berge in der Dauphin\u00e9 und den Grajischen Alpen und beinhaltet als Schwerpunkt die Mont Blanc Gruppe. Die Bandbreite reicht von Klassikern wie der \u00dcberschreitung des Mont Blanc oder der Meije \u00fcber wenig bekannte Hochtouren in der Vanoise bis hin zu den modernen Alpinkletterrouten an den Aiguilles von Chamonix oder an den Aiguilles Dor\u00e9es. Aber auch besondere Varianten und Gipfel, die man ganz sicher als spannende Geheimtipps bezeichnen kann, werden beschrieben. <\/span><\/p>\n<p>Die hochwertigen Bilder von Ralf Gantzhorn machen Lust auf die Touren und informieren zugleich \u00fcber Lage und Anstieg. Fotos mit eingezeichnetem Routenverlauf bzw. Topos erleichtern die Wegfindung. Mit den aktuellen und pr\u00e4zisen Beschreibungen h\u00e4lt der Bergsteiger hier ein weiteres unentbehrliches Standardwerk in den H\u00e4nden.<\/p>\n<p>3., aktualisierte Auflage 2024<br \/>\n352 Seiten mit 200 Farbabbildungen<br \/>\n30 Tourenkarten im Ma\u00dfstab 1:50.000<br \/>\nVerfasst nach den Richtlinien der UIAA<\/p>","protected":false},"excerpt":{"rendered":"<p>102 Traumtouren in den franz\u00f6sischen und italienischen Westalpen Nach den zu beliebten Klassikern gewordenen \u00bbHochtouren Ostalpen\u00ab und \u00bbHochtouren Westalpen 1\u00ab schlie\u00dft der Band \u00bbHochtouren Westalpen 2\u00ab nun mit den franz\u00f6sischen und italienischen Westalpen die verbliebene L\u00fccke. Die Auswahl der 102 Fels- und Eistouren beginnt westlich des Wallis mit der Mont-Blanc-Gruppe und reicht \u00fcber die Gran-Paradiso-Gruppe, [&#8230;]\n","protected":false},"featured_media":174088,"template":"","meta":[],"product_brand":[],"product_cat":[21544],"product_tag":[],"class_list":{"0":"post-147333","1":"product","2":"type-product","3":"status-publish","4":"has-post-thumbnail","6":"product_cat-fuehrerliteratur-alpin-sommer","7":"pa_autor-eberlein-gantzhorn","8":"pa_erscheinungsjahr-27339","9":"pa_region-frankreich","10":"pa_sprache-de","12":"first","13":"instock","14":"taxable","15":"shipping-taxable","16":"purchasable","17":"product-type-simple"},"_links":{"self":[{"href":"https:\/\/pizbube.ch\/en\/wp-json\/wp\/v2\/product\/147333","targetHints":{"allow":["GET"]}}],"collection":[{"href":"https:\/\/pizbube.ch\/en\/wp-json\/wp\/v2\/product"}],"about":[{"href":"https:\/\/pizbube.ch\/en\/wp-json\/wp\/v2\/types\/product"}],"wp:featuredmedia":[{"embeddable":true,"href":"https:\/\/pizbube.ch\/en\/wp-json\/wp\/v2\/media\/174088"}],"wp:attachment":[{"href":"https:\/\/pizbube.ch\/en\/wp-json\/wp\/v2\/media?parent=147333"}],"wp:term":[{"taxonomy":"product_brand","embeddable":true,"href":"https:\/\/pizbube.ch\/en\/wp-json\/wp\/v2\/product_brand?post=147333"},{"taxonomy":"product_cat","embeddable":true,"href":"https:\/\/pizbube.ch\/en\/wp-json\/wp\/v2\/product_cat?post=147333"},{"taxonomy":"product_tag","embeddable":true,"href":"https:\/\/pizbube.ch\/en\/wp-json\/wp\/v2\/product_tag?post=147333"}],"curies":[{"name":"wp","href":"https:\/\/api.w.org\/{rel}","templated":true}]}}