{"id":147335,"date":"2021-01-15T10:55:05","date_gmt":"2021-01-15T10:55:05","guid":{"rendered":"https:\/\/codengine3.ch\/?product=import-placeholder-for-208333"},"modified":"2025-02-21T15:20:45","modified_gmt":"2025-02-21T14:20:45","slug":"traum-alp-aelplerinnen-im-portraet","status":"publish","type":"product","link":"https:\/\/pizbube.ch\/en\/shop\/traum-alp-aelplerinnen-im-portraet\/","title":{"rendered":"Traum Alp &#8211; \u00c4lplerinnen im Portr\u00e4t"},"content":{"rendered":"<p>15 Frauen zwischen 20 und 75 Jahren erz\u00e4hlen, wie sie den Alpsommer mit Ziegen, K\u00fchen, Rindern, Pferden, Schafen, Lamas und dem K\u00e4semachen erleben \u2013 und warum sie im n\u00e4chsten Jahr unbedingt wieder auf die Alp wollen.<\/p>\n<p><span class=\"value\">Mit dem Alpauftrieb Ende Mai, Anfang Juni zieht es jedes Jahr etliche Stadt- und Landmenschen, insbesondere Frauen, hinauf auf die Alp, um dort den Sommer \u00fcber Ziegen, K\u00fche, Rinder, Pferde, Schafe oder neuerdings auch Lamas zu h\u00fcten und K\u00e4se zu machen. Eine Entscheidung f\u00fcr ein Leben in der wilden Natur ohne \u00fcblichen Luxus, was manchmal mit Hochgef\u00fchlen, manchmal mit Einsamkeit, aber immer mit viel und anstrengender Arbeit verbunden ist.Daniela Schwegler hat \u00c4lplerinnen unterschiedlichster Couleur auf der Alp besucht. <\/span><\/p>\n<p><span class=\"value\">Die f\u00fcnfzehn Frauen zwischen 20 und 75 Jahren erz\u00e4hlen, wie sie den Alpsommer erleben, erleiden und sich an Natur, Tieren, Sonne und Himmelblau erfreuen. Das Buch gibt Einblicke in den gelebten Traum von der Alp, der f\u00fcr einige allzu Blau\u00e4ugige auch schnell zum Alptraum werden kann. Eindr\u00fcckliche Reportagefotos von Vanessa P\u00fcntener setzen die \u00c4lplerinnen und ihren Arbeitsalltag in Szene. Jedes Portr\u00e4t wird mit einem attraktiven Wandervorschlag von der Alp aus und mit einem \u00c4lplerinnen-Rezept abgerundet.Die Juristin und Journalistin Daniela Schwegler wollte wissen, warum Stadt- und Landmenschen, vor allem Frauen, dem Ruf der Alp folgen und den Sommer fernab vom \u00fcblichen Luxus verbringen. <\/span><\/p>\n<p><span class=\"value\">Zusammen mit der Fotografin Vanessa P\u00fcntener hat sie sich auf den Weg in die H\u00f6he gemacht und f\u00fcr &#171;Traum Alp&#187; au\u00dfergew\u00f6hnliche Geschichten und eindr\u00fcckliche Bilder zusammengetragen. F\u00fcnfzehn \u00c4lplerinnen erz\u00e4hlen, wie sie ihren Alltag verbringen &#8211; Ziegen, K\u00fche, Rinder, Pferde, Schafe h\u00fcten, K\u00e4se machen und sich an der Natur freuen. Doch die Idylle ist harte Arbeit und kann f\u00fcr Unerfahrene auch schnell zum Alptraum werden.Wandervorschl\u00e4ge und \u00c4lplerinnen-Rezepte von einfach bis w\u00e4hrschaft erg\u00e4nzen die zw\u00f6lf Kapitel.<\/span><\/p>\n<p>6. Auflage 2024<br \/>\n260 Seiten<\/p>\n<p>&nbsp;<\/p>","protected":false},"excerpt":{"rendered":"<p>15 Frauen zwischen 20 und 75 Jahren erz\u00e4hlen, wie sie den Alpsommer mit Ziegen, K\u00fchen, Rindern, Pferden, Schafen, Lamas und dem K\u00e4semachen erleben \u2013 und warum sie im n\u00e4chsten Jahr unbedingt wieder auf die Alp wollen. Mit dem Alpauftrieb Ende Mai, Anfang Juni zieht es jedes Jahr etliche Stadt- und Landmenschen, insbesondere Frauen, hinauf auf [&#8230;]\n","protected":false},"featured_media":178639,"template":"","meta":[],"product_brand":[],"product_cat":[21542],"product_tag":[],"class_list":{"0":"post-147335","1":"product","2":"type-product","3":"status-publish","4":"has-post-thumbnail","6":"product_cat-sachbuecher-dokumentationen","7":"pa_autor-schwegler","8":"pa_erscheinungsjahr-27339","9":"pa_region-schweiz","10":"pa_sprache-de","12":"first","13":"instock","14":"taxable","15":"shipping-taxable","16":"purchasable","17":"product-type-simple"},"_links":{"self":[{"href":"https:\/\/pizbube.ch\/en\/wp-json\/wp\/v2\/product\/147335","targetHints":{"allow":["GET"]}}],"collection":[{"href":"https:\/\/pizbube.ch\/en\/wp-json\/wp\/v2\/product"}],"about":[{"href":"https:\/\/pizbube.ch\/en\/wp-json\/wp\/v2\/types\/product"}],"wp:featuredmedia":[{"embeddable":true,"href":"https:\/\/pizbube.ch\/en\/wp-json\/wp\/v2\/media\/178639"}],"wp:attachment":[{"href":"https:\/\/pizbube.ch\/en\/wp-json\/wp\/v2\/media?parent=147335"}],"wp:term":[{"taxonomy":"product_brand","embeddable":true,"href":"https:\/\/pizbube.ch\/en\/wp-json\/wp\/v2\/product_brand?post=147335"},{"taxonomy":"product_cat","embeddable":true,"href":"https:\/\/pizbube.ch\/en\/wp-json\/wp\/v2\/product_cat?post=147335"},{"taxonomy":"product_tag","embeddable":true,"href":"https:\/\/pizbube.ch\/en\/wp-json\/wp\/v2\/product_tag?post=147335"}],"curies":[{"name":"wp","href":"https:\/\/api.w.org\/{rel}","templated":true}]}}