{"id":147336,"date":"2021-01-15T10:55:05","date_gmt":"2021-01-15T10:55:05","guid":{"rendered":"https:\/\/codengine3.ch\/?product=import-placeholder-for-206355"},"modified":"2021-01-15T14:48:20","modified_gmt":"2021-01-15T14:48:20","slug":"hirtenstock-und-kaesebrecher","status":"publish","type":"product","link":"https:\/\/pizbube.ch\/en\/shop\/hirtenstock-und-kaesebrecher\/","title":{"rendered":"Hirtenstock und K\u00e4sebrecher"},"content":{"rendered":"<p>\u00c4lplerinnen und \u00c4lpler im Portrait  <\/p>\n<p>Hirtenstock und K\u00e4sebrecher zeigt \u00c4lplerinnen und \u00c4lpler in ihrer breiten<br \/>\nVielschichtigkeit, l\u00f6st sie vom Cover des Tourismusprospekts und macht sie zu<br \/>\nguten Verb\u00fcndeten in einer Welt, in der wir auch nicht immer die Helden sind.<br \/>\nDas Buch pr\u00e4sentiert in grossformatigen Bildern und eindr\u00fccklichen Texten<br \/>\nLebensentw\u00fcrfe neben der Dienstleistungsgesellschaft und Leute, die anhand von<br \/>\nMuskelkater und gef\u00fclltem K\u00e4sekeller wissen, was sie den Tag \u00fcber gearbeitet<br \/>\nhaben. Die Portraits erstrecken sich \u00fcber den ganzen Schweizer Alpenbogen. Sie<br \/>\ndokumentieren die Unterschiede regionaler Traditionen in der Alpwirtschaft,<br \/>\nwovon die Bev\u00f6lkerung sonst nur den folkloristischen Teil zu sehen bekommt.<br \/>\nEine Art moderne Volkskunde, erz\u00e4hlt in Geschichten und Bildern, die \u00fcber die<br \/>\ngebl\u00fcmte K\u00e4seetikette hinausgehen, von Autorinnen und Fotografen, die das<br \/>\nAlpleben aus eigener Erfahrung kennen. Ein kurzer Abrissmit Zahlen und<br \/>\nInformationen \u00fcber die schweizerische Alpwirtschaft erg\u00e4nzt im Anhang die<br \/>\npers\u00f6nlichen Portraits.  <\/p>","protected":false},"excerpt":{"rendered":"<p>\u00c4lplerinnen und \u00c4lpler im Portrait Hirtenstock und K\u00e4sebrecher zeigt \u00c4lplerinnen und \u00c4lpler in ihrer breiten Vielschichtigkeit, l\u00f6st sie vom Cover des Tourismusprospekts und macht sie zu guten Verb\u00fcndeten in einer Welt, in der wir auch nicht immer die Helden sind. Das Buch pr\u00e4sentiert in grossformatigen Bildern und eindr\u00fccklichen Texten Lebensentw\u00fcrfe neben der Dienstleistungsgesellschaft und Leute, [&#8230;]\n","protected":false},"featured_media":35363,"template":"","meta":[],"product_brand":[],"product_cat":[21542],"product_tag":[],"class_list":{"0":"post-147336","1":"product","2":"type-product","3":"status-publish","4":"has-post-thumbnail","6":"product_cat-sachbuecher-dokumentationen","7":"pa_autor-hoesli-hugentobler","8":"pa_erscheinungsjahr-21830","9":"pa_region-schweiz","10":"pa_sprache-de","12":"first","13":"instock","14":"taxable","15":"shipping-taxable","16":"purchasable","17":"product-type-simple"},"_links":{"self":[{"href":"https:\/\/pizbube.ch\/en\/wp-json\/wp\/v2\/product\/147336","targetHints":{"allow":["GET"]}}],"collection":[{"href":"https:\/\/pizbube.ch\/en\/wp-json\/wp\/v2\/product"}],"about":[{"href":"https:\/\/pizbube.ch\/en\/wp-json\/wp\/v2\/types\/product"}],"wp:featuredmedia":[{"embeddable":true,"href":"https:\/\/pizbube.ch\/en\/wp-json\/wp\/v2\/media\/35363"}],"wp:attachment":[{"href":"https:\/\/pizbube.ch\/en\/wp-json\/wp\/v2\/media?parent=147336"}],"wp:term":[{"taxonomy":"product_brand","embeddable":true,"href":"https:\/\/pizbube.ch\/en\/wp-json\/wp\/v2\/product_brand?post=147336"},{"taxonomy":"product_cat","embeddable":true,"href":"https:\/\/pizbube.ch\/en\/wp-json\/wp\/v2\/product_cat?post=147336"},{"taxonomy":"product_tag","embeddable":true,"href":"https:\/\/pizbube.ch\/en\/wp-json\/wp\/v2\/product_tag?post=147336"}],"curies":[{"name":"wp","href":"https:\/\/api.w.org\/{rel}","templated":true}]}}