{"id":147337,"date":"2021-01-15T10:55:05","date_gmt":"2021-01-15T10:55:05","guid":{"rendered":"https:\/\/codengine3.ch\/?product=import-placeholder-for-200427"},"modified":"2021-01-15T10:57:29","modified_gmt":"2021-01-15T10:57:29","slug":"alpsicht-hirtengeschichten","status":"publish","type":"product","link":"https:\/\/pizbube.ch\/en\/shop\/alpsicht-hirtengeschichten\/","title":{"rendered":"Alpsicht &#8211; Hirtengeschichten"},"content":{"rendered":"<p>H\u00fcten, Vertrauen und Verantwortung tragen . Lange erwartet &#8211; das Martin-<br \/>\nBienerth-Geschichtenbuch . Kritische Texte mit Respekt f\u00fcr das Leben, die<br \/>\nNatur und die Zwischent\u00f6ne . Mehr Alp: ber\u00fchrende Geschichten und Bilder Ein<br \/>\nMartin-Bienerth-Lesebuch mit Geschichten, Texten zum Nachdenken &#8211; und<br \/>\nnat\u00fcrlich vielen stimmungsvollen Bildern von der Alp, jener Welt zwischen<br \/>\nHimmel und Erde, wo der Mensch seine Wurzeln und seine Fl\u00fcgel besonders stark<br \/>\nsp\u00fcrt.<\/p>\n<p>Martin Bienerth vermag mit seinen Texten die Menschen da zu erreichen, wo eine<br \/>\nleise Wehmut sie daran erinnert, wie weit sie sich in ihrem Alltag vom<br \/>\nnat\u00fcrlichen Leben entfernt haben. Seine Beobachtungen und Anregung wecken die<br \/>\nLust, Verantwortung f\u00fcr diese Entfremdung zu \u00fcbernehmen und dem nat\u00fcrlichen<br \/>\nLeben mehr Platz zu geben, damit es sich entfalten kann. Ein Buch zum Tr\u00e4umen<br \/>\nund Erwachen.<\/p>","protected":false},"excerpt":{"rendered":"<ul>\n<li><a href=\"https:\/\/pizbube.ch\/wp-content\/uploads\/attachments\/a_003\/299A5ED5E35E3508A8B520404286469E.pdf\" target=\"_blank\" rel=\"noopener\">PDF: Alpsicht_Leseprobe.pdf<\/a><\/li>\n<\/ul>","protected":false},"featured_media":26874,"template":"","meta":[],"product_brand":[],"product_cat":[21542],"product_tag":[],"class_list":{"0":"post-147337","1":"product","2":"type-product","3":"status-publish","4":"has-post-thumbnail","6":"product_cat-sachbuecher-dokumentationen","7":"pa_autor-bienert","8":"pa_erscheinungsjahr-21550","9":"pa_region-schweiz","10":"pa_sprache-de","12":"first","13":"instock","14":"taxable","15":"shipping-taxable","16":"purchasable","17":"product-type-simple"},"_links":{"self":[{"href":"https:\/\/pizbube.ch\/en\/wp-json\/wp\/v2\/product\/147337","targetHints":{"allow":["GET"]}}],"collection":[{"href":"https:\/\/pizbube.ch\/en\/wp-json\/wp\/v2\/product"}],"about":[{"href":"https:\/\/pizbube.ch\/en\/wp-json\/wp\/v2\/types\/product"}],"wp:featuredmedia":[{"embeddable":true,"href":"https:\/\/pizbube.ch\/en\/wp-json\/wp\/v2\/media\/26874"}],"wp:attachment":[{"href":"https:\/\/pizbube.ch\/en\/wp-json\/wp\/v2\/media?parent=147337"}],"wp:term":[{"taxonomy":"product_brand","embeddable":true,"href":"https:\/\/pizbube.ch\/en\/wp-json\/wp\/v2\/product_brand?post=147337"},{"taxonomy":"product_cat","embeddable":true,"href":"https:\/\/pizbube.ch\/en\/wp-json\/wp\/v2\/product_cat?post=147337"},{"taxonomy":"product_tag","embeddable":true,"href":"https:\/\/pizbube.ch\/en\/wp-json\/wp\/v2\/product_tag?post=147337"}],"curies":[{"name":"wp","href":"https:\/\/api.w.org\/{rel}","templated":true}]}}