{"id":147339,"date":"2021-01-15T10:55:05","date_gmt":"2021-01-15T10:55:05","guid":{"rendered":"https:\/\/codengine3.ch\/?product=import-placeholder-for-207566"},"modified":"2024-10-29T08:48:32","modified_gmt":"2024-10-29T07:48:32","slug":"chaeswandern","status":"publish","type":"product","link":"https:\/\/pizbube.ch\/en\/shop\/chaeswandern\/","title":{"rendered":"Ch\u00e4swandern"},"content":{"rendered":"<p>Wanderungen zu K\u00e4sereien in der ganzen Schweiz.<br \/>\n35 leichte Wanderungen und kulinarischer Genuss.<br \/>\nWissenswertes \u00fcber K\u00e4se, K\u00e4ser und Alpwirtschaft<\/p>\n<p>35 K\u00e4se und deren Produzentinnen und Produzenten in der ganzen Schweiz werden<br \/>\nin diesem Buch portr\u00e4tiert. Alle sind sie zu Fuss auf einer leichten und<br \/>\nattraktiven Wanderung zu erreichen. Genussvolles Wandern wird verbunden mit<br \/>\ndem Entdecken von feinsten K\u00e4sen.<br \/>\nEin Austausch mit dem K\u00e4ser, eine K\u00e4seschnitte vor der Alpsennerei und der<br \/>\nAusblick in die Natur-und Kulturlandschaften runden die Ausfl\u00fcge ab.<\/p>\n<p>Gebunden;<br \/>\n232 Seiten; Format: 21 cm x 28 cm<\/p>","protected":false},"excerpt":{"rendered":"<p>Wanderungen zu K\u00e4sereien in der ganzen Schweiz. 35 leichte Wanderungen und kulinarischer Genuss. Wissenswertes \u00fcber K\u00e4se, K\u00e4ser und Alpwirtschaft 35 K\u00e4se und deren Produzentinnen und Produzenten in der ganzen Schweiz werden in diesem Buch portr\u00e4tiert. Alle sind sie zu Fuss auf einer leichten und attraktiven Wanderung zu erreichen. Genussvolles Wandern wird verbunden mit dem Entdecken [&#8230;]\n","protected":false},"featured_media":167130,"template":"","meta":[],"product_brand":[],"product_cat":[21542,21605],"product_tag":[],"class_list":{"0":"post-147339","1":"product","2":"type-product","3":"status-publish","4":"has-post-thumbnail","6":"product_cat-sachbuecher-dokumentationen","7":"product_cat-wanderfuehrer-trekking","8":"pa_autor-balmer-hoesli","9":"pa_erscheinungsjahr-21597","10":"pa_region-schweiz","11":"pa_sprache-de","13":"first","14":"outofstock","15":"taxable","16":"shipping-taxable","17":"purchasable","18":"product-type-simple"},"_links":{"self":[{"href":"https:\/\/pizbube.ch\/en\/wp-json\/wp\/v2\/product\/147339","targetHints":{"allow":["GET"]}}],"collection":[{"href":"https:\/\/pizbube.ch\/en\/wp-json\/wp\/v2\/product"}],"about":[{"href":"https:\/\/pizbube.ch\/en\/wp-json\/wp\/v2\/types\/product"}],"wp:featuredmedia":[{"embeddable":true,"href":"https:\/\/pizbube.ch\/en\/wp-json\/wp\/v2\/media\/167130"}],"wp:attachment":[{"href":"https:\/\/pizbube.ch\/en\/wp-json\/wp\/v2\/media?parent=147339"}],"wp:term":[{"taxonomy":"product_brand","embeddable":true,"href":"https:\/\/pizbube.ch\/en\/wp-json\/wp\/v2\/product_brand?post=147339"},{"taxonomy":"product_cat","embeddable":true,"href":"https:\/\/pizbube.ch\/en\/wp-json\/wp\/v2\/product_cat?post=147339"},{"taxonomy":"product_tag","embeddable":true,"href":"https:\/\/pizbube.ch\/en\/wp-json\/wp\/v2\/product_tag?post=147339"}],"curies":[{"name":"wp","href":"https:\/\/api.w.org\/{rel}","templated":true}]}}