{"id":147340,"date":"2021-01-15T10:55:05","date_gmt":"2021-01-15T10:55:05","guid":{"rendered":"https:\/\/codengine3.ch\/?product=import-placeholder-for-206314"},"modified":"2023-09-20T09:59:27","modified_gmt":"2023-09-20T07:59:27","slug":"sez-ner-hoerbuch","status":"publish","type":"product","link":"https:\/\/pizbube.ch\/en\/shop\/sez-ner-hoerbuch\/","title":{"rendered":"Sez Ner (H\u00f6rbuch)"},"content":{"rendered":"<p>2009 \u00fcberraschte Arno Camenisch mit seinem starken Prosadeb\u00fct Sez Ner. Darin<br \/>\nerz\u00e4hlt Camenisch pr\u00e4zise beobachtend \u00fcber den rauen Alltag auf einer Alp am<br \/>\nFusse des Piz Sezner in Graub\u00fcnden.<\/p>\n<p>Aus einer k\u00fchlen Distanz beschreibt Camenisch gekonnt und mit einer hellwachen<br \/>\nWahrnehmung einen Alpsommer und demontiert dabei das urchige Alpenidyll.<\/p>\n<p>Eigenwillig und mit feinem Witz.<br \/>\nNun liegt Sez Ner als H\u00f6rbuch vor; eing\u00e4ngig und rhytmisch packend gelesen vom<br \/>\nAutor; musikalisch umrahmt von Corin Curschellas.<\/p>","protected":false},"excerpt":{"rendered":"<p>2009 \u00fcberraschte Arno Camenisch mit seinem starken Prosadeb\u00fct Sez Ner. Darin erz\u00e4hlt Camenisch pr\u00e4zise beobachtend \u00fcber den rauen Alltag auf einer Alp am Fusse des Piz Sezner in Graub\u00fcnden. Aus einer k\u00fchlen Distanz beschreibt Camenisch gekonnt und mit einer hellwachen Wahrnehmung einen Alpsommer und demontiert dabei das urchige Alpenidyll. Eigenwillig und mit feinem Witz. Nun [&#8230;]\n","protected":false},"featured_media":35308,"template":"","meta":[],"product_brand":[],"product_cat":[21628],"product_tag":[],"class_list":{"0":"post-147340","1":"product","2":"type-product","3":"status-publish","4":"has-post-thumbnail","6":"product_cat-video-dvd-multimedia","7":"pa_autor-camenisch","8":"pa_erscheinungsjahr-21830","9":"pa_region-schweiz","10":"pa_sprache-de-rom","12":"first","13":"outofstock","14":"taxable","15":"shipping-taxable","16":"purchasable","17":"product-type-simple"},"_links":{"self":[{"href":"https:\/\/pizbube.ch\/en\/wp-json\/wp\/v2\/product\/147340","targetHints":{"allow":["GET"]}}],"collection":[{"href":"https:\/\/pizbube.ch\/en\/wp-json\/wp\/v2\/product"}],"about":[{"href":"https:\/\/pizbube.ch\/en\/wp-json\/wp\/v2\/types\/product"}],"wp:featuredmedia":[{"embeddable":true,"href":"https:\/\/pizbube.ch\/en\/wp-json\/wp\/v2\/media\/35308"}],"wp:attachment":[{"href":"https:\/\/pizbube.ch\/en\/wp-json\/wp\/v2\/media?parent=147340"}],"wp:term":[{"taxonomy":"product_brand","embeddable":true,"href":"https:\/\/pizbube.ch\/en\/wp-json\/wp\/v2\/product_brand?post=147340"},{"taxonomy":"product_cat","embeddable":true,"href":"https:\/\/pizbube.ch\/en\/wp-json\/wp\/v2\/product_cat?post=147340"},{"taxonomy":"product_tag","embeddable":true,"href":"https:\/\/pizbube.ch\/en\/wp-json\/wp\/v2\/product_tag?post=147340"}],"curies":[{"name":"wp","href":"https:\/\/api.w.org\/{rel}","templated":true}]}}