{"id":147342,"date":"2021-01-15T10:55:11","date_gmt":"2021-01-15T10:55:11","guid":{"rendered":"https:\/\/codengine3.ch\/?product=import-placeholder-for-206990"},"modified":"2023-07-05T16:57:17","modified_gmt":"2023-07-05T14:57:17","slug":"bulgarien-pirin-und-rila-gebirge","status":"publish","type":"product","link":"https:\/\/pizbube.ch\/en\/shop\/bulgarien-pirin-und-rila-gebirge\/","title":{"rendered":"Bulgarien &#8211; Pirin- und Rila-Gebirge"},"content":{"rendered":"<p>Wer in Europa bleiben m\u00f6chte, aber doch das Abenteuer sucht, f\u00fcr den ist<br \/>\nBulgarien das ideale Reiseziel. Die zwei h\u00f6chsten Gebirge und bedeutendsten<br \/>\nNationalparks des Landes \u2013 Pirin und Rila \u2013 sind bis heute relativ ruhige<br \/>\nOasen intakter Natur geblieben. F\u00fcr den Rother Wanderf\u00fchrer \u00bbBulgarien\u00ab wurden<br \/>\n50 abwechslungsreiche Wanderungen in den beiden Gebirgen zusammengestellt.<\/p>\n<p>W\u00e4hrend das Pirin \u00fcberwiegend felsigen und vielerorts ausgesprochen alpinen<br \/>\nCharakter hat, wirkt das Rila-Gebirge sanfter. Beide bieten aussichtsreiche<br \/>\nGipfel, Gletscherkessel mit zahlreichen Seen, rauschende B\u00e4che und Wasserf\u00e4lle<br \/>\nsowie lange T\u00e4ler mit idyllischen Wiesen, Knieholzbest\u00e4nden und frischen<br \/>\nW\u00e4ldern. Aufgrund der Gegebenheiten vor Ort sind die beschriebenen Touren<br \/>\nkeine Rundwanderungen, sondern so konzipiert, dass sie sich gut zu mehrt\u00e4gigen<br \/>\nUnternehmungen kombinieren lassen. Etwas Bergerfahrung, eine gute Kondition,<br \/>\ndie Bereitschaft zu neue Erfahrungen sowie die F\u00e4higkeit, kleineren<br \/>\nUnbequemlichkeiten mit Gelassenheit zu begegnen, sind Voraussetzung.<\/p>\n<p>Alle Tourenvorschl\u00e4ge werden durch \u00fcbersichtliche Kurzinfos, exakte<br \/>\nWegbeschreibungen, aussagekr\u00e4ftige H\u00f6henprofile und farbige Wanderk\u00e4rtchen mit<br \/>\neingetragenem Routenverlauf vorgestellt. Auf der Internetseite des Verlags<br \/>\nstehen GPS-Daten zum Download bereit. Zahlreiche Farbfotos vermitteln einen<br \/>\nersten Eindruck dieser spannenden Region, die durch ihre Sch\u00f6nheit und<br \/>\nUrspr\u00fcnglichkeit jeden bezaubern wird, der ihr mit Offenheit begegnet.<\/p>\n<p>3. Auflage 2023<br \/>\n168 Seiten mit 93 Farbabbildungen<br \/>\n50 H\u00f6henprofile, 50 Wanderk\u00e4rtchen im Ma\u00dfstab 1:70.000 bis 1:175.000, zwei<br \/>\n\u00dcbersichtskarten im Ma\u00dfstab 1:600.000 und 1:1.800.000<\/p>","protected":false},"excerpt":{"rendered":"<p>Wer in Europa bleiben m\u00f6chte, aber doch das Abenteuer sucht, f\u00fcr den ist Bulgarien das ideale Reiseziel. Die zwei h\u00f6chsten Gebirge und bedeutendsten Nationalparks des Landes \u2013 Pirin und Rila \u2013 sind bis heute relativ ruhige Oasen intakter Natur geblieben. F\u00fcr den Rother Wanderf\u00fchrer \u00bbBulgarien\u00ab wurden 50 abwechslungsreiche Wanderungen in den beiden Gebirgen zusammengestellt. W\u00e4hrend [&#8230;]\n","protected":false},"featured_media":168455,"template":"","meta":[],"product_brand":[],"product_cat":[21605],"product_tag":[],"class_list":{"0":"post-147342","1":"product","2":"type-product","3":"status-publish","4":"has-post-thumbnail","6":"product_cat-wanderfuehrer-trekking","7":"pa_autor-klumpar","8":"pa_erscheinungsjahr-27129","9":"pa_region-osteuropa","10":"pa_sprache-de","12":"first","13":"instock","14":"taxable","15":"shipping-taxable","16":"purchasable","17":"product-type-simple"},"_links":{"self":[{"href":"https:\/\/pizbube.ch\/en\/wp-json\/wp\/v2\/product\/147342","targetHints":{"allow":["GET"]}}],"collection":[{"href":"https:\/\/pizbube.ch\/en\/wp-json\/wp\/v2\/product"}],"about":[{"href":"https:\/\/pizbube.ch\/en\/wp-json\/wp\/v2\/types\/product"}],"wp:featuredmedia":[{"embeddable":true,"href":"https:\/\/pizbube.ch\/en\/wp-json\/wp\/v2\/media\/168455"}],"wp:attachment":[{"href":"https:\/\/pizbube.ch\/en\/wp-json\/wp\/v2\/media?parent=147342"}],"wp:term":[{"taxonomy":"product_brand","embeddable":true,"href":"https:\/\/pizbube.ch\/en\/wp-json\/wp\/v2\/product_brand?post=147342"},{"taxonomy":"product_cat","embeddable":true,"href":"https:\/\/pizbube.ch\/en\/wp-json\/wp\/v2\/product_cat?post=147342"},{"taxonomy":"product_tag","embeddable":true,"href":"https:\/\/pizbube.ch\/en\/wp-json\/wp\/v2\/product_tag?post=147342"}],"curies":[{"name":"wp","href":"https:\/\/api.w.org\/{rel}","templated":true}]}}