{"id":147352,"date":"2021-01-15T10:55:11","date_gmt":"2021-01-15T10:55:11","guid":{"rendered":"https:\/\/codengine3.ch\/?product=import-placeholder-for-200197"},"modified":"2021-08-27T18:05:50","modified_gmt":"2021-08-27T16:05:50","slug":"mtb-zwischen-comer-see-valsassina-und-val-brembana","status":"publish","type":"product","link":"https:\/\/pizbube.ch\/en\/shop\/mtb-zwischen-comer-see-valsassina-und-val-brembana\/","title":{"rendered":"MTB zwischen COMER SEE, VALSASSINA und VAL BREMBANA"},"content":{"rendered":"<p>72 Touren + 11 Radwege<\/p>\n<p>In diesem Buch erwarten euch unz\u00e4hlige Kilometer, Anstiege und Abfahrten,<br \/>\nerdacht f\u00fcr euch und euer Mountainbike oder E-Bike. Es wird eine lange Reise,<br \/>\ndie euch von Saison zu Saison von den 120 Metern \u00fcber dem Meeresspiegel \u00fcber<br \/>\ndie P\u00e4sse und Wege der Orobischen Alpen bis auf eine H\u00f6he von 2000 m f\u00fchren<br \/>\nwird.<\/p>\n<p>Dank der GPS-Tracks, der detaillierten Karten und der ausf\u00fchrlichen<br \/>\nWegbeschreibungen wird es unm\u00f6glich sein, euch zu verirren, verlieren k\u00f6nnt<br \/>\nund sollt ihr euch dagegen in den vielen Fotos und Erz\u00e4hlungen, die der Autor<br \/>\nmit Liebe zum Detail zwischen den Touren eingef\u00fcgt hat. Die klare und<br \/>\neffiziente Grafik gibt einen schnellen \u00dcberblick \u00fcber die wichtigsten Aspekte<br \/>\njeder Tour und die Unterteilung in geographisch homogene Gebiete wird euch<br \/>\ndabei helfen, die richtige Tour passend zu eurem Stil, euren Vorlieben und<br \/>\neurem K\u00f6nnen auszusuchen und so das Niveau nach und nach steigern zu k\u00f6nnen;<br \/>\nund das, egal in welcher Jahreszeit.<\/p>\n<p>F\u00fcr den Ausflug mit der Familie und den Kleinsten kann man zwischen 11<br \/>\nRadwegen mit einer L\u00e4nge von insgesamt ca. 347 km ausw\u00e4hlen. Diese Radwege<br \/>\ndienen auch in vielen der Mountainbike-Touren dazu, zur\u00fcck zum Ausgangspunkt<br \/>\nder Tour zu gelangen.<\/p>\n<p>Hier bleibt euch nur die Qual der Wahl zwischen Kilometern an Pfaden,<br \/>\nSchotterwegen und Stra\u00dfen. Am Ende eurer Ausfl\u00fcge, wenn ihr alle Strecken aus<br \/>\ndiesem Buch abgeklappert habt, seid ihr wirklich um einige H\u00f6henmeter und<br \/>\nKilometer reicher.<\/p>\n<p>Die Neuheit dieses MTB-F\u00fchrers ist das Kapitel, das sich mit dem Radwegenetz<br \/>\nbesch\u00e4ftigt, das Mailand mit den T\u00e4lern und Seen von Lecco und Bergamo<br \/>\nverbindet, wichtige Verbindungswege f\u00fcr eine nachhaltige Mobilit\u00e4t. Mit diesem<br \/>\nKapitel wollten wir ein einheitliches Bild von dem existierenden Radwegenetz<br \/>\nschaffen, bei dem es leider oft an einer gleichm\u00e4\u00dfigen und funktionierenden<br \/>\nAusschilderung fehlt. Wir sind davon \u00fcberzeugt, dass die Radwege, die wir in<br \/>\ndieses Buch integriert haben, eine Ressource f\u00fcr das Territorium sind.<\/p>\n<p>Mit unseren Tourenvorschl\u00e4gen wollen wir unseren kleinen Beitrag zur<br \/>\nEntwicklung eines langsamen und umweltfreundlichen Tourismus leisten, ein<br \/>\nTourismus, der achtsam und neugierig ist, auf der Suche nach Natur und<br \/>\nSch\u00f6nheit. Die Radund MTB-Gruppen, die wir (Guide MTB Val Brembana asd) dank<br \/>\nder Zusammenarbeit mit einer schwedischen Reiseagentur begleiten, best\u00e4tigen<br \/>\nuns, dass unsere Gegend von gro\u00dfem Interesse f\u00fcr den Tourismus auf zwei R\u00e4dern<br \/>\nist.<\/p>","protected":false},"excerpt":{"rendered":"<p>72 Touren + 11 Radwege In diesem Buch erwarten euch unz\u00e4hlige Kilometer, Anstiege und Abfahrten, erdacht f\u00fcr euch und euer Mountainbike oder E-Bike. Es wird eine lange Reise, die euch von Saison zu Saison von den 120 Metern \u00fcber dem Meeresspiegel \u00fcber die P\u00e4sse und Wege der Orobischen Alpen bis auf eine H\u00f6he von 2000 [&#8230;]\n","protected":false},"featured_media":158585,"template":"","meta":[],"product_brand":[],"product_cat":[21606],"product_tag":[],"class_list":{"0":"post-147352","1":"product","2":"type-product","3":"status-publish","4":"has-post-thumbnail","6":"product_cat-mountainbikefuehrer","7":"pa_autor-locatelli","8":"pa_erscheinungsjahr-21586","9":"pa_region-italien","10":"pa_sprache-de","12":"first","13":"instock","14":"taxable","15":"shipping-taxable","16":"purchasable","17":"product-type-simple"},"_links":{"self":[{"href":"https:\/\/pizbube.ch\/en\/wp-json\/wp\/v2\/product\/147352","targetHints":{"allow":["GET"]}}],"collection":[{"href":"https:\/\/pizbube.ch\/en\/wp-json\/wp\/v2\/product"}],"about":[{"href":"https:\/\/pizbube.ch\/en\/wp-json\/wp\/v2\/types\/product"}],"wp:featuredmedia":[{"embeddable":true,"href":"https:\/\/pizbube.ch\/en\/wp-json\/wp\/v2\/media\/158585"}],"wp:attachment":[{"href":"https:\/\/pizbube.ch\/en\/wp-json\/wp\/v2\/media?parent=147352"}],"wp:term":[{"taxonomy":"product_brand","embeddable":true,"href":"https:\/\/pizbube.ch\/en\/wp-json\/wp\/v2\/product_brand?post=147352"},{"taxonomy":"product_cat","embeddable":true,"href":"https:\/\/pizbube.ch\/en\/wp-json\/wp\/v2\/product_cat?post=147352"},{"taxonomy":"product_tag","embeddable":true,"href":"https:\/\/pizbube.ch\/en\/wp-json\/wp\/v2\/product_tag?post=147352"}],"curies":[{"name":"wp","href":"https:\/\/api.w.org\/{rel}","templated":true}]}}