{"id":147354,"date":"2021-01-15T10:55:11","date_gmt":"2021-01-15T10:55:11","guid":{"rendered":"https:\/\/codengine3.ch\/?product=import-placeholder-for-206123"},"modified":"2021-01-15T14:46:31","modified_gmt":"2021-01-15T14:46:31","slug":"bike-guide-comer-see","status":"publish","type":"product","link":"https:\/\/pizbube.ch\/en\/shop\/bike-guide-comer-see\/","title":{"rendered":"Bike Guide Comer See"},"content":{"rendered":"<p>30 Touren rund um den See f\u00fchren durch einsame T\u00e4ler, riesige W\u00e4lder und urige<br \/>\nBergd\u00f6rfer zu den sch\u00f6nsten Aussichtspunkten. Toptrails aller<br \/>\nSchwierigkeitsgrade, bisher nur wenigen Einheimischen bekannt, bieten Fahrspa\u00df<br \/>\nf\u00fcr jeden Geschmack und f\u00fcr jede K\u00f6nnerstufe. Von der gem\u00fctlichen<br \/>\nFamilienrunde bis zum adrenalinhaltigen Freeride-Downhill &#8211; am Lario, wie der<br \/>\nComer See von den Einheimischen genannt wird, wird jeder seine Lieblingstour<br \/>\nfinden.  <\/p>\n<p>Die Autoren Annette und Rainer K\u00e4lberer, begeisterte Mountainbiker und<br \/>\nWindsurfer, kommen seit \u00fcber 20 Jahren an den Comer See und sind profunde<br \/>\nKenner der Region. Besonders begeistert sie das einzigartige Zusammenspiel von<br \/>\nSee- und Bergwelt, das den ganz besonderen Reiz dieser Region am S\u00fcdrand der<br \/>\nAlpen ausmacht. Auf der einen Seite das mediterrane Flair der Ufergemeinden,<br \/>\ntraditionsreiche Touristenorte mit pr\u00e4chtigen Villen, mond\u00e4nen Hotelpal\u00e4sten<br \/>\nund exotischen Parkanlagen, und auf der anderen Seite halbverfallene<br \/>\nBergd\u00f6rfer, einsame T\u00e4ler und Schluchten, riesige Kastanienw\u00e4lder, karge Almen<br \/>\nund immer wieder atemberaubende Aussichten, die sich beim Aufstieg auftun.  <\/p>\n<p>Hinsichtlich der Ausstattung l\u00e4sst der Bike Guide nichts zu w\u00fcnschen \u00fcbrig.<br \/>\nDie Auswahl erleichtert eine tabellarische \u00dcbersicht, die alle wichtigen<br \/>\nEigenschaften der Touren verzeichnet. Wie bei allen Rother-B\u00fcchern wurde auf<br \/>\neine ebenso ansprechende wie informative Illustration Wert gelegt.<br \/>\nH\u00f6henprofile lassen auf einen Blick Steigungen, Gef\u00e4lle und Beschaffenheit des<br \/>\nUntergrunds erkennen. Zahlreiche Farbfotos machen Lust aufs Biken. F\u00fcr jede<br \/>\nTour liefert ein klar gegliederter Tourensteckbrief alles Wissenswerte zu<br \/>\nFahrzeit, H\u00f6henunterschied, Ausgangspunkt, Varianten und<br \/>\nVerpflegungsm\u00f6glichkeiten. Pr\u00e4zise Touren-beschreibungen mit exakten<br \/>\nKilometerangaben und eindeutigen Symbolen f\u00fcr jede Wegverzweigung sowie<br \/>\nfarbige Tourenkarten sorgen zusammen mit GPS-Tracks zum kostenlosen Download<br \/>\nf\u00fcr eine problemlose Orientierung. Die Spiralbindung erleichtert die<br \/>\nHandhabung.  <\/p>","protected":false},"excerpt":{"rendered":"<p>30 Touren rund um den See f\u00fchren durch einsame T\u00e4ler, riesige W\u00e4lder und urige Bergd\u00f6rfer zu den sch\u00f6nsten Aussichtspunkten. Toptrails aller Schwierigkeitsgrade, bisher nur wenigen Einheimischen bekannt, bieten Fahrspa\u00df f\u00fcr jeden Geschmack und f\u00fcr jede K\u00f6nnerstufe. Von der gem\u00fctlichen Familienrunde bis zum adrenalinhaltigen Freeride-Downhill &#8211; am Lario, wie der Comer See von den Einheimischen genannt [&#8230;]\n","protected":false},"featured_media":35046,"template":"","meta":[],"product_brand":[],"product_cat":[21606],"product_tag":[],"class_list":{"0":"post-147354","1":"product","2":"type-product","3":"status-publish","4":"has-post-thumbnail","6":"product_cat-mountainbikefuehrer","7":"pa_autor-kaelberer","8":"pa_erscheinungsjahr-21693","9":"pa_region-italien","10":"pa_sprache-de","12":"first","13":"outofstock","14":"taxable","15":"shipping-taxable","16":"purchasable","17":"product-type-simple"},"_links":{"self":[{"href":"https:\/\/pizbube.ch\/en\/wp-json\/wp\/v2\/product\/147354","targetHints":{"allow":["GET"]}}],"collection":[{"href":"https:\/\/pizbube.ch\/en\/wp-json\/wp\/v2\/product"}],"about":[{"href":"https:\/\/pizbube.ch\/en\/wp-json\/wp\/v2\/types\/product"}],"wp:featuredmedia":[{"embeddable":true,"href":"https:\/\/pizbube.ch\/en\/wp-json\/wp\/v2\/media\/35046"}],"wp:attachment":[{"href":"https:\/\/pizbube.ch\/en\/wp-json\/wp\/v2\/media?parent=147354"}],"wp:term":[{"taxonomy":"product_brand","embeddable":true,"href":"https:\/\/pizbube.ch\/en\/wp-json\/wp\/v2\/product_brand?post=147354"},{"taxonomy":"product_cat","embeddable":true,"href":"https:\/\/pizbube.ch\/en\/wp-json\/wp\/v2\/product_cat?post=147354"},{"taxonomy":"product_tag","embeddable":true,"href":"https:\/\/pizbube.ch\/en\/wp-json\/wp\/v2\/product_tag?post=147354"}],"curies":[{"name":"wp","href":"https:\/\/api.w.org\/{rel}","templated":true}]}}