{"id":147355,"date":"2021-01-15T10:55:11","date_gmt":"2021-01-15T10:55:11","guid":{"rendered":"https:\/\/codengine3.ch\/?product=import-placeholder-for-204029"},"modified":"2022-04-27T08:41:02","modified_gmt":"2022-04-27T06:41:02","slug":"lecco-valle-brembana-1-50000","status":"publish","type":"product","link":"https:\/\/pizbube.ch\/en\/shop\/lecco-valle-brembana-1-50000\/","title":{"rendered":"Lecco Valle Brembana 1: 50&#8217;000"},"content":{"rendered":"<p>WK 105;<\/p>\n<p>Wander- Bike- und Skitourenkarte. 1: 50 000<br \/>\nEin \u00fcbersichtlich gestaltetes Beiheft (italienisch) informiert \u00fcber Orte und<br \/>\nSchutzh\u00fctten sowie empfehlenswerte Touren, Sehensw\u00fcrdigkeiten und<br \/>\nFreizeiteinrichtungen.<\/p>\n<p>Ausf\u00fchrung: gefaltete (Land)Karte<br \/>\nAbbildungen: mit Download-M\u00f6glichkeit Kompass-App; Mit Aktiv Guide mit Outdoor<br \/>\nThemen, Detailkarten BIS 1:25&#8217;000, Wandertouren und farb. Abb.<br \/>\nAusstattung: mit Aktiv Guide, Karten<\/p>\n<p>4in1 Wanderkarte<\/p>\n<p>Lecco ist an der s\u00fcdlichen Spitze des s\u00fcd\u00f6stlichen Ausl\u00e4ufers des Comer Sees<br \/>\ngelegen. Der Ort liegt in einem Tal und ist von felsigen Bergen umgeben, die<br \/>\nan die Dolomiten erinnern. Wie z. Bsp. der Monte Barro oder der Resegone mit<br \/>\nseinen aneinander gereihten Zinnen.<\/p>\n<p>Unz\u00e4hlige kulturelle und kulinarische H\u00f6hepunkte riehen sich im Valle Brembana<br \/>\naneinander. Und auch das Wandern kommt auf den &#171;Vie Storiche Bergamasche&#187;<br \/>\nnicht zu kurz.Die KOMPASS Wanderkarten \u00fcberzeugen durch<br \/>\n&#8211; eine GPS-genaue und aktuelle Karte zur einfachen Orientierung<br \/>\n&#8211; den beigelegten Kurzf\u00fchrer zu Wissenswerten in der Region<br \/>\n&#8211; Herstellung auf robustem rei\u00df- und wetterfesten Papier<\/p>","protected":false},"excerpt":{"rendered":"<p>WK 105; Wander- Bike- und Skitourenkarte. 1: 50 000 Ein \u00fcbersichtlich gestaltetes Beiheft (italienisch) informiert \u00fcber Orte und Schutzh\u00fctten sowie empfehlenswerte Touren, Sehensw\u00fcrdigkeiten und Freizeiteinrichtungen. Ausf\u00fchrung: gefaltete (Land)Karte Abbildungen: mit Download-M\u00f6glichkeit Kompass-App; Mit Aktiv Guide mit Outdoor Themen, Detailkarten BIS 1:25&#8217;000, Wandertouren und farb. Abb. Ausstattung: mit Aktiv Guide, Karten 4in1 Wanderkarte Lecco ist an [&#8230;]\n","protected":false},"featured_media":161647,"template":"","meta":[],"product_brand":[],"product_cat":[21543],"product_tag":[],"class_list":{"0":"post-147355","1":"product","2":"type-product","3":"status-publish","4":"has-post-thumbnail","6":"product_cat-landkarten","7":"pa_autor-kompass","8":"pa_erscheinungsjahr-25440","9":"pa_region-italien","10":"pa_sprache-de-it","12":"first","13":"instock","14":"taxable","15":"shipping-taxable","16":"purchasable","17":"product-type-simple"},"_links":{"self":[{"href":"https:\/\/pizbube.ch\/en\/wp-json\/wp\/v2\/product\/147355","targetHints":{"allow":["GET"]}}],"collection":[{"href":"https:\/\/pizbube.ch\/en\/wp-json\/wp\/v2\/product"}],"about":[{"href":"https:\/\/pizbube.ch\/en\/wp-json\/wp\/v2\/types\/product"}],"wp:featuredmedia":[{"embeddable":true,"href":"https:\/\/pizbube.ch\/en\/wp-json\/wp\/v2\/media\/161647"}],"wp:attachment":[{"href":"https:\/\/pizbube.ch\/en\/wp-json\/wp\/v2\/media?parent=147355"}],"wp:term":[{"taxonomy":"product_brand","embeddable":true,"href":"https:\/\/pizbube.ch\/en\/wp-json\/wp\/v2\/product_brand?post=147355"},{"taxonomy":"product_cat","embeddable":true,"href":"https:\/\/pizbube.ch\/en\/wp-json\/wp\/v2\/product_cat?post=147355"},{"taxonomy":"product_tag","embeddable":true,"href":"https:\/\/pizbube.ch\/en\/wp-json\/wp\/v2\/product_tag?post=147355"}],"curies":[{"name":"wp","href":"https:\/\/api.w.org\/{rel}","templated":true}]}}