{"id":147358,"date":"2021-01-15T10:55:12","date_gmt":"2021-01-15T10:55:12","guid":{"rendered":"https:\/\/codengine3.ch\/?product=import-placeholder-for-204539"},"modified":"2023-05-29T11:20:39","modified_gmt":"2023-05-29T09:20:39","slug":"mtb-vom-bergamo-zu-den-seen-endine-und-iseo","status":"publish","type":"product","link":"https:\/\/pizbube.ch\/en\/shop\/mtb-vom-bergamo-zu-den-seen-endine-und-iseo\/","title":{"rendered":"MTB von BERGAMO zu den SEEN ENDINE und ISEO"},"content":{"rendered":"<p>115 Touren im Valle Seriana, Valle di Scalve, Val Cavallina<\/p>\n<p>Mit den 126 in diesem Band enthaltenen Touren kommt ihr auf nicht ganz 3.000<br \/>\nmit dem Rad zur\u00fcckgelegte Kilometer. Es ist eine lange Reise, die von einer<br \/>\nH\u00f6he von 120 m \u00fc. d. M. entlang der Mail\u00e4nder Wasserkan\u00e4le bis zu den Gipfeln<br \/>\nund P\u00e4ssen der Orobie f\u00fchrt, wo es die \u201eCima Coppi\u201d des F\u00fchrers zu bezwingen<br \/>\ngilt: die 2.612 m \u00fc. d. M. des Passo di Caronella.<\/p>\n<p>Dank akribischer Beschreibungen, detaillierter Karten und dem Download der GPS<br \/>\nTracks k\u00f6nnt ihr euch nicht verfahren. Eure Fantasie darf frei durch Bilder<br \/>\nund Erz\u00e4hlungen schweifen, welche der Autor mit viel Hingabe jeder einzelnen<br \/>\nTour zugeordnet hat. Eine klare und zweckm\u00e4\u00dfige Grafik liefert alle n\u00fctzlichen<br \/>\nInformatio- nen auf der Doppelseite einer jeden Tour. Die Unterteilung der<br \/>\nStrecken in 13 homogene geografische Zonen erleichtert die Orientierung und<br \/>\ndie Wahl des Ausflugs, der am besten dem eigenen Stil, den Gewohnheiten, der<br \/>\nKondition und dem technischen K\u00f6nnen entspricht. Ihr k\u00f6nnt euch schrittweise<br \/>\nan schwierigere Touren herantasten und in jeder Jahreszeit in die Pedale<br \/>\ntreten.<\/p>\n<p>F\u00fcr Familienausfl\u00fcge mit Kleinkindern gibt es eine Auswahl an 11 Radwegen f\u00fcr<br \/>\ngut 346 km Wegl\u00e4nge. Einen Teil dieses Radwegnetzes nutzt ihr dann auch als<br \/>\nVerbindungen im Talboden, um zu den Startpunkten vieler der 115 Ringtouren<br \/>\nzur\u00fcckzukehren, die wir dem Mountainbike gewidmet haben. Ihr habt die Qual der<br \/>\nWahl: Genau 2.587 Kilometer an Wegen, Schotterstra\u00dfen und Asphaltstra\u00dfen<br \/>\nerwarten euch. Die Flei\u00dfigsten unter euch k\u00f6nnen am Ende damit angeben, mehr<br \/>\nals 110.000 H\u00f6henmeter zur\u00fcckgelegt zu haben.<\/p>\n<p>Die Neuigkeit in diesem F\u00fchrer ist das Kapitel, das dem Radwegnetz gewidmet<br \/>\nwurde, welches Mailand mit den T\u00e4lern und den Seen von Lecco und Bergamo<br \/>\nverbindet, notwendige Adern f\u00fcr eine sanfte und nachhaltige Mobilit\u00e4t. Wir<br \/>\nhaben den Wunsch versp\u00fcrt, eine zusammenh\u00e4ngende \u00dcbersicht \u00fcber ein<br \/>\nexistierendes und funktionierendes Fu\u00dfund Radwegnetz wiederzugeben, obwohl es<br \/>\nteils an eindeutiger und funktionierender Ausschilderung f\u00fcr Radfahrer fehlt.<br \/>\nWir sind \u00fcberzeugt, dass die Radwege, integriert in die Mountainbike-Touren,<br \/>\neine wichtige Ressource f\u00fcr das Territorium darstellen. Wir m\u00f6chten damit<br \/>\neinen kleinen Beitrag zur Entwicklung eines langsamen und respektvollen<br \/>\nTourismus leisten, eines Tourismus, der aufmerksam und neugierig nach Natur<br \/>\nund Sch\u00f6nheit d\u00fcrstet.<\/p>","protected":false},"excerpt":{"rendered":"<p>115 Touren im Valle Seriana, Valle di Scalve, Val Cavallina Mit den 126 in diesem Band enthaltenen Touren kommt ihr auf nicht ganz 3.000 mit dem Rad zur\u00fcckgelegte Kilometer. Es ist eine lange Reise, die von einer H\u00f6he von 120 m \u00fc. d. M. entlang der Mail\u00e4nder Wasserkan\u00e4le bis zu den Gipfeln und P\u00e4ssen der [&#8230;]\n","protected":false},"featured_media":158583,"template":"","meta":[],"product_brand":[],"product_cat":[21606],"product_tag":[],"class_list":{"0":"post-147358","1":"product","2":"type-product","3":"status-publish","4":"has-post-thumbnail","6":"product_cat-mountainbikefuehrer","7":"pa_autor-panseri","8":"pa_erscheinungsjahr-21546","9":"pa_region-italien","10":"pa_sprache-de","12":"first","13":"instock","14":"taxable","15":"shipping-taxable","16":"purchasable","17":"product-type-simple"},"_links":{"self":[{"href":"https:\/\/pizbube.ch\/en\/wp-json\/wp\/v2\/product\/147358","targetHints":{"allow":["GET"]}}],"collection":[{"href":"https:\/\/pizbube.ch\/en\/wp-json\/wp\/v2\/product"}],"about":[{"href":"https:\/\/pizbube.ch\/en\/wp-json\/wp\/v2\/types\/product"}],"wp:featuredmedia":[{"embeddable":true,"href":"https:\/\/pizbube.ch\/en\/wp-json\/wp\/v2\/media\/158583"}],"wp:attachment":[{"href":"https:\/\/pizbube.ch\/en\/wp-json\/wp\/v2\/media?parent=147358"}],"wp:term":[{"taxonomy":"product_brand","embeddable":true,"href":"https:\/\/pizbube.ch\/en\/wp-json\/wp\/v2\/product_brand?post=147358"},{"taxonomy":"product_cat","embeddable":true,"href":"https:\/\/pizbube.ch\/en\/wp-json\/wp\/v2\/product_cat?post=147358"},{"taxonomy":"product_tag","embeddable":true,"href":"https:\/\/pizbube.ch\/en\/wp-json\/wp\/v2\/product_tag?post=147358"}],"curies":[{"name":"wp","href":"https:\/\/api.w.org\/{rel}","templated":true}]}}