{"id":147360,"date":"2021-01-15T10:55:12","date_gmt":"2021-01-15T10:55:12","guid":{"rendered":"https:\/\/codengine3.ch\/?product=import-placeholder-for-200198"},"modified":"2024-12-18T17:39:50","modified_gmt":"2024-12-18T16:39:50","slug":"excursions-ascensions-caucase","status":"publish","type":"product","link":"https:\/\/pizbube.ch\/en\/shop\/excursions-ascensions-caucase\/","title":{"rendered":"Excursions &amp; Ascensions Caucase"},"content":{"rendered":"<p>Cet ouvrage regroupe une s\u00e9lection de treks et d&#8217;ascensions \u00e0 faire dans le<br \/>\nCaucase, plus exactement dans la partie centrale. Muni de nombreuses<br \/>\ninformations, cet ouvrage sera parfait pour vos futurs p\u00e9riples dans cette<br \/>\nr\u00e9gion tr\u00e8s spectaculaire.<\/p>\n<p>Des tuyaux pour se d\u00e9placer en Russie, G\u00e9orgie, Turquie, et surtout pour y<br \/>\nfaire des treks ou quelques ascensions. Sans oublier une partie historique<br \/>\ncons\u00e9quente pour savoir o\u00f9 l&#8217;on est!<\/p>\n<p>C&#8217;est de la partie appel\u00e9e centrale du Caucase dont il est question ici, de<br \/>\npart et d&#8217;autre de la fronti\u00e8re.<\/p>\n<p>Les topos se veulent suffisamment complets pour partir solo en autonomie,<br \/>\nindiquant les difficult\u00e9s, les spots de bivouacs, la gestion de l&#8217;eau&#8230;<br \/>\nUne trentaine de pages sont consacr\u00e9es \u00e0 la partie orientale de la Turquie,<br \/>\nd\u00e9bordant donc le cadre du Caucase.<\/p>\n<p>180 pages bien remplies avec de nombreuses photographies, des cartes faites<br \/>\npar mes soins, des photos explicatives.<\/p>","protected":false},"excerpt":{"rendered":"<p>Cet ouvrage regroupe une s\u00e9lection de treks et d&#8217;ascensions \u00e0 faire dans le Caucase, plus exactement dans la partie centrale. Muni de nombreuses informations, cet ouvrage sera parfait pour vos futurs p\u00e9riples dans cette r\u00e9gion tr\u00e8s spectaculaire. Des tuyaux pour se d\u00e9placer en Russie, G\u00e9orgie, Turquie, et surtout pour y faire des treks ou quelques [&#8230;]\n","protected":false},"featured_media":157118,"template":"","meta":[],"product_brand":[],"product_cat":[21544],"product_tag":[],"class_list":{"0":"post-147360","1":"product","2":"type-product","3":"status-publish","4":"has-post-thumbnail","6":"product_cat-fuehrerliteratur-alpin-sommer","7":"pa_autor-lebrue","8":"pa_erscheinungsjahr-21586","9":"pa_region-asien","10":"pa_sprache-fr","12":"first","13":"instock","14":"taxable","15":"shipping-taxable","16":"purchasable","17":"product-type-simple"},"_links":{"self":[{"href":"https:\/\/pizbube.ch\/en\/wp-json\/wp\/v2\/product\/147360","targetHints":{"allow":["GET"]}}],"collection":[{"href":"https:\/\/pizbube.ch\/en\/wp-json\/wp\/v2\/product"}],"about":[{"href":"https:\/\/pizbube.ch\/en\/wp-json\/wp\/v2\/types\/product"}],"wp:featuredmedia":[{"embeddable":true,"href":"https:\/\/pizbube.ch\/en\/wp-json\/wp\/v2\/media\/157118"}],"wp:attachment":[{"href":"https:\/\/pizbube.ch\/en\/wp-json\/wp\/v2\/media?parent=147360"}],"wp:term":[{"taxonomy":"product_brand","embeddable":true,"href":"https:\/\/pizbube.ch\/en\/wp-json\/wp\/v2\/product_brand?post=147360"},{"taxonomy":"product_cat","embeddable":true,"href":"https:\/\/pizbube.ch\/en\/wp-json\/wp\/v2\/product_cat?post=147360"},{"taxonomy":"product_tag","embeddable":true,"href":"https:\/\/pizbube.ch\/en\/wp-json\/wp\/v2\/product_tag?post=147360"}],"curies":[{"name":"wp","href":"https:\/\/api.w.org\/{rel}","templated":true}]}}