{"id":147369,"date":"2021-01-15T10:55:12","date_gmt":"2021-01-15T10:55:12","guid":{"rendered":"https:\/\/codengine3.ch\/?product=import-placeholder-for-205495"},"modified":"2024-04-03T14:39:35","modified_gmt":"2024-04-03T12:39:35","slug":"russland-elbrus","status":"publish","type":"product","link":"https:\/\/pizbube.ch\/en\/shop\/russland-elbrus\/","title":{"rendered":"Russland: Elbrus"},"content":{"rendered":"<p>Im Elbrus, den die am Fu\u00dfe des Berges lebenden turkst\u00e4mmigen Balkaren und<br \/>\nKaratschaier Mingitau nennen, besitzt der Kaukasus seine h\u00f6chste Erhebung.<br \/>\nNicht umsonst gab der Berg Veranlassung zu zahlreichen Sagen und Legenden im<br \/>\nVolksmund. Und so wie der gewaltige eisgepanzerte Vulkankegel mit seinem<br \/>\nnahezu symmetrischen Doppelgipfel der Fantasie der Menschen allzeit Nahrung<br \/>\ngab, haben sie sich auch schon fr\u00fch mit der M\u00f6glichkeit seiner Besteigung<br \/>\nbesch\u00e4ftigt.<\/p>\n<p>Der Autor bringt nicht nur Licht in die gleicherma\u00dfen spannende wie<br \/>\numstrittene Geschichte der Erstbesteigung, sondern zeichnet ein umfassendes<br \/>\nPortr\u00e4t des Berges, bei dem neben rein geografischen Aspekten vor allem den<br \/>\nbei uns nur wenig bekannten ethnischen, kulturellen und historischen<br \/>\nVerh\u00e4ltnissen viel Raum geschenkt wird.<\/p>\n<p>Dar\u00fcber hinaus ist das Buch all denjenigen ein praktischer Helfer und<br \/>\nn\u00fctzlicher Begleiter, die selbst einmal den h\u00f6chsten Berg des Kaukasus<br \/>\nbesteigen wollen. Sie finden eine detaillierte Beschreibung der Normalwege auf<br \/>\nWest- und Ostgipfel sowie Hinweise zu Ausr\u00fcstung und Gefahren am Berg.<br \/>\nPraktische Tipps zur Reiseplanung wie auch zum Aufenthalt vor Ort geben die<br \/>\n&#8218;Reiseinformationen&#8216; des Schlusskapitels.<\/p>\n<p>2. \u00fcberarb. und erweiterte Auflage 2014, 128 Seiten, 2 Karten, 35 farbige<br \/>\nAbbildungen, 2 farbige H\u00f6henprofile<\/p>","protected":false},"excerpt":{"rendered":"<p>Im Elbrus, den die am Fu\u00dfe des Berges lebenden turkst\u00e4mmigen Balkaren und Karatschaier Mingitau nennen, besitzt der Kaukasus seine h\u00f6chste Erhebung. Nicht umsonst gab der Berg Veranlassung zu zahlreichen Sagen und Legenden im Volksmund. Und so wie der gewaltige eisgepanzerte Vulkankegel mit seinem nahezu symmetrischen Doppelgipfel der Fantasie der Menschen allzeit Nahrung gab, haben sie [&#8230;]\n","protected":false},"featured_media":27292,"template":"","meta":[],"product_brand":[],"product_cat":[21544],"product_tag":[],"class_list":{"0":"post-147369","1":"product","2":"type-product","3":"status-publish","4":"has-post-thumbnail","6":"product_cat-fuehrerliteratur-alpin-sommer","7":"pa_autor-jaeger","8":"pa_erscheinungsjahr-21550","9":"pa_region-asien","10":"pa_sprache-de","12":"first","13":"outofstock","14":"taxable","15":"shipping-taxable","16":"purchasable","17":"product-type-simple"},"_links":{"self":[{"href":"https:\/\/pizbube.ch\/en\/wp-json\/wp\/v2\/product\/147369","targetHints":{"allow":["GET"]}}],"collection":[{"href":"https:\/\/pizbube.ch\/en\/wp-json\/wp\/v2\/product"}],"about":[{"href":"https:\/\/pizbube.ch\/en\/wp-json\/wp\/v2\/types\/product"}],"wp:featuredmedia":[{"embeddable":true,"href":"https:\/\/pizbube.ch\/en\/wp-json\/wp\/v2\/media\/27292"}],"wp:attachment":[{"href":"https:\/\/pizbube.ch\/en\/wp-json\/wp\/v2\/media?parent=147369"}],"wp:term":[{"taxonomy":"product_brand","embeddable":true,"href":"https:\/\/pizbube.ch\/en\/wp-json\/wp\/v2\/product_brand?post=147369"},{"taxonomy":"product_cat","embeddable":true,"href":"https:\/\/pizbube.ch\/en\/wp-json\/wp\/v2\/product_cat?post=147369"},{"taxonomy":"product_tag","embeddable":true,"href":"https:\/\/pizbube.ch\/en\/wp-json\/wp\/v2\/product_tag?post=147369"}],"curies":[{"name":"wp","href":"https:\/\/api.w.org\/{rel}","templated":true}]}}