{"id":147371,"date":"2021-01-15T10:55:12","date_gmt":"2021-01-15T10:55:12","guid":{"rendered":"https:\/\/codengine3.ch\/?product=import-placeholder-for-200200"},"modified":"2022-02-08T10:40:09","modified_gmt":"2022-02-08T09:40:09","slug":"donde-escalar-en-espana","status":"publish","type":"product","link":"https:\/\/pizbube.ch\/en\/shop\/donde-escalar-en-espana\/","title":{"rendered":"D\u00f3nde escalar en Espa\u00f1a"},"content":{"rendered":"<p>Vivimos en un para\u00edso de roca con miles de opciones para la pr\u00e1ctica de la<br \/>\nescalada y esta gu\u00eda es la clara muestra de ello. Variedad, calidad y buen<br \/>\ntiempo caracterizan nuestras zonas de escalada, muchas de ellas destino de<br \/>\nperegrinaci\u00f3n de los escaladores del mundo. Esta nueva actualizaci\u00f3n se<br \/>\nalimenta de un trabajo recopilatorio de m\u00e1s de una d\u00e9cada y se ha realizado<br \/>\ngracias a la implicaci\u00f3n de un centenar de colaboradores, todos ellos<br \/>\nequipadores y escaladores en activo.<\/p>\n<p>Cada una de las zonas se presenta con un ficha que incluye informaci\u00f3n sobre:<br \/>\nel tipo de escalada, el equipamiento, la roca, la orientaci\u00f3n de las paredes,<br \/>\nla altura m\u00e1xima y media de las v\u00edas, el n\u00famero de largos, cu\u00e1ndo es la mejor<br \/>\n\u00e9poca para escalar, c\u00f3mo llegar, los datos GPS, d\u00f3nde dormir, d\u00f3nde encontrar<br \/>\nagua, las posibles restricciones a la escalada, si tiene o no buen pie de v\u00eda<br \/>\npara ir con ni\u00f1os, bibliograf\u00eda o webs donde encontrar informaci\u00f3n adicional y<br \/>\notras recomendaciones de inter\u00e9s. Adem\u00e1s, las zonas vienen catalogadas con<br \/>\nmosquetones (desde 1 a 6 mosquetones) seg\u00fan su calidad e importancia.<\/p>\n<p>Contiene:<\/p>\n<p>\u2022 1227 zonas de escalada con los datos pr\u00e1cticos fundamentales (236 zonas<br \/>\nnuevas respecto a la anterior edici\u00f3n).<br \/>\n\u2022 74 zonas destacadas desarrolladas con croquis sobre fotograf\u00eda, con<br \/>\nrepresentaci\u00f3n de todas las comunidades.<br \/>\n\u2022 176 motivadoras fotograf\u00edas de escalada a todo color.<br \/>\n\u2022 Mapa de carreteras de cada comunidad, con la ubicaci\u00f3n de las zonas de<br \/>\nescalada.<br \/>\n\u2022 Geolocalizaci\u00f3n GPS de todas las zonas.<br \/>\n\u2022 Iconos de f\u00e1cil comprensi\u00f3n, con leyenda en castellano e ingl\u00e9s.<\/p>\n<p>\u00a1Un compa\u00f1ero imprescindible para la vida viajera de los escaladores!<\/p>\n<p>1227 Klettergebiete verteilt auf ganz Spanien incl. den kanarischen Inseln und<br \/>\nden Balearen. Eine bessere \u00dcbersicht \u00fcber die Kletterm\u00f6glichkeiten hat es noch<br \/>\nnie gegeben. Es werden sowohl klassische Gebiete mit Mehrseill\u00e4ngenrouten,<br \/>\nSportklettergebiete, Boulderspots und Deep Water Soloing M\u00f6glichkeiten<br \/>\nvorgestellt. Das im A4-Format gemachte Buch wendet sich an alle, die eine<br \/>\n\u00dcbersicht m\u00f6chten.<\/p>\n<p>Die Lage der Gebiete ist in \u00dcbersichtsskizzen am Anfang einer vorgestellten<br \/>\nRegion eingezeichnet. Weitere wichtige Infos kann man anhand der Piktogramme<br \/>\noder der GPS-Koordinaten herauslesen. wer dar\u00fcber hinaus noch in die verbalen<br \/>\nBeschreibungen einsteigen m\u00f6chte, sollte ein wenig spanisch k\u00f6nnen oder eine<br \/>\n\u00dcbersetzungshilfe dabei haben. Die Fotos sind ansprechend, die mitgelieferten<br \/>\nTopos eher als Appertizer zu verstehen.<\/p>\n<p>Text: Spanisch \/ Catalanisch \/\/ Englische Zusammenfassungen<\/p>","protected":false},"excerpt":{"rendered":"<p>Vivimos en un para\u00edso de roca con miles de opciones para la pr\u00e1ctica de la escalada y esta gu\u00eda es la clara muestra de ello. Variedad, calidad y buen tiempo caracterizan nuestras zonas de escalada, muchas de ellas destino de peregrinaci\u00f3n de los escaladores del mundo. Esta nueva actualizaci\u00f3n se alimenta de un trabajo recopilatorio [&#8230;]\n","protected":false},"featured_media":38800,"template":"","meta":[],"product_brand":[],"product_cat":[21539],"product_tag":[],"class_list":{"0":"post-147371","1":"product","2":"type-product","3":"status-publish","4":"has-post-thumbnail","6":"product_cat-fuehrerliteratur-sportklettern-bouldern","7":"pa_autor-desnivel","8":"pa_erscheinungsjahr-21546","9":"pa_region-spanien","10":"pa_sprache-es","12":"first","13":"outofstock","14":"taxable","15":"shipping-taxable","16":"purchasable","17":"product-type-simple"},"_links":{"self":[{"href":"https:\/\/pizbube.ch\/en\/wp-json\/wp\/v2\/product\/147371","targetHints":{"allow":["GET"]}}],"collection":[{"href":"https:\/\/pizbube.ch\/en\/wp-json\/wp\/v2\/product"}],"about":[{"href":"https:\/\/pizbube.ch\/en\/wp-json\/wp\/v2\/types\/product"}],"wp:featuredmedia":[{"embeddable":true,"href":"https:\/\/pizbube.ch\/en\/wp-json\/wp\/v2\/media\/38800"}],"wp:attachment":[{"href":"https:\/\/pizbube.ch\/en\/wp-json\/wp\/v2\/media?parent=147371"}],"wp:term":[{"taxonomy":"product_brand","embeddable":true,"href":"https:\/\/pizbube.ch\/en\/wp-json\/wp\/v2\/product_brand?post=147371"},{"taxonomy":"product_cat","embeddable":true,"href":"https:\/\/pizbube.ch\/en\/wp-json\/wp\/v2\/product_cat?post=147371"},{"taxonomy":"product_tag","embeddable":true,"href":"https:\/\/pizbube.ch\/en\/wp-json\/wp\/v2\/product_tag?post=147371"}],"curies":[{"name":"wp","href":"https:\/\/api.w.org\/{rel}","templated":true}]}}