{"id":147372,"date":"2021-01-15T10:55:12","date_gmt":"2021-01-15T10:55:12","guid":{"rendered":"https:\/\/codengine3.ch\/?product=import-placeholder-for-201957"},"modified":"2024-08-20T12:44:56","modified_gmt":"2024-08-20T10:44:56","slug":"roca-espana-band-sued","status":"publish","type":"product","link":"https:\/\/pizbube.ch\/en\/shop\/roca-espana-band-sued\/","title":{"rendered":"ROCA ESPANA Band S\u00fcd"},"content":{"rendered":"<p>Auswahlf\u00fchrer von ganz S\u00fcd- Spanien:<br \/>\nDie 115 sch\u00f6nsten Klettergebiete im S\u00fcden Spaniens.<br \/>\nThe most beautiful 115 climbing areas in south Spain.<\/p>\n<p>beschreibt die sch\u00f6nsten 115 Sportklettergebiete in Andalusien, Murcia und an<br \/>\nder Costa Blanca. Au\u00dferdem in den \u00dcbergangsjahreszeiten in der einsamen<br \/>\nExtremadura oder dem kargen Hochland der Castilla la Mancha und die Regionen<br \/>\num die Hauptstadt Madrid.<\/p>\n<p>Dieser Sportkletterf\u00fchrer beschreibt auf 700 Seiten die sch\u00f6nsten 115<br \/>\nSportklettergebiete im S\u00fcdwesten, im S\u00fcden und der Mitte Spaniens. Weit \u00fcber<br \/>\n5.000 Routen vom 3. bis zum 11. Schwierigkeitsgrad werden auf 700 Topos und<br \/>\nKarten dargestellt. Zu allen Gebieten gibt es eine ausf\u00fchrliche Einleitung mit<br \/>\nallen wichtigen Basics in einer \u00fcbersichtlichen Piktogramm best\u00fcckten<br \/>\nInfoleiste.<\/p>\n<p>Der Text im Kletterf\u00fchrer ist durchg\u00e4ngig zweisprachig deutsch\/englisch.<br \/>\nDamit die Sucherei nach Felsen und Parkpl\u00e4tzen ein Ende hat, stellen wir den<br \/>\nZugang zu den Felsen in Karten mit unterschiedlichen Ma\u00dfst\u00e4ben vor. Zudem gibt<br \/>\nes f\u00fcr alle Sektoren und Parkpl\u00e4tze pr\u00e4zise GPS-Daten. Viele der aufgelisteten<br \/>\nGebiete wurden noch nie in deutscher Sprache beschrieben und gelten selbst<br \/>\nnoch in Spanien als Geheimtipps.<\/p>\n<p>A climbing guide covering the whole of southern Spain from Almeria in the east<br \/>\nto Gibralta in the west and going inland as far as Sevilla. The guide is<br \/>\npacked with useful information for the visiting climber including topos,<br \/>\naction photos and easy to follow maps &#8211; Englist text throughout.<br \/>\nAreas covered include; Andalucia, Castilla La Mancha, Valencia, Extremedura,<br \/>\nMadrid and Murcia.<\/p>\n<p>1. Auflage<br \/>\n701 Seiten &#8211; vierfarbig<br \/>\nFormat 14,7 x 21 cm, &#8211; Fadengebunden<\/p>","protected":false},"excerpt":{"rendered":"<ul>\n<li><a href=\"https:\/\/pizbube.ch\/wp-content\/uploads\/attachments\/a_014\/4F69BBE5BEA103CA52D4F4A1385760E1.pdf\" target=\"_blank\" rel=\"noopener\">PDF: Gebiets\u00fcbersicht ROCA ESPANA Band S\u00fcd<\/a><\/li>\n<\/ul>","protected":false},"featured_media":159416,"template":"","meta":[],"product_brand":[],"product_cat":[21539],"product_tag":[26980],"class_list":{"0":"post-147372","1":"product","2":"type-product","3":"status-publish","4":"has-post-thumbnail","6":"product_cat-fuehrerliteratur-sportklettern-bouldern","7":"product_tag-roca-espana-sued","8":"pa_autor-wagenhals","9":"pa_erscheinungsjahr-21763","10":"pa_region-spanien","11":"pa_sprache-d","12":"pa_sprache-e","13":"pa_sprache-f","14":"pa_sprache-i","15":"pa_sprache-sp","17":"first","18":"instock","19":"taxable","20":"shipping-taxable","21":"purchasable","22":"product-type-simple"},"_links":{"self":[{"href":"https:\/\/pizbube.ch\/en\/wp-json\/wp\/v2\/product\/147372","targetHints":{"allow":["GET"]}}],"collection":[{"href":"https:\/\/pizbube.ch\/en\/wp-json\/wp\/v2\/product"}],"about":[{"href":"https:\/\/pizbube.ch\/en\/wp-json\/wp\/v2\/types\/product"}],"wp:featuredmedia":[{"embeddable":true,"href":"https:\/\/pizbube.ch\/en\/wp-json\/wp\/v2\/media\/159416"}],"wp:attachment":[{"href":"https:\/\/pizbube.ch\/en\/wp-json\/wp\/v2\/media?parent=147372"}],"wp:term":[{"taxonomy":"product_brand","embeddable":true,"href":"https:\/\/pizbube.ch\/en\/wp-json\/wp\/v2\/product_brand?post=147372"},{"taxonomy":"product_cat","embeddable":true,"href":"https:\/\/pizbube.ch\/en\/wp-json\/wp\/v2\/product_cat?post=147372"},{"taxonomy":"product_tag","embeddable":true,"href":"https:\/\/pizbube.ch\/en\/wp-json\/wp\/v2\/product_tag?post=147372"}],"curies":[{"name":"wp","href":"https:\/\/api.w.org\/{rel}","templated":true}]}}