{"id":147374,"date":"2021-01-15T10:55:12","date_gmt":"2021-01-15T10:55:12","guid":{"rendered":"https:\/\/codengine3.ch\/?product=import-placeholder-for-206143"},"modified":"2021-01-15T14:46:45","modified_gmt":"2021-01-15T14:46:45","slug":"100-clasicas-de-espana-escaladas-imprescindibles","status":"publish","type":"product","link":"https:\/\/pizbube.ch\/en\/shop\/100-clasicas-de-espana-escaladas-imprescindibles\/","title":{"rendered":"100 cl\u00e1sicas de Espa\u00f1a &#8211; Escaladas imprescindibles"},"content":{"rendered":"<p>Auswahlkletterf\u00fchrer von ganz Spanien: 100 &#8218;Klassiker&#8216; im Bereich 5- 7a; von<br \/>\nden Riglos \u00fcber die Picos de Europa bis Terradets, Montserrat bis Pedriza und<br \/>\nSierra Nevada.  <\/p>\n<p>Desde las paredes de Ordesa hasta el granadino Veleta y del m\u00edtico Naranjo de<br \/>\nBulnes al soleado Pe\u00f1\u00f3n de Ifach, este libro recorre las paredes m\u00e1s<br \/>\nimportantes de la Pen\u00ednsula Ib\u00e9rica, con una selecci\u00f3n de sus escaladas m\u00e1s<br \/>\ncl\u00e1sicas, aquellas que son imprescindibles para cualquier alpinista amante de<br \/>\nla roca con historia y car\u00e1cter.  <\/p>\n<p>Adem\u00e1s de las v\u00edas ib\u00e9ricas m\u00e1s famosas, se encuentran sorpresas menos<br \/>\nconocidas que invitan al disfrute de l\u00edneas poco transitadas, como las rutas<br \/>\nque recorren las paredes de Pe\u00f1a Blanca en Murcia, Egino en el Pa\u00eds Vasco y<br \/>\nAger en el prePirineo m\u00e1s desconocido.<br \/>\nJunto a una valiosa narraci\u00f3n sobre cada uno de los itinerarios, sus<br \/>\ncreadores, su historia y las an\u00e9cdotas y leyendas nacidas en torno suyo, los<br \/>\nautores han reunido una exhaustiva informaci\u00f3n pr\u00e1ctica donde se incluye la<br \/>\naproximaci\u00f3n y el acceso a las rutas, su equipamiento actual y el material<br \/>\nnecesario para realizarlas, la descripci\u00f3n de los descensos, los horarios<br \/>\nhabituales para ascenderlas y otras recomendaciones.  <\/p>","protected":false},"excerpt":{"rendered":"<p>Auswahlkletterf\u00fchrer von ganz Spanien: 100 &#8218;Klassiker&#8216; im Bereich 5- 7a; von den Riglos \u00fcber die Picos de Europa bis Terradets, Montserrat bis Pedriza und Sierra Nevada. Desde las paredes de Ordesa hasta el granadino Veleta y del m\u00edtico Naranjo de Bulnes al soleado Pe\u00f1\u00f3n de Ifach, este libro recorre las paredes m\u00e1s importantes de la [&#8230;]\n","protected":false},"featured_media":35080,"template":"","meta":[],"product_brand":[],"product_cat":[21539],"product_tag":[],"class_list":{"0":"post-147374","1":"product","2":"type-product","3":"status-publish","4":"has-post-thumbnail","6":"product_cat-fuehrerliteratur-sportklettern-bouldern","7":"pa_autor-merino-rubayo","8":"pa_erscheinungsjahr-21830","9":"pa_region-spanien","10":"pa_sprache-sp","12":"first","13":"instock","14":"taxable","15":"shipping-taxable","16":"purchasable","17":"product-type-simple"},"_links":{"self":[{"href":"https:\/\/pizbube.ch\/en\/wp-json\/wp\/v2\/product\/147374","targetHints":{"allow":["GET"]}}],"collection":[{"href":"https:\/\/pizbube.ch\/en\/wp-json\/wp\/v2\/product"}],"about":[{"href":"https:\/\/pizbube.ch\/en\/wp-json\/wp\/v2\/types\/product"}],"wp:featuredmedia":[{"embeddable":true,"href":"https:\/\/pizbube.ch\/en\/wp-json\/wp\/v2\/media\/35080"}],"wp:attachment":[{"href":"https:\/\/pizbube.ch\/en\/wp-json\/wp\/v2\/media?parent=147374"}],"wp:term":[{"taxonomy":"product_brand","embeddable":true,"href":"https:\/\/pizbube.ch\/en\/wp-json\/wp\/v2\/product_brand?post=147374"},{"taxonomy":"product_cat","embeddable":true,"href":"https:\/\/pizbube.ch\/en\/wp-json\/wp\/v2\/product_cat?post=147374"},{"taxonomy":"product_tag","embeddable":true,"href":"https:\/\/pizbube.ch\/en\/wp-json\/wp\/v2\/product_tag?post=147374"}],"curies":[{"name":"wp","href":"https:\/\/api.w.org\/{rel}","templated":true}]}}