{"id":147377,"date":"2021-01-15T10:55:12","date_gmt":"2021-01-15T10:55:12","guid":{"rendered":"https:\/\/codengine3.ch\/?product=import-placeholder-for-203913"},"modified":"2022-03-10T08:48:34","modified_gmt":"2022-03-10T07:48:34","slug":"grenztour-graubuenden","status":"publish","type":"product","link":"https:\/\/pizbube.ch\/en\/shop\/grenztour-graubuenden\/","title":{"rendered":"Grenztour Graub\u00fcnden"},"content":{"rendered":"<p>77 Tage, 740 km Grenzlinie, 145&#8217;000 H\u00f6henmeter und 335 Gipfel: Der Churer<br \/>\nNorbert Joos und Peter Gujan aus Trin umrunden im Sommer 2005 den Kanton<br \/>\nGraub\u00fcnden auf seiner Grenzlinie. Mit dieser alpinistischen Pioniertat in<br \/>\ngr\u00f6sstenteils bergtechnisch anspruchsvollem Gel\u00e4nde machen sie im UNO Jahr des<br \/>\nSports auf den Reichtum der Alpen aufmerksam.<\/p>\n<p>Im Bildband Grenztour Graub\u00fcnden berichten die beiden Grenzg\u00e4nger im<br \/>\nTagebuchstil von ihrer strapazi\u00f6sen Bergfahrt. Der Text wird erg\u00e4nzt durch<br \/>\n\u00fcbersichtliche K\u00e4sten mit weiterf\u00fchrenden Hintergrundinformationen. Der Band<br \/>\nenth\u00e4lt zudem viele grossformatige Farbfotos des Fotografen Andrea Badrutt,<br \/>\neine Bild\u00fcbersicht zum Ausfalten und eine detaillierte Karte der Route.<\/p>","protected":false},"excerpt":{"rendered":"<p>77 Tage, 740 km Grenzlinie, 145&#8217;000 H\u00f6henmeter und 335 Gipfel: Der Churer Norbert Joos und Peter Gujan aus Trin umrunden im Sommer 2005 den Kanton Graub\u00fcnden auf seiner Grenzlinie. Mit dieser alpinistischen Pioniertat in gr\u00f6sstenteils bergtechnisch anspruchsvollem Gel\u00e4nde machen sie im UNO Jahr des Sports auf den Reichtum der Alpen aufmerksam. Im Bildband Grenztour Graub\u00fcnden [&#8230;]\n","protected":false},"featured_media":31624,"template":"","meta":[],"product_brand":[],"product_cat":[21542],"product_tag":[],"class_list":{"0":"post-147377","1":"product","2":"type-product","3":"status-publish","4":"has-post-thumbnail","6":"product_cat-sachbuecher-dokumentationen","7":"pa_autor-badrutt-schmid","8":"pa_erscheinungsjahr-21776","9":"pa_region-schweiz","10":"pa_sprache-de","12":"first","13":"outofstock","14":"taxable","15":"shipping-taxable","16":"purchasable","17":"product-type-simple"},"_links":{"self":[{"href":"https:\/\/pizbube.ch\/en\/wp-json\/wp\/v2\/product\/147377","targetHints":{"allow":["GET"]}}],"collection":[{"href":"https:\/\/pizbube.ch\/en\/wp-json\/wp\/v2\/product"}],"about":[{"href":"https:\/\/pizbube.ch\/en\/wp-json\/wp\/v2\/types\/product"}],"wp:featuredmedia":[{"embeddable":true,"href":"https:\/\/pizbube.ch\/en\/wp-json\/wp\/v2\/media\/31624"}],"wp:attachment":[{"href":"https:\/\/pizbube.ch\/en\/wp-json\/wp\/v2\/media?parent=147377"}],"wp:term":[{"taxonomy":"product_brand","embeddable":true,"href":"https:\/\/pizbube.ch\/en\/wp-json\/wp\/v2\/product_brand?post=147377"},{"taxonomy":"product_cat","embeddable":true,"href":"https:\/\/pizbube.ch\/en\/wp-json\/wp\/v2\/product_cat?post=147377"},{"taxonomy":"product_tag","embeddable":true,"href":"https:\/\/pizbube.ch\/en\/wp-json\/wp\/v2\/product_tag?post=147377"}],"curies":[{"name":"wp","href":"https:\/\/api.w.org\/{rel}","templated":true}]}}