{"id":147378,"date":"2021-01-15T10:55:12","date_gmt":"2021-01-15T10:55:12","guid":{"rendered":"https:\/\/codengine3.ch\/?product=import-placeholder-for-203492"},"modified":"2021-01-15T14:23:48","modified_gmt":"2021-01-15T14:23:48","slug":"thomas-ulrich-reisen-zum-abenteuer","status":"publish","type":"product","link":"https:\/\/pizbube.ch\/en\/shop\/thomas-ulrich-reisen-zum-abenteuer\/","title":{"rendered":"Thomas Ulrich Reisen zum Abenteuer"},"content":{"rendered":"<p>Dieses Buch zeigt zum ersten Mal eine grosse Auswahl von Thomas Ulrichs<br \/>\nFotografien aus verschiedenen Gebieten: Ein best of, das sensationelle<br \/>\nEindr\u00fccke aus verschiedenen Bergsportarten mit spektakul\u00e4ren Reisegeschichten<br \/>\nvereint. Cerro Torre, Matterhorn, Eiger, Gr\u00f6nland, S\u00fcdliches Patagonisches<br \/>\nInlandeis, Everest, Yosemite&#8230;<br \/>\nTextbeitr\u00e4ge von Christine Kopp. 239 S.  <\/p>","protected":false},"excerpt":{"rendered":"<p>Dieses Buch zeigt zum ersten Mal eine grosse Auswahl von Thomas Ulrichs Fotografien aus verschiedenen Gebieten: Ein best of, das sensationelle Eindr\u00fccke aus verschiedenen Bergsportarten mit spektakul\u00e4ren Reisegeschichten vereint. Cerro Torre, Matterhorn, Eiger, Gr\u00f6nland, S\u00fcdliches Patagonisches Inlandeis, Everest, Yosemite&#8230; Textbeitr\u00e4ge von Christine Kopp. 239 S.<\/p>","protected":false},"featured_media":31109,"template":"","meta":[],"product_brand":[],"product_cat":[21542],"product_tag":[],"class_list":{"0":"post-147378","1":"product","2":"type-product","3":"status-publish","4":"has-post-thumbnail","6":"product_cat-sachbuecher-dokumentationen","7":"pa_autor-ulrich-kopp","8":"pa_erscheinungsjahr-21920","9":"pa_region-schweiz","10":"pa_sprache-de","12":"first","13":"instock","14":"taxable","15":"shipping-taxable","16":"purchasable","17":"product-type-simple"},"_links":{"self":[{"href":"https:\/\/pizbube.ch\/en\/wp-json\/wp\/v2\/product\/147378","targetHints":{"allow":["GET"]}}],"collection":[{"href":"https:\/\/pizbube.ch\/en\/wp-json\/wp\/v2\/product"}],"about":[{"href":"https:\/\/pizbube.ch\/en\/wp-json\/wp\/v2\/types\/product"}],"wp:featuredmedia":[{"embeddable":true,"href":"https:\/\/pizbube.ch\/en\/wp-json\/wp\/v2\/media\/31109"}],"wp:attachment":[{"href":"https:\/\/pizbube.ch\/en\/wp-json\/wp\/v2\/media?parent=147378"}],"wp:term":[{"taxonomy":"product_brand","embeddable":true,"href":"https:\/\/pizbube.ch\/en\/wp-json\/wp\/v2\/product_brand?post=147378"},{"taxonomy":"product_cat","embeddable":true,"href":"https:\/\/pizbube.ch\/en\/wp-json\/wp\/v2\/product_cat?post=147378"},{"taxonomy":"product_tag","embeddable":true,"href":"https:\/\/pizbube.ch\/en\/wp-json\/wp\/v2\/product_tag?post=147378"}],"curies":[{"name":"wp","href":"https:\/\/api.w.org\/{rel}","templated":true}]}}