{"id":147379,"date":"2021-01-15T10:55:12","date_gmt":"2021-01-15T10:55:12","guid":{"rendered":"https:\/\/codengine3.ch\/?product=import-placeholder-for-200202"},"modified":"2025-06-27T11:57:40","modified_gmt":"2025-06-27T09:57:40","slug":"der-berggeher","status":"publish","type":"product","link":"https:\/\/pizbube.ch\/en\/shop\/der-berggeher\/","title":{"rendered":"Der Berggeher"},"content":{"rendered":"<p>Bergf\u00fchrer machten hundert Jahre lang den Menschen Gipfel und Grate<br \/>\nzug\u00e4nglich, die sie allein nicht erreicht h\u00e4tten. Im Zeitalter des Rundum-<br \/>\nEntertainments am Berg treten sie mehr und mehr in den Hintergrund.<\/p>\n<p>Sich wie Reinhold Messner zu inszenieren, w\u00e4re ihnen zuwider gewesen. Dennoch<br \/>\nwaren sie die allt\u00e4glichen Helden der Berge: die Bergf\u00fchrer der alten Schule.<br \/>\nOb bei der Bergjagd oder beim Bergsteigen: Jeder kann von diesen Alten etwas<br \/>\nlernen, f\u00fcrs Gehen und f\u00fcrs Leben. \u2013 Ein Auszug aus einem Buch \u00fcber ein<br \/>\nBergf\u00fchrerleben.<\/p>\n<p>&#8230; \u201eWenn du viel Zeit hast, so gehe schnell.\u201c Die hohe Kunst besteht im<br \/>\nLangsamgehen. Das langsame Gehen erweist sich, auf einen Tag berechnet, als<br \/>\ndas schnelle. Es ist auch nicht wirklich langsam, sondern ruhig. Ge\u00fcbte<br \/>\nBerggeher versetzen den K\u00f6rper in eine ruhig flie\u00dfende Bewegung mit minimalem<br \/>\nKraftaufwand, so dass diese Art zu gehen auch noch eine \u00adReserve f\u00fcr<br \/>\nunvorhergesehene Lagen aufbaut. Die Kr\u00e4fte bis zur Neige aufzuzehren kann im<br \/>\nExtremfall den sicheren Tod bedeuten &#8230;<\/p>\n<p>Die biografische Erz\u00e4hlung \u201eDer Berggeher\u201c setzt diesen Helden des stillen<br \/>\nAlpinismus ein Denkmal.<\/p>\n<p>104 Seiten.<br \/>\nExklusiv in Leinen.<\/p>","protected":false},"excerpt":{"rendered":"<p>Bergf\u00fchrer machten hundert Jahre lang den Menschen Gipfel und Grate zug\u00e4nglich, die sie allein nicht erreicht h\u00e4tten. Im Zeitalter des Rundum- Entertainments am Berg treten sie mehr und mehr in den Hintergrund. Sich wie Reinhold Messner zu inszenieren, w\u00e4re ihnen zuwider gewesen. Dennoch waren sie die allt\u00e4glichen Helden der Berge: die Bergf\u00fchrer der alten Schule. [&#8230;]\n","protected":false},"featured_media":180230,"template":"","meta":[],"product_brand":[],"product_cat":[21629],"product_tag":[],"class_list":{"0":"post-147379","1":"product","2":"type-product","3":"status-publish","4":"has-post-thumbnail","6":"product_cat-belletristik","7":"pa_autor-elfferding","8":"pa_erscheinungsjahr-21610","9":"pa_region-oesterreich","10":"pa_sprache-de","12":"first","13":"instock","14":"taxable","15":"shipping-taxable","16":"purchasable","17":"product-type-simple"},"_links":{"self":[{"href":"https:\/\/pizbube.ch\/en\/wp-json\/wp\/v2\/product\/147379","targetHints":{"allow":["GET"]}}],"collection":[{"href":"https:\/\/pizbube.ch\/en\/wp-json\/wp\/v2\/product"}],"about":[{"href":"https:\/\/pizbube.ch\/en\/wp-json\/wp\/v2\/types\/product"}],"wp:featuredmedia":[{"embeddable":true,"href":"https:\/\/pizbube.ch\/en\/wp-json\/wp\/v2\/media\/180230"}],"wp:attachment":[{"href":"https:\/\/pizbube.ch\/en\/wp-json\/wp\/v2\/media?parent=147379"}],"wp:term":[{"taxonomy":"product_brand","embeddable":true,"href":"https:\/\/pizbube.ch\/en\/wp-json\/wp\/v2\/product_brand?post=147379"},{"taxonomy":"product_cat","embeddable":true,"href":"https:\/\/pizbube.ch\/en\/wp-json\/wp\/v2\/product_cat?post=147379"},{"taxonomy":"product_tag","embeddable":true,"href":"https:\/\/pizbube.ch\/en\/wp-json\/wp\/v2\/product_tag?post=147379"}],"curies":[{"name":"wp","href":"https:\/\/api.w.org\/{rel}","templated":true}]}}