{"id":147380,"date":"2021-01-15T10:55:12","date_gmt":"2021-01-15T10:55:12","guid":{"rendered":"https:\/\/codengine3.ch\/?product=import-placeholder-for-206020"},"modified":"2021-01-15T14:45:46","modified_gmt":"2021-01-15T14:45:46","slug":"christian-klucker-erinnerungen-eines-bergfuehrers","status":"publish","type":"product","link":"https:\/\/pizbube.ch\/en\/shop\/christian-klucker-erinnerungen-eines-bergfuehrers\/","title":{"rendered":"Christian Klucker &#8211; Erinnerungen eines Bergf\u00fchrers"},"content":{"rendered":"<p>\nChristian Klucker ist die Lichtgestalt unter den grossen Schweizer<br \/>\nBergf\u00fchrern.<br \/>\nEr lebte in einer Zeit der Wende im Verh\u00e4ltnis zwischen F\u00fchrer und Gast, war<br \/>\nein selbstbewusster und erfolgreicher Alpinist, ein bescheidener Mensch mit<br \/>\nKultur und Stil, aber auch empfindsam und verletzlich, wenn seine Ehre auf dem<br \/>\nSpiel stand. Seine Autobiografie f\u00fcllt eine L\u00fccke in der Alpinen Literatur.  <\/p>\n<p>Ein Klassiker der Bergliteratur: Christian Klucker ist die Lichtgestalt unter<br \/>\nden grossen Schweizer Bergf\u00fchrern. Er lebte in einer Zeit der Wende im<br \/>\nVerh\u00e4ltnis zwischen F\u00fchrer und Gast, war ein selbstbewusster und erfolgreicher<br \/>\nAlpinist, ein bescheidener Mensch mit Kultur und Stil, aber auch empfindsam<br \/>\nund verletzlich, wenn seine Ehre auf dem Spiel stand. Seine Autobiografie<br \/>\nf\u00fcllt eine L\u00fccke in der Alpinen Literatur. Der Ton seiner Texte wechselt<br \/>\nzwischen akribisch genauem Bericht, humorvoller und dramatischer Erz\u00e4hlung mit<br \/>\nironischen Seitenhieben &#8211; und wird gelegentlich zum zornigen, oft auch<br \/>\nmelancholischen Klagelied eines hochsensiblen und einsamen Menschen.  <\/p>\n<p>Schreiben war f\u00fcr den Junggesellen Dokumentation, Reflexion, Rebellion und<br \/>\nTrauerarbeit zugleich. Schliesslich blieb das Werk unvollendet. Ernst Jenny,<br \/>\nAlpinliterat und Redaktor der Zeitschrift &#8218;Die Alpen&#8216; des Schweizer Alpen-<br \/>\nClubs, hat es kurz nach Kluckers Tod herausgegeben, mit einem ausf\u00fchrlichen<br \/>\nLebensbild und Briefen erg\u00e4nzt. Eine aktuelle Einf\u00fchrung hat der<br \/>\nSchriftsteller und Bergsteiger Emil Zopfi verfasst.  <\/p>","protected":false},"excerpt":{"rendered":"<p>Christian Klucker ist die Lichtgestalt unter den grossen Schweizer Bergf\u00fchrern. Er lebte in einer Zeit der Wende im Verh\u00e4ltnis zwischen F\u00fchrer und Gast, war ein selbstbewusster und erfolgreicher Alpinist, ein bescheidener Mensch mit Kultur und Stil, aber auch empfindsam und verletzlich, wenn seine Ehre auf dem Spiel stand. Seine Autobiografie f\u00fcllt eine L\u00fccke in der [&#8230;]\n","protected":false},"featured_media":34907,"template":"","meta":[],"product_brand":[],"product_cat":[21542],"product_tag":[],"class_list":{"0":"post-147380","1":"product","2":"type-product","3":"status-publish","4":"has-post-thumbnail","6":"product_cat-sachbuecher-dokumentationen","7":"pa_autor-klucker-zopfi","8":"pa_erscheinungsjahr-21830","9":"pa_region-schweiz","10":"pa_sprache-de","12":"first","13":"outofstock","14":"taxable","15":"shipping-taxable","16":"purchasable","17":"product-type-simple"},"_links":{"self":[{"href":"https:\/\/pizbube.ch\/en\/wp-json\/wp\/v2\/product\/147380","targetHints":{"allow":["GET"]}}],"collection":[{"href":"https:\/\/pizbube.ch\/en\/wp-json\/wp\/v2\/product"}],"about":[{"href":"https:\/\/pizbube.ch\/en\/wp-json\/wp\/v2\/types\/product"}],"wp:featuredmedia":[{"embeddable":true,"href":"https:\/\/pizbube.ch\/en\/wp-json\/wp\/v2\/media\/34907"}],"wp:attachment":[{"href":"https:\/\/pizbube.ch\/en\/wp-json\/wp\/v2\/media?parent=147380"}],"wp:term":[{"taxonomy":"product_brand","embeddable":true,"href":"https:\/\/pizbube.ch\/en\/wp-json\/wp\/v2\/product_brand?post=147380"},{"taxonomy":"product_cat","embeddable":true,"href":"https:\/\/pizbube.ch\/en\/wp-json\/wp\/v2\/product_cat?post=147380"},{"taxonomy":"product_tag","embeddable":true,"href":"https:\/\/pizbube.ch\/en\/wp-json\/wp\/v2\/product_tag?post=147380"}],"curies":[{"name":"wp","href":"https:\/\/api.w.org\/{rel}","templated":true}]}}