{"id":147382,"date":"2021-01-15T10:55:12","date_gmt":"2021-01-15T10:55:12","guid":{"rendered":"https:\/\/codengine3.ch\/?product=import-placeholder-for-204003"},"modified":"2021-01-15T14:28:46","modified_gmt":"2021-01-15T14:28:46","slug":"kandersteger-bergfuehrer","status":"publish","type":"product","link":"https:\/\/pizbube.ch\/en\/shop\/kandersteger-bergfuehrer\/","title":{"rendered":"Kandersteger Bergf\u00fchrer"},"content":{"rendered":"<p>In \u00fcber zweij\u00e4hriger Arbeit wurden \u00fcber 70 F\u00fchrerb\u00fccher der Kandersteger<br \/>\nBergf\u00fchrer bearbeitet. Das \u00e4lteste stammt aus dem Jahr 1856. Aus den<br \/>\nbeschriebenen Touren, darunter viele Erstbesteigungen, wurde versucht, den<br \/>\nCharakter und das Leben des Bergf\u00fchrers zu beschreiben. Ernste und heitere<br \/>\nErlebnisse werden wiedergegeben, die sonst nirgends in einem anderen Buch zu<br \/>\nfinden sind. 184 S.<\/p>","protected":false},"excerpt":{"rendered":"<p>In \u00fcber zweij\u00e4hriger Arbeit wurden \u00fcber 70 F\u00fchrerb\u00fccher der Kandersteger Bergf\u00fchrer bearbeitet. Das \u00e4lteste stammt aus dem Jahr 1856. Aus den beschriebenen Touren, darunter viele Erstbesteigungen, wurde versucht, den Charakter und das Leben des Bergf\u00fchrers zu beschreiben. Ernste und heitere Erlebnisse werden wiedergegeben, die sonst nirgends in einem anderen Buch zu finden sind. 184 S.<\/p>","protected":false},"featured_media":31734,"template":"","meta":[],"product_brand":[],"product_cat":[21542],"product_tag":[],"class_list":{"0":"post-147382","1":"product","2":"type-product","3":"status-publish","4":"has-post-thumbnail","6":"product_cat-sachbuecher-dokumentationen","7":"pa_autor-ogi","8":"pa_erscheinungsjahr-21750","9":"pa_region-schweiz","10":"pa_sprache-de","12":"first","13":"outofstock","14":"taxable","15":"shipping-taxable","16":"purchasable","17":"product-type-simple"},"_links":{"self":[{"href":"https:\/\/pizbube.ch\/en\/wp-json\/wp\/v2\/product\/147382","targetHints":{"allow":["GET"]}}],"collection":[{"href":"https:\/\/pizbube.ch\/en\/wp-json\/wp\/v2\/product"}],"about":[{"href":"https:\/\/pizbube.ch\/en\/wp-json\/wp\/v2\/types\/product"}],"wp:featuredmedia":[{"embeddable":true,"href":"https:\/\/pizbube.ch\/en\/wp-json\/wp\/v2\/media\/31734"}],"wp:attachment":[{"href":"https:\/\/pizbube.ch\/en\/wp-json\/wp\/v2\/media?parent=147382"}],"wp:term":[{"taxonomy":"product_brand","embeddable":true,"href":"https:\/\/pizbube.ch\/en\/wp-json\/wp\/v2\/product_brand?post=147382"},{"taxonomy":"product_cat","embeddable":true,"href":"https:\/\/pizbube.ch\/en\/wp-json\/wp\/v2\/product_cat?post=147382"},{"taxonomy":"product_tag","embeddable":true,"href":"https:\/\/pizbube.ch\/en\/wp-json\/wp\/v2\/product_tag?post=147382"}],"curies":[{"name":"wp","href":"https:\/\/api.w.org\/{rel}","templated":true}]}}