{"id":147383,"date":"2021-01-15T10:55:12","date_gmt":"2021-01-15T10:55:12","guid":{"rendered":"https:\/\/codengine3.ch\/?product=import-placeholder-for-204004"},"modified":"2021-01-15T14:28:46","modified_gmt":"2021-01-15T14:28:46","slug":"ein-rucksack-voller-erinnerungen","status":"publish","type":"product","link":"https:\/\/pizbube.ch\/en\/shop\/ein-rucksack-voller-erinnerungen\/","title":{"rendered":"Ein Rucksack voller Erinnerungen"},"content":{"rendered":"<p>Erinnerungen aus dem Leben eines Bergf\u00fchrers, Strahlers und Botanikers: Von<br \/>\nSteinschlag an der Bl\u00fcemlisalp \u00fcber Erlebnisse als Retter bis zu eine<br \/>\nspeziellen Skitour auf den Wildstrubel&#8230;<br \/>\n2. Auflg. 1991, 115 S.<\/p>","protected":false},"excerpt":{"rendered":"<p>Erinnerungen aus dem Leben eines Bergf\u00fchrers, Strahlers und Botanikers: Von Steinschlag an der Bl\u00fcemlisalp \u00fcber Erlebnisse als Retter bis zu eine speziellen Skitour auf den Wildstrubel&#8230; 2. Auflg. 1991, 115 S.<\/p>","protected":false},"featured_media":31735,"template":"","meta":[],"product_brand":[],"product_cat":[21542],"product_tag":[],"class_list":{"0":"post-147383","1":"product","2":"type-product","3":"status-publish","4":"has-post-thumbnail","6":"product_cat-sachbuecher-dokumentationen","7":"pa_autor-ogi","8":"pa_erscheinungsjahr-22154","9":"pa_region-schweiz","10":"pa_sprache-de","12":"first","13":"instock","14":"taxable","15":"shipping-taxable","16":"purchasable","17":"product-type-simple"},"_links":{"self":[{"href":"https:\/\/pizbube.ch\/en\/wp-json\/wp\/v2\/product\/147383","targetHints":{"allow":["GET"]}}],"collection":[{"href":"https:\/\/pizbube.ch\/en\/wp-json\/wp\/v2\/product"}],"about":[{"href":"https:\/\/pizbube.ch\/en\/wp-json\/wp\/v2\/types\/product"}],"wp:featuredmedia":[{"embeddable":true,"href":"https:\/\/pizbube.ch\/en\/wp-json\/wp\/v2\/media\/31735"}],"wp:attachment":[{"href":"https:\/\/pizbube.ch\/en\/wp-json\/wp\/v2\/media?parent=147383"}],"wp:term":[{"taxonomy":"product_brand","embeddable":true,"href":"https:\/\/pizbube.ch\/en\/wp-json\/wp\/v2\/product_brand?post=147383"},{"taxonomy":"product_cat","embeddable":true,"href":"https:\/\/pizbube.ch\/en\/wp-json\/wp\/v2\/product_cat?post=147383"},{"taxonomy":"product_tag","embeddable":true,"href":"https:\/\/pizbube.ch\/en\/wp-json\/wp\/v2\/product_tag?post=147383"}],"curies":[{"name":"wp","href":"https:\/\/api.w.org\/{rel}","templated":true}]}}